{"id":514,"date":"2020-08-26T17:35:09","date_gmt":"2020-08-26T15:35:09","guid":{"rendered":"https:\/\/cfobelgium.be\/mentions-legales\/"},"modified":"2020-09-07T11:42:39","modified_gmt":"2020-09-07T09:42:39","slug":"wettelijke-vermeldingen","status":"publish","type":"page","link":"https:\/\/cfobelgium.be\/nl\/wettelijke-vermeldingen\/","title":{"rendered":"Wettelijke vermeldingen"},"content":{"rendered":"\n<p>Wettelijke vermeldingen van de website\u00a0 <a href=\"https:\/\/cfobelgium.be\">www.cfobelgium.be<\/a> (de \u00ab<strong>Website<\/strong>\u00bb).\u00a0<\/p>\n\n\n\n<p><strong><strong>Verantwoordelijke van de Website\u00a0<\/strong><\/strong><\/p>\n\n\n\n<p>CFO Belgium BV\/SRL\u00a0<br>Besloten vennootschap (<em>soci\u00e9t\u00e9 \u00e0 responsabilit\u00e9 limit\u00e9e de droit belge<\/em>)\u00a0<br>Zetel: Van Volxemlaan, 302-304, postbus 4, B-1190 Brussel (Voorst), Belgi\u00eb<br>Kruispuntbank van Ondernemingen: 0550.696.219<br>Franstalige Rechtspersonenregister van Brussel<br>BTW BE0550.696.219\u00a0<\/p>\n\n\n\n<p>Contact : 0032 (0)2 899 79 95 <a href=\"mailto:secretariat@cfobelgium.be\" rel=\"nofollow\">secretariat@cfobelgium.be<\/a>&nbsp;<\/p>\n\n\n\n<p><strong><strong>Bescherming van persoonsgegevens<\/strong><\/strong><\/p>\n\n\n\n<p>Om onze <a href=\"https:\/\/cfobelgium.be\/nl\/privacybeleid\/\">privacybeleid<\/a> and <a href=\"https:\/\/cfobelgium.be\/nl\/cookiebeleid\/\">cookiebeleid<\/a> te raadplegen, gelieve de corresponderende web-links te willen volgen.\u00a0<\/p>\n\n\n\n<p><strong><strong>Intellectuele eigendomsrechten<\/strong><\/strong><\/p>\n\n\n\n<p>CFO Belgium is de exclusieve houder van de domeinnaam <a href=\"https:\/\/cfobelgium.be\">www.cfobelgium.be<\/a>.\u00a0<\/p>\n\n\n\n<p>&nbsp;De Website is exclusief eigendom van CFO Belgium, zoals in zijn geheel als in verband met elke onderdeel ervan (zijn afbeeldingen, teksten, datarepresentatie, logo\u2019s, foto\u2019s, tekenen, algemene presentatie, logische boomstructuren, enz.).&nbsp;<\/p>\n\n\n\n<p>Bijgevolg is ten strengste verboden het gebruik in de ruimste zin (inbegrepen en zonder beperking, het overdragen ervan, het downloaden of weergeven) van de Website of van een deel ervan, voor andere doeleinden dan persoonlijk en priv\u00e9gebruik voor niet-commerci\u00eble doeleinden.&nbsp;<\/p>\n\n\n\n<p>De merken evenals de tekeningen en modellen die op de site www.cfobelgium.be verschijnen zijn exclusief eigendom van CFO Belgium.\u00a0<\/p>\n\n\n\n<p><strong>Afwezigheid van garantie \u2013 Beperkte aansprakelijkheid&nbsp;<\/strong><\/p>\n\n\n\n<p>CFO Belgium biedt geen enkele waarborg, uitdrukkelijk of stilzwijgend, betreffende de werking de Website (inbegrepen, maar zonder beperking, m.b.t. zijn toegankelijkheid, onderhoud of het zich voordoen van andere informaticaproblemen), of de inhoud ervan, in het algemeen of een deel ervan (inbegrepen, maar zonder beperking, de juistheid van de gegevens die erop vermeld staan).&nbsp;<\/p>\n\n\n\n<p>CFO Belgium kan trouwens in geen enkel geval aansprakelijk worden gehouden voor enige schade (in de ruimste zin: rechtstreekse of onrechtstreekse, wat ook de oorzaak, oorsprong of aard ervan kan zijn), die uit de raadpleging of uit het gebruik van de Website voortvloeit.&nbsp;<\/p>\n\n\n\n<p><strong>Bedankt voor uw bezoek op onze Website.&nbsp;<\/strong><\/p>\n","protected":false},"excerpt":{"rendered":"<p>Wettelijke vermeldingen van de website\u00a0 www.cfobelgium.be (de \u00abWebsite\u00bb).\u00a0 Verantwoordelijke van de Website\u00a0 CFO Belgium BV\/SRL\u00a0Besloten vennootschap&#8230; <span class=\"moreLink\"><a href=\"https:\/\/cfobelgium.be\/nl\/wettelijke-vermeldingen\/\">+<\/a><\/span><\/p>\n","protected":false},"author":3,"featured_media":0,"parent":0,"menu_order":0,"comment_status":"closed","ping_status":"closed","template":"","meta":{"_acf_changed":false,"advgb_blocks_editor_width":"","advgb_blocks_columns_visual_guide":"","footnotes":""},"categories":[],"tags":[],"acf":[],"yoast_head":"<!-- This site is optimized with the Yoast SEO plugin v24.5 - https:\/\/yoast.com\/wordpress\/plugins\/seo\/ -->\n<title>Wettelijke vermeldingen - cfo<\/title>\n<meta name=\"robots\" content=\"index, follow, max-snippet:-1, max-image-preview:large, max-video-preview:-1\" \/>\n<link rel=\"canonical\" href=\"https:\/\/cfobelgium.be\/nl\/wettelijke-vermeldingen\/\" \/>\n<meta property=\"og:locale\" content=\"nl_NL\" \/>\n<meta property=\"og:type\" content=\"article\" \/>\n<meta property=\"og:title\" content=\"Wettelijke vermeldingen - cfo\" \/>\n<meta property=\"og:description\" content=\"Wettelijke vermeldingen van de website\u00a0 www.cfobelgium.be (de \u00abWebsite\u00bb).\u00a0 Verantwoordelijke van de Website\u00a0 CFO Belgium BV\/SRL\u00a0Besloten vennootschap... +\" \/>\n<meta property=\"og:url\" content=\"https:\/\/cfobelgium.be\/nl\/wettelijke-vermeldingen\/\" \/>\n<meta property=\"og:site_name\" content=\"cfo\" \/>\n<meta property=\"article:modified_time\" content=\"2020-09-07T09:42:39+00:00\" \/>\n<meta property=\"og:image\" content=\"https:\/\/cfobelgium.be\/wp-content\/uploads\/2020\/03\/cfo_fb-image.jpg\" \/>\n\t<meta property=\"og:image:width\" content=\"1200\" \/>\n\t<meta property=\"og:image:height\" content=\"630\" \/>\n\t<meta property=\"og:image:type\" content=\"image\/jpeg\" \/>\n<meta name=\"twitter:card\" content=\"summary_large_image\" \/>\n<meta name=\"twitter:label1\" content=\"Geschatte leestijd\" \/>\n\t<meta name=\"twitter:data1\" content=\"1 minuut\" \/>\n<script type=\"application\/ld+json\" class=\"yoast-schema-graph\">{\"@context\":\"https:\/\/schema.org\",\"@graph\":[{\"@type\":\"WebPage\",\"@id\":\"https:\/\/cfobelgium.be\/nl\/wettelijke-vermeldingen\/\",\"url\":\"https:\/\/cfobelgium.be\/nl\/wettelijke-vermeldingen\/\",\"name\":\"Wettelijke vermeldingen - cfo\",\"isPartOf\":{\"@id\":\"https:\/\/cfobelgium.be\/nl\/#website\"},\"datePublished\":\"2020-08-26T15:35:09+00:00\",\"dateModified\":\"2020-09-07T09:42:39+00:00\",\"breadcrumb\":{\"@id\":\"https:\/\/cfobelgium.be\/nl\/wettelijke-vermeldingen\/#breadcrumb\"},\"inLanguage\":\"nl-NL\",\"potentialAction\":[{\"@type\":\"ReadAction\",\"target\":[\"https:\/\/cfobelgium.be\/nl\/wettelijke-vermeldingen\/\"]}]},{\"@type\":\"BreadcrumbList\",\"@id\":\"https:\/\/cfobelgium.be\/nl\/wettelijke-vermeldingen\/#breadcrumb\",\"itemListElement\":[{\"@type\":\"ListItem\",\"position\":1,\"name\":\"Accueil\",\"item\":\"https:\/\/cfobelgium.be\/nl\/\"},{\"@type\":\"ListItem\",\"position\":2,\"name\":\"Wettelijke vermeldingen\"}]},{\"@type\":\"WebSite\",\"@id\":\"https:\/\/cfobelgium.be\/nl\/#website\",\"url\":\"https:\/\/cfobelgium.be\/nl\/\",\"name\":\"cfo\",\"description\":\"Comptabilit\u00e9 - fiscalit\u00e9\",\"potentialAction\":[{\"@type\":\"SearchAction\",\"target\":{\"@type\":\"EntryPoint\",\"urlTemplate\":\"https:\/\/cfobelgium.be\/nl\/?s={search_term_string}\"},\"query-input\":{\"@type\":\"PropertyValueSpecification\",\"valueRequired\":true,\"valueName\":\"search_term_string\"}}],\"inLanguage\":\"nl-NL\"}]}<\/script>\n<!-- \/ Yoast SEO plugin. -->","yoast_head_json":{"title":"Wettelijke vermeldingen - cfo","robots":{"index":"index","follow":"follow","max-snippet":"max-snippet:-1","max-image-preview":"max-image-preview:large","max-video-preview":"max-video-preview:-1"},"canonical":"https:\/\/cfobelgium.be\/nl\/wettelijke-vermeldingen\/","og_locale":"nl_NL","og_type":"article","og_title":"Wettelijke vermeldingen - cfo","og_description":"Wettelijke vermeldingen van de website\u00a0 www.cfobelgium.be (de \u00abWebsite\u00bb).\u00a0 Verantwoordelijke van de Website\u00a0 CFO Belgium BV\/SRL\u00a0Besloten vennootschap... +","og_url":"https:\/\/cfobelgium.be\/nl\/wettelijke-vermeldingen\/","og_site_name":"cfo","article_modified_time":"2020-09-07T09:42:39+00:00","og_image":[{"width":1200,"height":630,"url":"https:\/\/cfobelgium.be\/wp-content\/uploads\/2020\/03\/cfo_fb-image.jpg","type":"image\/jpeg"}],"twitter_card":"summary_large_image","twitter_misc":{"Geschatte leestijd":"1 minuut"},"schema":{"@context":"https:\/\/schema.org","@graph":[{"@type":"WebPage","@id":"https:\/\/cfobelgium.be\/nl\/wettelijke-vermeldingen\/","url":"https:\/\/cfobelgium.be\/nl\/wettelijke-vermeldingen\/","name":"Wettelijke vermeldingen - cfo","isPartOf":{"@id":"https:\/\/cfobelgium.be\/nl\/#website"},"datePublished":"2020-08-26T15:35:09+00:00","dateModified":"2020-09-07T09:42:39+00:00","breadcrumb":{"@id":"https:\/\/cfobelgium.be\/nl\/wettelijke-vermeldingen\/#breadcrumb"},"inLanguage":"nl-NL","potentialAction":[{"@type":"ReadAction","target":["https:\/\/cfobelgium.be\/nl\/wettelijke-vermeldingen\/"]}]},{"@type":"BreadcrumbList","@id":"https:\/\/cfobelgium.be\/nl\/wettelijke-vermeldingen\/#breadcrumb","itemListElement":[{"@type":"ListItem","position":1,"name":"Accueil","item":"https:\/\/cfobelgium.be\/nl\/"},{"@type":"ListItem","position":2,"name":"Wettelijke vermeldingen"}]},{"@type":"WebSite","@id":"https:\/\/cfobelgium.be\/nl\/#website","url":"https:\/\/cfobelgium.be\/nl\/","name":"cfo","description":"Comptabilit\u00e9 - fiscalit\u00e9","potentialAction":[{"@type":"SearchAction","target":{"@type":"EntryPoint","urlTemplate":"https:\/\/cfobelgium.be\/nl\/?s={search_term_string}"},"query-input":{"@type":"PropertyValueSpecification","valueRequired":true,"valueName":"search_term_string"}}],"inLanguage":"nl-NL"}]}},"coauthors":[],"author_meta":{"author_link":"https:\/\/cfobelgium.be\/nl\/author\/fab\/","display_name":"Fabien Fauchet"},"relative_dates":{"created":"Geplaatst 6 jaar geleden","modified":"Bijgewerkt 6 jaar geleden"},"absolute_dates":{"created":"Geplaatst op 26 augustus 2020","modified":"Bijgewerkt op 7 september 2020"},"absolute_dates_time":{"created":"Geplaatst op 26 augustus 2020 17:35","modified":"Bijgewerkt op 7 september 2020 11:42"},"featured_img_caption":"","featured_img":false,"series_order":"","jetpack_sharing_enabled":true,"_links":{"self":[{"href":"https:\/\/cfobelgium.be\/nl\/wp-json\/wp\/v2\/pages\/514"}],"collection":[{"href":"https:\/\/cfobelgium.be\/nl\/wp-json\/wp\/v2\/pages"}],"about":[{"href":"https:\/\/cfobelgium.be\/nl\/wp-json\/wp\/v2\/types\/page"}],"author":[{"embeddable":true,"href":"https:\/\/cfobelgium.be\/nl\/wp-json\/wp\/v2\/users\/3"}],"replies":[{"embeddable":true,"href":"https:\/\/cfobelgium.be\/nl\/wp-json\/wp\/v2\/comments?post=514"}],"version-history":[{"count":3,"href":"https:\/\/cfobelgium.be\/nl\/wp-json\/wp\/v2\/pages\/514\/revisions"}],"predecessor-version":[{"id":524,"href":"https:\/\/cfobelgium.be\/nl\/wp-json\/wp\/v2\/pages\/514\/revisions\/524"}],"wp:attachment":[{"href":"https:\/\/cfobelgium.be\/nl\/wp-json\/wp\/v2\/media?parent=514"}],"wp:term":[{"taxonomy":"category","embeddable":true,"href":"https:\/\/cfobelgium.be\/nl\/wp-json\/wp\/v2\/categories?post=514"},{"taxonomy":"post_tag","embeddable":true,"href":"https:\/\/cfobelgium.be\/nl\/wp-json\/wp\/v2\/tags?post=514"}],"curies":[{"name":"wp","href":"https:\/\/api.w.org\/{rel}","templated":true}]}}