{"id":226,"date":"2020-03-07T14:42:13","date_gmt":"2020-03-07T13:42:13","guid":{"rendered":"https:\/\/cfobelgium.be\/diensten\/assistance-administrative-externalisee\/"},"modified":"2020-03-25T11:47:28","modified_gmt":"2020-03-25T10:47:28","slug":"administratieve-bijstand","status":"publish","type":"page","link":"https:\/\/cfobelgium.be\/nl\/diensten\/administratieve-bijstand\/","title":{"rendered":"Administratieve bijstand"},"content":{"rendered":"\n<p>Externe administratieve bijstand voor het beheer van occasionele of terugkerende taken.&nbsp; <strong><em>Uw administratieve beheer vereenvoudigd. <\/em><\/strong><\/p>\n\n\n\n<h2 class=\"wp-block-heading\">Uiteenlopende administratieve diensten&nbsp; <\/h2>\n\n\n\n<p>De administratieve activiteiten van uw onderneming vergen effici\u00ebntie, nauwgezetheid en organisatie. CFO Belgium stelt een persoon tot uw beschikking op wie u in alle omstandigheden kunt rekenen. Met of zonder domicili\u00ebring binnen onze structuur ontlast uw administratieve hulp u van occasionele of terugkerende taken die onontbeerlijk zijn voor het goede verloop van uw activiteiten.&nbsp; &nbsp; <\/p>\n\n\n\n<h3 class=\"wp-block-heading\"> Administratieve taken&nbsp; <\/h3>\n\n\n\n<ul><li>Opstelling, verzending en opvolging van de post<\/li><li>Beheer van KYC-dossiers (Know Your Customer)<\/li><li>Organisatie van vergaderingen, opstelling van verslagen en bijhouden van plannings<\/li><li>Vervullen van wettelijke formaliteiten, zoals het bijhouden van de UBO-registers<\/li><li>Co\u00f6rdinatie en ondersteuning voor derdenprestaties&nbsp;<\/li><\/ul>\n\n\n\n<p>Tot het vervullen van de wettelijke formaliteiten in het kader van administratieve bijstand behoort niet de invoer van de boekhoudkundige gegevens. Deze activiteit valt onder een gereglementeerd beroep en moet worden uitgevoerd door een erkende boekhouder. CFO Belgium stelt accountants ter beschikking voor uw hele boekhouding.\u00a0 <\/p>\n\n\n\n<div class=\"wp-block-advgb-button aligncenter\"><a class=\"wp-block-advgb-button_link advgbbtn-a6827658-b705-42a8-ba50-6a7b9046116c\" href=\"https:\/\/cfobelgium.be\/nl\/diensten\/boekhouding-en-fiscaliteit\/\" target=\"_blank\" rel=\"noopener noreferrer\">Zie onze diensten boekhouding en fiscaliteit van ondernemingen<\/a><\/div>\n\n\n\n<h2 class=\"wp-block-heading\">De voordelen van outsourcing&nbsp; <\/h2>\n\n\n\n<p>Outsourcing van een deel van uw secretariaatswerk ontlast u van administratieve taken en biedt heel wat voordelen.<\/p>\n\n\n\n<ul><li>U kunt een groot of minder groot volume werk toevertrouwen aan CFO Belgium. U bepaalt zelf wat nodig is voor uw activiteit. Dankzij deze <strong>flexibiliteit <\/strong>kunt u met een gerust gemoed rustige en drukke periodes op administratief vlak tegemoetzien.\u00a0 <\/li><li><\/li><\/ul>\n\n\n\n<ul><li>Administratieve taken zijn onmisbaar voor een vlot verloop van uw activiteiten, maar kunnen snel heel wat tijd in beslag nemen. Door deze taken te outsourcen, heeft u de waarborg dat alles in orde is, zonder dat u zich zorgen hoeft te maken. Deze <strong>gemoedsrust <\/strong>is des te groter omdat u erop kunt rekenen dat alles met de grootste vertrouwelijkheid gebeurt.\u00a0<br><\/li><\/ul>\n\n\n\n<figure class=\"wp-block-gallery columns-2 is-cropped wp-block-gallery-1\"><ul class=\"blocks-gallery-grid\"><li class=\"blocks-gallery-item\"><figure><a href=\"https:\/\/cfobelgium.be\/wp-content\/uploads\/2020\/03\/ADE_3275BD_DxO-1024x682.jpg\"><img loading=\"lazy\" decoding=\"async\" width=\"1024\" height=\"682\" src=\"https:\/\/cfobelgium.be\/wp-content\/uploads\/2020\/03\/ADE_3275BD_DxO-1024x682.jpg\" alt=\"\" data-id=\"197\" data-link=\"https:\/\/cfobelgium.be\/services\/assistance-administrative-externalisee\/ade_3275bd_dxo\/\" class=\"wp-image-197\" srcset=\"https:\/\/cfobelgium.be\/wp-content\/uploads\/2020\/03\/ADE_3275BD_DxO-1024x682.jpg 1024w, https:\/\/cfobelgium.be\/wp-content\/uploads\/2020\/03\/ADE_3275BD_DxO-300x200.jpg 300w, https:\/\/cfobelgium.be\/wp-content\/uploads\/2020\/03\/ADE_3275BD_DxO-768x512.jpg 768w, https:\/\/cfobelgium.be\/wp-content\/uploads\/2020\/03\/ADE_3275BD_DxO-400x267.jpg 400w, https:\/\/cfobelgium.be\/wp-content\/uploads\/2020\/03\/ADE_3275BD_DxO-500x333.jpg 500w, https:\/\/cfobelgium.be\/wp-content\/uploads\/2020\/03\/ADE_3275BD_DxO.jpg 1400w\" sizes=\"(max-width: 1024px) 100vw, 1024px\" \/><\/a><\/figure><\/li><li class=\"blocks-gallery-item\"><figure><a href=\"https:\/\/cfobelgium.be\/wp-content\/uploads\/2020\/03\/ADE_3169BD_DxO.jpg\"><img loading=\"lazy\" decoding=\"async\" width=\"1024\" height=\"682\" src=\"https:\/\/cfobelgium.be\/wp-content\/uploads\/2020\/03\/ADE_3169BD_DxO-1024x682.jpg\" alt=\"\" data-id=\"201\" data-full-url=\"https:\/\/cfobelgium.be\/wp-content\/uploads\/2020\/03\/ADE_3169BD_DxO.jpg\" data-link=\"https:\/\/cfobelgium.be\/services\/assistance-administrative-externalisee\/ade_3169bd_dxo\/\" class=\"wp-image-201 is-layout-flex wp-block-gallery-is-layout-flex\" srcset=\"https:\/\/cfobelgium.be\/wp-content\/uploads\/2020\/03\/ADE_3169BD_DxO-1024x682.jpg 1024w, https:\/\/cfobelgium.be\/wp-content\/uploads\/2020\/03\/ADE_3169BD_DxO-300x200.jpg 300w, https:\/\/cfobelgium.be\/wp-content\/uploads\/2020\/03\/ADE_3169BD_DxO-768x512.jpg 768w, https:\/\/cfobelgium.be\/wp-content\/uploads\/2020\/03\/ADE_3169BD_DxO-400x267.jpg 400w, https:\/\/cfobelgium.be\/wp-content\/uploads\/2020\/03\/ADE_3169BD_DxO-500x333.jpg 500w, https:\/\/cfobelgium.be\/wp-content\/uploads\/2020\/03\/ADE_3169BD_DxO.jpg 1400w\" sizes=\"(max-width: 1024px) 100vw, 1024px\" \/><\/a><\/figure><\/li><\/ul><\/figure>\n\n\n\n<div class=\"wp-block-advgb-button aligncenter\"><a class=\"wp-block-advgb-button_link advgbbtn-b3e850c8-b960-46a6-af48-31b5c3f1e892\" href=\"https:\/\/cfobelgium.be\/nl\/contact\/\" target=\"_self\" rel=\"noopener noreferrer\">Afspreken met CFO Belgium<\/a><\/div>\n<style class=\"advgb-styles-renderer\">.advgbbtn-a6827658-b705-42a8-ba50-6a7b9046116c{font-size:18px;color:#fff !important;background-color:#274856 !important;margin:20px 0px 20px 0px !important;padding:10px 30px 10px 30px;border-width:1px !important;border-style:none;border-radius:50px !important;}.advgbbtn-a6827658-b705-42a8-ba50-6a7b9046116c:hover{background-color:#cf2e2e !important;box-shadow:1px 1px 12px 0px #ccc;opacity:1;transition:all 0.2s ease;}.advgbbtn-a6827658-b705-42a8-ba50-6a7b9046116c > i {display: none !important;}.advgbbtn-b3e850c8-b960-46a6-af48-31b5c3f1e892{font-size:18px;color:#fff !important;background-color:#274856 !important;margin:20px 0px 20px 0px !important;padding:10px 30px 10px 30px;border-width:1px !important;border-style:none;border-radius:50px !important;}.advgbbtn-b3e850c8-b960-46a6-af48-31b5c3f1e892:hover{color:#eeeeee !important;background-color:#cf2e2e !important;box-shadow:1px 1px 12px 0px #ccc;opacity:1;transition:all 0.2s ease;}.advgbbtn-b3e850c8-b960-46a6-af48-31b5c3f1e892 > i {display: none !important;}<\/style>","protected":false},"excerpt":{"rendered":"<p>Administratieve formaliteiten, praktische organisatie en opvolging van vergaderingen, afhandeling van offici\u00eble documenten. Nauwgezette uitvoering en opvolging. Vertrouwelijke behandeling van elke prestatie.<\/p>\n","protected":false},"author":3,"featured_media":150,"parent":170,"menu_order":0,"comment_status":"closed","ping_status":"closed","template":"page-category.php","meta":{"_acf_changed":false,"advgb_blocks_editor_width":"","advgb_blocks_columns_visual_guide":"","footnotes":""},"categories":[7],"tags":[],"acf":[],"yoast_head":"<!-- This site is optimized with the Yoast SEO plugin v24.5 - https:\/\/yoast.com\/wordpress\/plugins\/seo\/ -->\n<title>Administratieve bijstand - cfo<\/title>\n<meta name=\"robots\" content=\"index, follow, max-snippet:-1, max-image-preview:large, max-video-preview:-1\" \/>\n<link rel=\"canonical\" href=\"https:\/\/cfobelgium.be\/nl\/diensten\/administratieve-bijstand\/\" \/>\n<meta property=\"og:locale\" content=\"nl_NL\" \/>\n<meta property=\"og:type\" content=\"article\" \/>\n<meta property=\"og:title\" content=\"Administratieve bijstand - cfo\" \/>\n<meta property=\"og:description\" content=\"Administratieve formaliteiten, praktische organisatie en opvolging van vergaderingen, afhandeling van offici\u00eble documenten. Nauwgezette uitvoering en opvolging. Vertrouwelijke behandeling van elke prestatie.\" \/>\n<meta property=\"og:url\" content=\"https:\/\/cfobelgium.be\/nl\/diensten\/administratieve-bijstand\/\" \/>\n<meta property=\"og:site_name\" content=\"cfo\" \/>\n<meta property=\"article:modified_time\" content=\"2020-03-25T10:47:28+00:00\" \/>\n<meta property=\"og:image\" content=\"https:\/\/cfobelgium.be\/wp-content\/uploads\/2020\/03\/ADE_3235BD_DxO.jpg\" \/>\n\t<meta property=\"og:image:width\" content=\"1400\" \/>\n\t<meta property=\"og:image:height\" content=\"933\" \/>\n\t<meta property=\"og:image:type\" content=\"image\/jpeg\" \/>\n<meta name=\"twitter:card\" content=\"summary_large_image\" \/>\n<meta name=\"twitter:label1\" content=\"Geschatte leestijd\" \/>\n\t<meta name=\"twitter:data1\" content=\"1 minuut\" \/>\n<script type=\"application\/ld+json\" class=\"yoast-schema-graph\">{\"@context\":\"https:\/\/schema.org\",\"@graph\":[{\"@type\":\"WebPage\",\"@id\":\"https:\/\/cfobelgium.be\/nl\/diensten\/administratieve-bijstand\/\",\"url\":\"https:\/\/cfobelgium.be\/nl\/diensten\/administratieve-bijstand\/\",\"name\":\"Administratieve bijstand - cfo\",\"isPartOf\":{\"@id\":\"https:\/\/cfobelgium.be\/nl\/#website\"},\"primaryImageOfPage\":{\"@id\":\"https:\/\/cfobelgium.be\/nl\/diensten\/administratieve-bijstand\/#primaryimage\"},\"image\":{\"@id\":\"https:\/\/cfobelgium.be\/nl\/diensten\/administratieve-bijstand\/#primaryimage\"},\"thumbnailUrl\":\"https:\/\/cfobelgium.be\/wp-content\/uploads\/2020\/03\/ADE_3235BD_DxO.jpg\",\"datePublished\":\"2020-03-07T13:42:13+00:00\",\"dateModified\":\"2020-03-25T10:47:28+00:00\",\"breadcrumb\":{\"@id\":\"https:\/\/cfobelgium.be\/nl\/diensten\/administratieve-bijstand\/#breadcrumb\"},\"inLanguage\":\"nl-NL\",\"potentialAction\":[{\"@type\":\"ReadAction\",\"target\":[\"https:\/\/cfobelgium.be\/nl\/diensten\/administratieve-bijstand\/\"]}]},{\"@type\":\"ImageObject\",\"inLanguage\":\"nl-NL\",\"@id\":\"https:\/\/cfobelgium.be\/nl\/diensten\/administratieve-bijstand\/#primaryimage\",\"url\":\"https:\/\/cfobelgium.be\/wp-content\/uploads\/2020\/03\/ADE_3235BD_DxO.jpg\",\"contentUrl\":\"https:\/\/cfobelgium.be\/wp-content\/uploads\/2020\/03\/ADE_3235BD_DxO.jpg\",\"width\":1400,\"height\":933,\"caption\":\"CFO Belgium, assistance administrative externalis\u00e9e pour les entreprises domicili\u00e9es ou non \u00e0 Bruxelles\"},{\"@type\":\"BreadcrumbList\",\"@id\":\"https:\/\/cfobelgium.be\/nl\/diensten\/administratieve-bijstand\/#breadcrumb\",\"itemListElement\":[{\"@type\":\"ListItem\",\"position\":1,\"name\":\"Accueil\",\"item\":\"https:\/\/cfobelgium.be\/nl\/\"},{\"@type\":\"ListItem\",\"position\":2,\"name\":\"Financi\u00eble en administratieve diensten\",\"item\":\"https:\/\/cfobelgium.be\/nl\/diensten\/\"},{\"@type\":\"ListItem\",\"position\":3,\"name\":\"Administratieve bijstand\"}]},{\"@type\":\"WebSite\",\"@id\":\"https:\/\/cfobelgium.be\/nl\/#website\",\"url\":\"https:\/\/cfobelgium.be\/nl\/\",\"name\":\"cfo\",\"description\":\"Comptabilit\u00e9 - fiscalit\u00e9\",\"potentialAction\":[{\"@type\":\"SearchAction\",\"target\":{\"@type\":\"EntryPoint\",\"urlTemplate\":\"https:\/\/cfobelgium.be\/nl\/?s={search_term_string}\"},\"query-input\":{\"@type\":\"PropertyValueSpecification\",\"valueRequired\":true,\"valueName\":\"search_term_string\"}}],\"inLanguage\":\"nl-NL\"}]}<\/script>\n<!-- \/ Yoast SEO plugin. -->","yoast_head_json":{"title":"Administratieve bijstand - cfo","robots":{"index":"index","follow":"follow","max-snippet":"max-snippet:-1","max-image-preview":"max-image-preview:large","max-video-preview":"max-video-preview:-1"},"canonical":"https:\/\/cfobelgium.be\/nl\/diensten\/administratieve-bijstand\/","og_locale":"nl_NL","og_type":"article","og_title":"Administratieve bijstand - cfo","og_description":"Administratieve formaliteiten, praktische organisatie en opvolging van vergaderingen, afhandeling van offici\u00eble documenten. Nauwgezette uitvoering en opvolging. Vertrouwelijke behandeling van elke prestatie.","og_url":"https:\/\/cfobelgium.be\/nl\/diensten\/administratieve-bijstand\/","og_site_name":"cfo","article_modified_time":"2020-03-25T10:47:28+00:00","og_image":[{"width":1400,"height":933,"url":"https:\/\/cfobelgium.be\/wp-content\/uploads\/2020\/03\/ADE_3235BD_DxO.jpg","type":"image\/jpeg"}],"twitter_card":"summary_large_image","twitter_misc":{"Geschatte leestijd":"1 minuut"},"schema":{"@context":"https:\/\/schema.org","@graph":[{"@type":"WebPage","@id":"https:\/\/cfobelgium.be\/nl\/diensten\/administratieve-bijstand\/","url":"https:\/\/cfobelgium.be\/nl\/diensten\/administratieve-bijstand\/","name":"Administratieve bijstand - cfo","isPartOf":{"@id":"https:\/\/cfobelgium.be\/nl\/#website"},"primaryImageOfPage":{"@id":"https:\/\/cfobelgium.be\/nl\/diensten\/administratieve-bijstand\/#primaryimage"},"image":{"@id":"https:\/\/cfobelgium.be\/nl\/diensten\/administratieve-bijstand\/#primaryimage"},"thumbnailUrl":"https:\/\/cfobelgium.be\/wp-content\/uploads\/2020\/03\/ADE_3235BD_DxO.jpg","datePublished":"2020-03-07T13:42:13+00:00","dateModified":"2020-03-25T10:47:28+00:00","breadcrumb":{"@id":"https:\/\/cfobelgium.be\/nl\/diensten\/administratieve-bijstand\/#breadcrumb"},"inLanguage":"nl-NL","potentialAction":[{"@type":"ReadAction","target":["https:\/\/cfobelgium.be\/nl\/diensten\/administratieve-bijstand\/"]}]},{"@type":"ImageObject","inLanguage":"nl-NL","@id":"https:\/\/cfobelgium.be\/nl\/diensten\/administratieve-bijstand\/#primaryimage","url":"https:\/\/cfobelgium.be\/wp-content\/uploads\/2020\/03\/ADE_3235BD_DxO.jpg","contentUrl":"https:\/\/cfobelgium.be\/wp-content\/uploads\/2020\/03\/ADE_3235BD_DxO.jpg","width":1400,"height":933,"caption":"CFO Belgium, assistance administrative externalis\u00e9e pour les entreprises domicili\u00e9es ou non \u00e0 Bruxelles"},{"@type":"BreadcrumbList","@id":"https:\/\/cfobelgium.be\/nl\/diensten\/administratieve-bijstand\/#breadcrumb","itemListElement":[{"@type":"ListItem","position":1,"name":"Accueil","item":"https:\/\/cfobelgium.be\/nl\/"},{"@type":"ListItem","position":2,"name":"Financi\u00eble en administratieve diensten","item":"https:\/\/cfobelgium.be\/nl\/diensten\/"},{"@type":"ListItem","position":3,"name":"Administratieve bijstand"}]},{"@type":"WebSite","@id":"https:\/\/cfobelgium.be\/nl\/#website","url":"https:\/\/cfobelgium.be\/nl\/","name":"cfo","description":"Comptabilit\u00e9 - fiscalit\u00e9","potentialAction":[{"@type":"SearchAction","target":{"@type":"EntryPoint","urlTemplate":"https:\/\/cfobelgium.be\/nl\/?s={search_term_string}"},"query-input":{"@type":"PropertyValueSpecification","valueRequired":true,"valueName":"search_term_string"}}],"inLanguage":"nl-NL"}]}},"coauthors":[],"author_meta":{"author_link":"https:\/\/cfobelgium.be\/nl\/author\/fab\/","display_name":"Fabien Fauchet"},"relative_dates":{"created":"Geplaatst 6 jaar geleden","modified":"Bijgewerkt 6 jaar geleden"},"absolute_dates":{"created":"Geplaatst op 7 maart 2020","modified":"Bijgewerkt op 25 maart 2020"},"absolute_dates_time":{"created":"Geplaatst op 7 maart 2020 14:42","modified":"Bijgewerkt op 25 maart 2020 11:47"},"featured_img_caption":"","featured_img":"https:\/\/cfobelgium.be\/wp-content\/uploads\/2020\/03\/ADE_3235BD_DxO.jpg","series_order":"","jetpack_sharing_enabled":true,"_links":{"self":[{"href":"https:\/\/cfobelgium.be\/nl\/wp-json\/wp\/v2\/pages\/226"}],"collection":[{"href":"https:\/\/cfobelgium.be\/nl\/wp-json\/wp\/v2\/pages"}],"about":[{"href":"https:\/\/cfobelgium.be\/nl\/wp-json\/wp\/v2\/types\/page"}],"author":[{"embeddable":true,"href":"https:\/\/cfobelgium.be\/nl\/wp-json\/wp\/v2\/users\/3"}],"replies":[{"embeddable":true,"href":"https:\/\/cfobelgium.be\/nl\/wp-json\/wp\/v2\/comments?post=226"}],"version-history":[{"count":6,"href":"https:\/\/cfobelgium.be\/nl\/wp-json\/wp\/v2\/pages\/226\/revisions"}],"predecessor-version":[{"id":339,"href":"https:\/\/cfobelgium.be\/nl\/wp-json\/wp\/v2\/pages\/226\/revisions\/339"}],"up":[{"embeddable":true,"href":"https:\/\/cfobelgium.be\/nl\/wp-json\/wp\/v2\/pages\/170"}],"wp:featuredmedia":[{"embeddable":true,"href":"https:\/\/cfobelgium.be\/nl\/wp-json\/wp\/v2\/media\/150"}],"wp:attachment":[{"href":"https:\/\/cfobelgium.be\/nl\/wp-json\/wp\/v2\/media?parent=226"}],"wp:term":[{"taxonomy":"category","embeddable":true,"href":"https:\/\/cfobelgium.be\/nl\/wp-json\/wp\/v2\/categories?post=226"},{"taxonomy":"post_tag","embeddable":true,"href":"https:\/\/cfobelgium.be\/nl\/wp-json\/wp\/v2\/tags?post=226"}],"curies":[{"name":"wp","href":"https:\/\/api.w.org\/{rel}","templated":true}]}}