{"id":175,"date":"2020-03-07T14:41:11","date_gmt":"2020-03-07T13:41:11","guid":{"rendered":"https:\/\/cfobelgium.be\/services-financiers-et-administratifs\/comptabilite-et-fiscalite-des-entreprises\/"},"modified":"2020-09-11T14:27:42","modified_gmt":"2020-09-11T12:27:42","slug":"boekhouding-en-fiscaliteit","status":"publish","type":"page","link":"https:\/\/cfobelgium.be\/nl\/diensten\/boekhouding-en-fiscaliteit\/","title":{"rendered":"Boekhouding en fiscaliteit"},"content":{"rendered":"\n<p><strong><em>Boekhoudkundige en fiscale oplossingen voor optimale resultaten&nbsp; <\/em><\/strong><\/p>\n\n\n\n<h2 class=\"wp-block-heading\">Boekhouding en boekhoudkundig beheer&nbsp; <\/h2>\n\n\n\n<p>Het bijhouden en organiseren van uw boekhouding zijn essentieel voor uw activiteit. CFO Belgium is uw vertrouwenspartner die de taken in verband met uw boekhouding&nbsp;verricht&nbsp;en de optimalisering van uw boekhoudkundige beheert.<\/p>\n\n\n\n<p>Boekhoudkundige en fiscale diensten die een beroepserkenning vereisen, worden binnen de groep CFO Belgium uitgevoerd door beroepsbeoefenaars die in Belgi\u00eb naar behoren erkend zijn voor het verlenen van dergelijke diensten (nl. Administration T&amp;A SRL\/BV, beroepserkenning BIBF n\u00b070441905)\u201d.<\/p>\n\n\n\n<h3 class=\"wp-block-heading\"> Wettelijke boekhoudkundige formaliteiten\u00a0 \u00a0<\/h3>\n\n\n\n<ul><li>Verwerking en analyse van boekhoudkundige stukken<\/li><li>Opstelling (of verificatie) en indiening van de jaarrekening met bijlagen in NBB-formaat \u2026<\/li><li>Voorbereiding van de financi\u00eble verslagen (jaarverslag, bijzonder verslag van het bestuur i.v.m. inbrengen in natura, fusies, splitsingen, enz.)<\/li><li>Voorbereiding van tussentijdse financi\u00eble overzichten<\/li><\/ul>\n\n\n\n<h3 class=\"wp-block-heading\">Boekhouding als beleidsinstrument <\/h3>\n\n\n\n<ul><li>Strategie ter verbetering van boekhoudkundige situatie en beheer\u00a0 <\/li><li>Opstelling van rapporten en overzichten\u00a0 <\/li><li>Voorbereiding van businessplan<\/li><li>Boekhoudkundige verwerking van operationele activiteiten en van buitengewone activiteiten (herstructurering, enz.)<\/li><\/ul>\n\n\n\n<h2 class=\"wp-block-heading\">Fiscale formaliteiten en fiscale optimalisering\u00a0<\/h2>\n\n\n\n<p>Het welslagen van uw activiteit hangt deels af van een nauwgezet beheer en het gepersonaliseerde advies dat u op fiscaal gebied krijgt. CFO Belgium is uw bevoorrechte partner voor advies met kennis van zaken en concrete oplossingen. Steun op de expertise van onze fiscalisten om uw fiscale situatie blijvend te verbeteren.&nbsp; <\/p>\n\n\n\n<h3 class=\"wp-block-heading\">Fiscale formaliteiten<\/h3>\n\n\n\n<ul><li>Belastingformaliteiten: belastingaangiften, roerende voorheffing, voorafbetalingen, fiscale fiches&#8230;&nbsp; <\/li><li>Btw-formaliteiten: inschrijving, periodieke aangiften, klantenlijsten, intracommunautaire opgaven, verklaring van stopzetting van activiteiten&#8230;&nbsp; <\/li><li>Vertegenwoordiging en verdediging van de onderneming bij belastingcontrole.&nbsp;<\/li><\/ul>\n\n\n\n<h3 class=\"wp-block-heading\"> Fiscale optimalisering en fiscaal advies<\/h3>\n\n\n\n<ul><li>Fiscaal advies tijdens de hele levenscyclus van de onderneming: oprichting, fusie, splitsing, opening van dochtervennootschap, overdracht van onderneming of activiteit.&nbsp; <\/li><li>Fiscale planning: aftrekbaarheid, bezoldigingen, belastbare en niet-belastbare voordelen.&nbsp; <\/li><li>Structurering van het vermogen: vermogens- en financi\u00eble strategie.&nbsp;<\/li><\/ul>\n\n\n\n<h2 class=\"wp-block-heading\">Een structuur op mensenmaat, een enkel aanspreekpunt&nbsp; <\/h2>\n\n\n\n<p>Het team van CFO Belgium beheert een portefeuille van klanten die zowel nationaal als internationaal actief zijn. Om u gepersonaliseerd advies te kunnen geven, kiezen wij bewust voor een familiale structuur. Anders gezegd, een structuur waarin u zeker bent van een enkele contactpersoon die uw boekhoudkundige en fiscale situatie perfect kent. Een vertrouwenspersoon die met u in interactie treedt om het voortbestaan en de rentabiliteit van uw activiteiten te verbeteren.&nbsp;  <\/p>\n","protected":false},"excerpt":{"rendered":"<p>Boekhoudkundige en fiscale verrichtingen, advies voor de fiscale optimalisering van uw activiteiten. Diensten en advies door accountants en fiscalisten met de nodige erkenningen.<\/p>\n","protected":false},"author":3,"featured_media":158,"parent":170,"menu_order":0,"comment_status":"closed","ping_status":"closed","template":"page-category.php","meta":{"_acf_changed":false,"advgb_blocks_editor_width":"","advgb_blocks_columns_visual_guide":"","footnotes":""},"categories":[7],"tags":[],"acf":[],"yoast_head":"<!-- This site is optimized with the Yoast SEO plugin v24.5 - https:\/\/yoast.com\/wordpress\/plugins\/seo\/ -->\n<title>Boekhouding en fiscaliteit - cfo<\/title>\n<meta name=\"robots\" content=\"index, follow, max-snippet:-1, max-image-preview:large, max-video-preview:-1\" \/>\n<link rel=\"canonical\" href=\"https:\/\/cfobelgium.be\/nl\/diensten\/boekhouding-en-fiscaliteit\/\" \/>\n<meta property=\"og:locale\" content=\"nl_NL\" \/>\n<meta property=\"og:type\" content=\"article\" \/>\n<meta property=\"og:title\" content=\"Boekhouding en fiscaliteit - cfo\" \/>\n<meta property=\"og:description\" content=\"Boekhoudkundige en fiscale verrichtingen, advies voor de fiscale optimalisering van uw activiteiten. Diensten en advies door accountants en fiscalisten met de nodige erkenningen.\" \/>\n<meta property=\"og:url\" content=\"https:\/\/cfobelgium.be\/nl\/diensten\/boekhouding-en-fiscaliteit\/\" \/>\n<meta property=\"og:site_name\" content=\"cfo\" \/>\n<meta property=\"article:modified_time\" content=\"2020-09-11T12:27:42+00:00\" \/>\n<meta property=\"og:image\" content=\"https:\/\/cfobelgium.be\/wp-content\/uploads\/2020\/03\/ADE_3186BD_DxO.jpg\" \/>\n\t<meta property=\"og:image:width\" content=\"1400\" \/>\n\t<meta property=\"og:image:height\" content=\"933\" \/>\n\t<meta property=\"og:image:type\" content=\"image\/jpeg\" \/>\n<meta name=\"twitter:card\" content=\"summary_large_image\" \/>\n<meta name=\"twitter:label1\" content=\"Geschatte leestijd\" \/>\n\t<meta name=\"twitter:data1\" content=\"2 minuten\" \/>\n<script type=\"application\/ld+json\" class=\"yoast-schema-graph\">{\"@context\":\"https:\/\/schema.org\",\"@graph\":[{\"@type\":\"WebPage\",\"@id\":\"https:\/\/cfobelgium.be\/nl\/diensten\/boekhouding-en-fiscaliteit\/\",\"url\":\"https:\/\/cfobelgium.be\/nl\/diensten\/boekhouding-en-fiscaliteit\/\",\"name\":\"Boekhouding en fiscaliteit - cfo\",\"isPartOf\":{\"@id\":\"https:\/\/cfobelgium.be\/nl\/#website\"},\"primaryImageOfPage\":{\"@id\":\"https:\/\/cfobelgium.be\/nl\/diensten\/boekhouding-en-fiscaliteit\/#primaryimage\"},\"image\":{\"@id\":\"https:\/\/cfobelgium.be\/nl\/diensten\/boekhouding-en-fiscaliteit\/#primaryimage\"},\"thumbnailUrl\":\"https:\/\/cfobelgium.be\/wp-content\/uploads\/2020\/03\/ADE_3186BD_DxO.jpg\",\"datePublished\":\"2020-03-07T13:41:11+00:00\",\"dateModified\":\"2020-09-11T12:27:42+00:00\",\"breadcrumb\":{\"@id\":\"https:\/\/cfobelgium.be\/nl\/diensten\/boekhouding-en-fiscaliteit\/#breadcrumb\"},\"inLanguage\":\"nl-NL\",\"potentialAction\":[{\"@type\":\"ReadAction\",\"target\":[\"https:\/\/cfobelgium.be\/nl\/diensten\/boekhouding-en-fiscaliteit\/\"]}]},{\"@type\":\"ImageObject\",\"inLanguage\":\"nl-NL\",\"@id\":\"https:\/\/cfobelgium.be\/nl\/diensten\/boekhouding-en-fiscaliteit\/#primaryimage\",\"url\":\"https:\/\/cfobelgium.be\/wp-content\/uploads\/2020\/03\/ADE_3186BD_DxO.jpg\",\"contentUrl\":\"https:\/\/cfobelgium.be\/wp-content\/uploads\/2020\/03\/ADE_3186BD_DxO.jpg\",\"width\":1400,\"height\":933,\"caption\":\"CFO Belgium, bureau de comptabilit\u00e9 et fiscalit\u00e9 \u00e0 Bruxelles. Formalit\u00e9s comptables et fiscale. Optimisation et conseils fiscaux.\"},{\"@type\":\"BreadcrumbList\",\"@id\":\"https:\/\/cfobelgium.be\/nl\/diensten\/boekhouding-en-fiscaliteit\/#breadcrumb\",\"itemListElement\":[{\"@type\":\"ListItem\",\"position\":1,\"name\":\"Accueil\",\"item\":\"https:\/\/cfobelgium.be\/nl\/\"},{\"@type\":\"ListItem\",\"position\":2,\"name\":\"Financi\u00eble en administratieve diensten\",\"item\":\"https:\/\/cfobelgium.be\/nl\/diensten\/\"},{\"@type\":\"ListItem\",\"position\":3,\"name\":\"Boekhouding en fiscaliteit\"}]},{\"@type\":\"WebSite\",\"@id\":\"https:\/\/cfobelgium.be\/nl\/#website\",\"url\":\"https:\/\/cfobelgium.be\/nl\/\",\"name\":\"cfo\",\"description\":\"Comptabilit\u00e9 - fiscalit\u00e9\",\"potentialAction\":[{\"@type\":\"SearchAction\",\"target\":{\"@type\":\"EntryPoint\",\"urlTemplate\":\"https:\/\/cfobelgium.be\/nl\/?s={search_term_string}\"},\"query-input\":{\"@type\":\"PropertyValueSpecification\",\"valueRequired\":true,\"valueName\":\"search_term_string\"}}],\"inLanguage\":\"nl-NL\"}]}<\/script>\n<!-- \/ Yoast SEO plugin. -->","yoast_head_json":{"title":"Boekhouding en fiscaliteit - cfo","robots":{"index":"index","follow":"follow","max-snippet":"max-snippet:-1","max-image-preview":"max-image-preview:large","max-video-preview":"max-video-preview:-1"},"canonical":"https:\/\/cfobelgium.be\/nl\/diensten\/boekhouding-en-fiscaliteit\/","og_locale":"nl_NL","og_type":"article","og_title":"Boekhouding en fiscaliteit - cfo","og_description":"Boekhoudkundige en fiscale verrichtingen, advies voor de fiscale optimalisering van uw activiteiten. Diensten en advies door accountants en fiscalisten met de nodige erkenningen.","og_url":"https:\/\/cfobelgium.be\/nl\/diensten\/boekhouding-en-fiscaliteit\/","og_site_name":"cfo","article_modified_time":"2020-09-11T12:27:42+00:00","og_image":[{"width":1400,"height":933,"url":"https:\/\/cfobelgium.be\/wp-content\/uploads\/2020\/03\/ADE_3186BD_DxO.jpg","type":"image\/jpeg"}],"twitter_card":"summary_large_image","twitter_misc":{"Geschatte leestijd":"2 minuten"},"schema":{"@context":"https:\/\/schema.org","@graph":[{"@type":"WebPage","@id":"https:\/\/cfobelgium.be\/nl\/diensten\/boekhouding-en-fiscaliteit\/","url":"https:\/\/cfobelgium.be\/nl\/diensten\/boekhouding-en-fiscaliteit\/","name":"Boekhouding en fiscaliteit - cfo","isPartOf":{"@id":"https:\/\/cfobelgium.be\/nl\/#website"},"primaryImageOfPage":{"@id":"https:\/\/cfobelgium.be\/nl\/diensten\/boekhouding-en-fiscaliteit\/#primaryimage"},"image":{"@id":"https:\/\/cfobelgium.be\/nl\/diensten\/boekhouding-en-fiscaliteit\/#primaryimage"},"thumbnailUrl":"https:\/\/cfobelgium.be\/wp-content\/uploads\/2020\/03\/ADE_3186BD_DxO.jpg","datePublished":"2020-03-07T13:41:11+00:00","dateModified":"2020-09-11T12:27:42+00:00","breadcrumb":{"@id":"https:\/\/cfobelgium.be\/nl\/diensten\/boekhouding-en-fiscaliteit\/#breadcrumb"},"inLanguage":"nl-NL","potentialAction":[{"@type":"ReadAction","target":["https:\/\/cfobelgium.be\/nl\/diensten\/boekhouding-en-fiscaliteit\/"]}]},{"@type":"ImageObject","inLanguage":"nl-NL","@id":"https:\/\/cfobelgium.be\/nl\/diensten\/boekhouding-en-fiscaliteit\/#primaryimage","url":"https:\/\/cfobelgium.be\/wp-content\/uploads\/2020\/03\/ADE_3186BD_DxO.jpg","contentUrl":"https:\/\/cfobelgium.be\/wp-content\/uploads\/2020\/03\/ADE_3186BD_DxO.jpg","width":1400,"height":933,"caption":"CFO Belgium, bureau de comptabilit\u00e9 et fiscalit\u00e9 \u00e0 Bruxelles. Formalit\u00e9s comptables et fiscale. Optimisation et conseils fiscaux."},{"@type":"BreadcrumbList","@id":"https:\/\/cfobelgium.be\/nl\/diensten\/boekhouding-en-fiscaliteit\/#breadcrumb","itemListElement":[{"@type":"ListItem","position":1,"name":"Accueil","item":"https:\/\/cfobelgium.be\/nl\/"},{"@type":"ListItem","position":2,"name":"Financi\u00eble en administratieve diensten","item":"https:\/\/cfobelgium.be\/nl\/diensten\/"},{"@type":"ListItem","position":3,"name":"Boekhouding en fiscaliteit"}]},{"@type":"WebSite","@id":"https:\/\/cfobelgium.be\/nl\/#website","url":"https:\/\/cfobelgium.be\/nl\/","name":"cfo","description":"Comptabilit\u00e9 - fiscalit\u00e9","potentialAction":[{"@type":"SearchAction","target":{"@type":"EntryPoint","urlTemplate":"https:\/\/cfobelgium.be\/nl\/?s={search_term_string}"},"query-input":{"@type":"PropertyValueSpecification","valueRequired":true,"valueName":"search_term_string"}}],"inLanguage":"nl-NL"}]}},"coauthors":[],"author_meta":{"author_link":"https:\/\/cfobelgium.be\/nl\/author\/fab\/","display_name":"Fabien Fauchet"},"relative_dates":{"created":"Geplaatst 6 jaar geleden","modified":"Bijgewerkt 6 jaar geleden"},"absolute_dates":{"created":"Geplaatst op 7 maart 2020","modified":"Bijgewerkt op 11 september 2020"},"absolute_dates_time":{"created":"Geplaatst op 7 maart 2020 14:41","modified":"Bijgewerkt op 11 september 2020 14:27"},"featured_img_caption":"","featured_img":"https:\/\/cfobelgium.be\/wp-content\/uploads\/2020\/03\/ADE_3186BD_DxO.jpg","series_order":"","jetpack_sharing_enabled":true,"_links":{"self":[{"href":"https:\/\/cfobelgium.be\/nl\/wp-json\/wp\/v2\/pages\/175"}],"collection":[{"href":"https:\/\/cfobelgium.be\/nl\/wp-json\/wp\/v2\/pages"}],"about":[{"href":"https:\/\/cfobelgium.be\/nl\/wp-json\/wp\/v2\/types\/page"}],"author":[{"embeddable":true,"href":"https:\/\/cfobelgium.be\/nl\/wp-json\/wp\/v2\/users\/3"}],"replies":[{"embeddable":true,"href":"https:\/\/cfobelgium.be\/nl\/wp-json\/wp\/v2\/comments?post=175"}],"version-history":[{"count":11,"href":"https:\/\/cfobelgium.be\/nl\/wp-json\/wp\/v2\/pages\/175\/revisions"}],"predecessor-version":[{"id":541,"href":"https:\/\/cfobelgium.be\/nl\/wp-json\/wp\/v2\/pages\/175\/revisions\/541"}],"up":[{"embeddable":true,"href":"https:\/\/cfobelgium.be\/nl\/wp-json\/wp\/v2\/pages\/170"}],"wp:featuredmedia":[{"embeddable":true,"href":"https:\/\/cfobelgium.be\/nl\/wp-json\/wp\/v2\/media\/158"}],"wp:attachment":[{"href":"https:\/\/cfobelgium.be\/nl\/wp-json\/wp\/v2\/media?parent=175"}],"wp:term":[{"taxonomy":"category","embeddable":true,"href":"https:\/\/cfobelgium.be\/nl\/wp-json\/wp\/v2\/categories?post=175"},{"taxonomy":"post_tag","embeddable":true,"href":"https:\/\/cfobelgium.be\/nl\/wp-json\/wp\/v2\/tags?post=175"}],"curies":[{"name":"wp","href":"https:\/\/api.w.org\/{rel}","templated":true}]}}