{"id":50,"date":"2020-03-07T14:42:13","date_gmt":"2020-03-07T13:42:13","guid":{"rendered":"https:\/\/cfobelgium.be\/?page_id=50"},"modified":"2020-08-21T17:32:42","modified_gmt":"2020-08-21T15:32:42","slug":"assistance-administrative-externalisee","status":"publish","type":"page","link":"https:\/\/cfobelgium.be\/fr\/services\/assistance-administrative-externalisee\/","title":{"rendered":"Gestion administrative"},"content":{"rendered":"\n<p><strong><em>Une assistance administrative externalis\u00e9e pour la gestion de t\u00e2ches ponctuelles ou r\u00e9currentes.&nbsp; Votre gestion administrative simplifi\u00e9e.&nbsp;<\/em><\/strong> <\/p>\n\n\n\n<h2 class=\"wp-block-heading\">Des prestations administratives diversifi\u00e9es<\/h2>\n\n\n\n<p>Les activit\u00e9s administratives de votre entreprise n\u00e9cessitent efficacit\u00e9, rigueur et organisation. CFO Belgium met \u00e0 votre disposition une personne sur laquelle vous pouvez compter en toute circonstance. Avec ou sans domiciliation au sein de notre structure, votre aide administrative vous d\u00e9charge de t\u00e2ches ponctuelles ou r\u00e9currentes indispensables au bon fonctionnement de vos activit\u00e9s.&nbsp; <\/p>\n\n\n\n<h3 class=\"wp-block-heading\"> T\u00e2ches administratives<\/h3>\n\n\n\n<ul><li>R\u00e9daction, envoi et suivi du courrier<\/li><li>Gestion de dossiers KYC (Know Your Customer)<\/li><li>Organisation de r\u00e9unions, r\u00e9daction de PV et tenue des plannings&nbsp; <\/li><li>Accomplissement de formalit\u00e9s l\u00e9gales telles que les mises \u00e0 jour au sein du registre UBO<\/li><li>Coordination et support pour les prestations de tiers<\/li><\/ul>\n\n\n\n<p>L\u2019accomplissement des formalit\u00e9s l\u00e9gales r\u00e9alis\u00e9es dans le cadre d\u2019une assistance administrative ne couvre pas la saisie comptable. Cette activit\u00e9 rel\u00e8ve d\u2019une profession r\u00e9glement\u00e9e et doit \u00eatre effectu\u00e9e par un comptable agr\u00e9\u00e9. CFO Belgium met \u00e0 votre disposition des&nbsp;experts-comptables d\u00fbment agr\u00e9\u00e9s pour toute votre comptabilit\u00e9.&nbsp; <\/p>\n\n\n\n<div class=\"wp-block-advgb-button aligncenter\"><a class=\"wp-block-advgb-button_link advgbbtn-b3e850c8-b960-46a6-af48-31b5c3f1e892\" href=\"https:\/\/cfobelgium.be\/services-financiers-et-administratifs\/comptabilite-et-fiscalite-des-entreprises\/\" target=\"_self\" rel=\"noopener noreferrer\">Voir nos services de comptabilit\u00e9 et fiscalit\u00e9 des entreprises<\/a><\/div>\n\n\n\n<h2 class=\"wp-block-heading\">Les avantages d\u2019une externalisation<\/h2>\n\n\n\n<p>En plus de vous d\u00e9charger de t\u00e2ches administratives, l\u2019externalisation d\u2019une partie de votre secr\u00e9tariat comporte de nombreux avantages.<\/p>\n\n\n\n<ul><li>Le travail que vous confiez \u00e0 CFO Belgium peut \u00eatre plus ou moins important en termes de volume. Vous choisissez ce qui est n\u00e9cessaire pour votre activit\u00e9. Cette <strong>flexibilit\u00e9 <\/strong>vous permet d\u2019affronter en toute s\u00e9r\u00e9nit\u00e9 les p\u00e9riodes creuses ou plus charg\u00e9es sur le plan administratif.<\/li><\/ul>\n\n\n\n<ul><li>Indispensables pour le bon d\u00e9roulement de vos activit\u00e9s, les t\u00e2ches administratives peuvent rapidement prendre du temps. Avec l\u2019externalisation de ces t\u00e2ches, vous avez la garantie que tout est en ordre sans devoir vous en soucier. Cette <strong>libert\u00e9 d\u2019esprit <\/strong>est d\u2019autant plus grande que vous avez la garantie d\u2019un travail r\u00e9alis\u00e9 avec la discr\u00e9tion de rigueur.<br>&nbsp; <\/li><\/ul>\n\n\n\n<figure class=\"wp-block-gallery columns-2 is-cropped wp-block-gallery-1\"><ul class=\"blocks-gallery-grid\"><li class=\"blocks-gallery-item\"><figure><a href=\"https:\/\/cfobelgium.be\/wp-content\/uploads\/2020\/03\/ADE_3275BD_DxO-1024x682.jpg\"><img loading=\"lazy\" decoding=\"async\" width=\"1024\" height=\"682\" src=\"https:\/\/cfobelgium.be\/wp-content\/uploads\/2020\/03\/ADE_3275BD_DxO-1024x682.jpg\" alt=\"\" data-id=\"197\" data-link=\"https:\/\/cfobelgium.be\/services\/assistance-administrative-externalisee\/ade_3275bd_dxo\/\" class=\"wp-image-197\" srcset=\"https:\/\/cfobelgium.be\/wp-content\/uploads\/2020\/03\/ADE_3275BD_DxO-1024x682.jpg 1024w, https:\/\/cfobelgium.be\/wp-content\/uploads\/2020\/03\/ADE_3275BD_DxO-300x200.jpg 300w, https:\/\/cfobelgium.be\/wp-content\/uploads\/2020\/03\/ADE_3275BD_DxO-768x512.jpg 768w, https:\/\/cfobelgium.be\/wp-content\/uploads\/2020\/03\/ADE_3275BD_DxO-400x267.jpg 400w, https:\/\/cfobelgium.be\/wp-content\/uploads\/2020\/03\/ADE_3275BD_DxO-500x333.jpg 500w, https:\/\/cfobelgium.be\/wp-content\/uploads\/2020\/03\/ADE_3275BD_DxO.jpg 1400w\" sizes=\"(max-width: 1024px) 100vw, 1024px\" \/><\/a><\/figure><\/li><li class=\"blocks-gallery-item\"><figure><a href=\"https:\/\/cfobelgium.be\/wp-content\/uploads\/2020\/03\/ADE_3169BD_DxO.jpg\"><img loading=\"lazy\" decoding=\"async\" width=\"1024\" height=\"682\" src=\"https:\/\/cfobelgium.be\/wp-content\/uploads\/2020\/03\/ADE_3169BD_DxO-1024x682.jpg\" alt=\"\" data-id=\"201\" data-full-url=\"https:\/\/cfobelgium.be\/wp-content\/uploads\/2020\/03\/ADE_3169BD_DxO.jpg\" data-link=\"https:\/\/cfobelgium.be\/services\/assistance-administrative-externalisee\/ade_3169bd_dxo\/\" class=\"wp-image-201 is-layout-flex wp-block-gallery-is-layout-flex\" srcset=\"https:\/\/cfobelgium.be\/wp-content\/uploads\/2020\/03\/ADE_3169BD_DxO-1024x682.jpg 1024w, https:\/\/cfobelgium.be\/wp-content\/uploads\/2020\/03\/ADE_3169BD_DxO-300x200.jpg 300w, https:\/\/cfobelgium.be\/wp-content\/uploads\/2020\/03\/ADE_3169BD_DxO-768x512.jpg 768w, https:\/\/cfobelgium.be\/wp-content\/uploads\/2020\/03\/ADE_3169BD_DxO-400x267.jpg 400w, https:\/\/cfobelgium.be\/wp-content\/uploads\/2020\/03\/ADE_3169BD_DxO-500x333.jpg 500w, https:\/\/cfobelgium.be\/wp-content\/uploads\/2020\/03\/ADE_3169BD_DxO.jpg 1400w\" sizes=\"(max-width: 1024px) 100vw, 1024px\" \/><\/a><\/figure><\/li><\/ul><\/figure>\n\n\n\n<div class=\"wp-block-advgb-button aligncenter\"><a class=\"wp-block-advgb-button_link advgbbtn-b3e850c8-b960-46a6-af48-31b5c3f1e892\" href=\"https:\/\/cfobelgium.be\/contact\/\" target=\"_self\" rel=\"noopener noreferrer\">Prendre un rendez-vous avec CFO Belgium<\/a><\/div>\n<style class=\"advgb-styles-renderer\">.advgbbtn-b3e850c8-b960-46a6-af48-31b5c3f1e892{font-size:18px;color:#fff !important;background-color:#274856 !important;margin:20px 0px 20px 0px !important;padding:10px 30px 10px 30px;border-width:1px !important;border-style:none;border-radius:50px !important;}.advgbbtn-b3e850c8-b960-46a6-af48-31b5c3f1e892:hover{color:#eeeeee !important;background-color:#cf2e2e !important;box-shadow:1px 1px 12px 0px #ccc;opacity:1;transition:all 0.2s ease;}.advgbbtn-b3e850c8-b960-46a6-af48-31b5c3f1e892 > i {display: none !important;}.advgbbtn-b3e850c8-b960-46a6-af48-31b5c3f1e892{font-size:18px;color:#fff !important;background-color:#274856 !important;margin:20px 0px 20px 0px !important;padding:10px 30px 10px 30px;border-width:1px !important;border-style:none;border-radius:50px !important;}.advgbbtn-b3e850c8-b960-46a6-af48-31b5c3f1e892:hover{color:#eeeeee !important;background-color:#cf2e2e !important;box-shadow:1px 1px 12px 0px #ccc;opacity:1;transition:all 0.2s ease;}.advgbbtn-b3e850c8-b960-46a6-af48-31b5c3f1e892 > i {display: none !important;}<\/style>","protected":false},"excerpt":{"rendered":"<p>Formalit\u00e9s administratives, organisation pratique et suivi de r\u00e9unions, traitement de documents officiels. Rigueur dans la mise en oeuvre et le suivi. Respect de la confidentialit\u00e9 pour chaque prestation.<\/p>\n","protected":false},"author":3,"featured_media":107,"parent":44,"menu_order":0,"comment_status":"closed","ping_status":"closed","template":"page-category.php","meta":{"_acf_changed":false,"advgb_blocks_editor_width":"","advgb_blocks_columns_visual_guide":"","footnotes":""},"categories":[3],"tags":[],"acf":[],"yoast_head":"<!-- This site is optimized with the Yoast SEO plugin v24.5 - https:\/\/yoast.com\/wordpress\/plugins\/seo\/ -->\n<title>Gestion administrative - cfo<\/title>\n<meta name=\"description\" content=\"Assistance administrative aux entreprises. Travaux de secr\u00e9tariat pour une gestion rigoureuse des t\u00e2ches administratives.\" \/>\n<meta name=\"robots\" content=\"index, follow, max-snippet:-1, max-image-preview:large, max-video-preview:-1\" \/>\n<link rel=\"canonical\" href=\"https:\/\/cfobelgium.be\/fr\/services\/assistance-administrative-externalisee\/\" \/>\n<meta property=\"og:locale\" content=\"fr_FR\" \/>\n<meta property=\"og:type\" content=\"article\" \/>\n<meta property=\"og:title\" content=\"Gestion administrative - cfo\" \/>\n<meta property=\"og:description\" content=\"Assistance administrative aux entreprises. Travaux de secr\u00e9tariat pour une gestion rigoureuse des t\u00e2ches administratives.\" \/>\n<meta property=\"og:url\" content=\"https:\/\/cfobelgium.be\/fr\/services\/assistance-administrative-externalisee\/\" \/>\n<meta property=\"og:site_name\" content=\"cfo\" \/>\n<meta property=\"article:modified_time\" content=\"2020-08-21T15:32:42+00:00\" \/>\n<meta property=\"og:image\" content=\"https:\/\/cfobelgium.be\/wp-content\/uploads\/2020\/03\/ADE_3235BD_DxO.jpg\" \/>\n\t<meta property=\"og:image:width\" content=\"1400\" \/>\n\t<meta property=\"og:image:height\" content=\"933\" \/>\n\t<meta property=\"og:image:type\" content=\"image\/jpeg\" \/>\n<meta name=\"twitter:card\" content=\"summary_large_image\" \/>\n<meta name=\"twitter:label1\" content=\"Dur\u00e9e de lecture estim\u00e9e\" \/>\n\t<meta name=\"twitter:data1\" content=\"2 minutes\" \/>\n<script type=\"application\/ld+json\" class=\"yoast-schema-graph\">{\"@context\":\"https:\/\/schema.org\",\"@graph\":[{\"@type\":\"WebPage\",\"@id\":\"https:\/\/cfobelgium.be\/fr\/services\/assistance-administrative-externalisee\/\",\"url\":\"https:\/\/cfobelgium.be\/fr\/services\/assistance-administrative-externalisee\/\",\"name\":\"Gestion administrative - cfo\",\"isPartOf\":{\"@id\":\"https:\/\/cfobelgium.be\/fr\/#website\"},\"primaryImageOfPage\":{\"@id\":\"https:\/\/cfobelgium.be\/fr\/services\/assistance-administrative-externalisee\/#primaryimage\"},\"image\":{\"@id\":\"https:\/\/cfobelgium.be\/fr\/services\/assistance-administrative-externalisee\/#primaryimage\"},\"thumbnailUrl\":\"https:\/\/cfobelgium.be\/wp-content\/uploads\/2020\/03\/ADE_3235BD_DxO.jpg\",\"datePublished\":\"2020-03-07T13:42:13+00:00\",\"dateModified\":\"2020-08-21T15:32:42+00:00\",\"description\":\"Assistance administrative aux entreprises. Travaux de secr\u00e9tariat pour une gestion rigoureuse des t\u00e2ches administratives.\",\"breadcrumb\":{\"@id\":\"https:\/\/cfobelgium.be\/fr\/services\/assistance-administrative-externalisee\/#breadcrumb\"},\"inLanguage\":\"fr-FR\",\"potentialAction\":[{\"@type\":\"ReadAction\",\"target\":[\"https:\/\/cfobelgium.be\/fr\/services\/assistance-administrative-externalisee\/\"]}]},{\"@type\":\"ImageObject\",\"inLanguage\":\"fr-FR\",\"@id\":\"https:\/\/cfobelgium.be\/fr\/services\/assistance-administrative-externalisee\/#primaryimage\",\"url\":\"https:\/\/cfobelgium.be\/wp-content\/uploads\/2020\/03\/ADE_3235BD_DxO.jpg\",\"contentUrl\":\"https:\/\/cfobelgium.be\/wp-content\/uploads\/2020\/03\/ADE_3235BD_DxO.jpg\",\"width\":1400,\"height\":933,\"caption\":\"CFO Belgium, assistance administrative externalis\u00e9e pour les entreprises domicili\u00e9es ou non \u00e0 Bruxelles\"},{\"@type\":\"BreadcrumbList\",\"@id\":\"https:\/\/cfobelgium.be\/fr\/services\/assistance-administrative-externalisee\/#breadcrumb\",\"itemListElement\":[{\"@type\":\"ListItem\",\"position\":1,\"name\":\"Accueil\",\"item\":\"https:\/\/cfobelgium.be\/fr\/\"},{\"@type\":\"ListItem\",\"position\":2,\"name\":\"Services\",\"item\":\"https:\/\/cfobelgium.be\/fr\/services\/\"},{\"@type\":\"ListItem\",\"position\":3,\"name\":\"Gestion administrative\"}]},{\"@type\":\"WebSite\",\"@id\":\"https:\/\/cfobelgium.be\/fr\/#website\",\"url\":\"https:\/\/cfobelgium.be\/fr\/\",\"name\":\"cfo\",\"description\":\"Comptabilit\u00e9 - fiscalit\u00e9\",\"potentialAction\":[{\"@type\":\"SearchAction\",\"target\":{\"@type\":\"EntryPoint\",\"urlTemplate\":\"https:\/\/cfobelgium.be\/fr\/?s={search_term_string}\"},\"query-input\":{\"@type\":\"PropertyValueSpecification\",\"valueRequired\":true,\"valueName\":\"search_term_string\"}}],\"inLanguage\":\"fr-FR\"}]}<\/script>\n<!-- \/ Yoast SEO plugin. -->","yoast_head_json":{"title":"Gestion administrative - cfo","description":"Assistance administrative aux entreprises. Travaux de secr\u00e9tariat pour une gestion rigoureuse des t\u00e2ches administratives.","robots":{"index":"index","follow":"follow","max-snippet":"max-snippet:-1","max-image-preview":"max-image-preview:large","max-video-preview":"max-video-preview:-1"},"canonical":"https:\/\/cfobelgium.be\/fr\/services\/assistance-administrative-externalisee\/","og_locale":"fr_FR","og_type":"article","og_title":"Gestion administrative - cfo","og_description":"Assistance administrative aux entreprises. Travaux de secr\u00e9tariat pour une gestion rigoureuse des t\u00e2ches administratives.","og_url":"https:\/\/cfobelgium.be\/fr\/services\/assistance-administrative-externalisee\/","og_site_name":"cfo","article_modified_time":"2020-08-21T15:32:42+00:00","og_image":[{"width":1400,"height":933,"url":"https:\/\/cfobelgium.be\/wp-content\/uploads\/2020\/03\/ADE_3235BD_DxO.jpg","type":"image\/jpeg"}],"twitter_card":"summary_large_image","twitter_misc":{"Dur\u00e9e de lecture estim\u00e9e":"2 minutes"},"schema":{"@context":"https:\/\/schema.org","@graph":[{"@type":"WebPage","@id":"https:\/\/cfobelgium.be\/fr\/services\/assistance-administrative-externalisee\/","url":"https:\/\/cfobelgium.be\/fr\/services\/assistance-administrative-externalisee\/","name":"Gestion administrative - cfo","isPartOf":{"@id":"https:\/\/cfobelgium.be\/fr\/#website"},"primaryImageOfPage":{"@id":"https:\/\/cfobelgium.be\/fr\/services\/assistance-administrative-externalisee\/#primaryimage"},"image":{"@id":"https:\/\/cfobelgium.be\/fr\/services\/assistance-administrative-externalisee\/#primaryimage"},"thumbnailUrl":"https:\/\/cfobelgium.be\/wp-content\/uploads\/2020\/03\/ADE_3235BD_DxO.jpg","datePublished":"2020-03-07T13:42:13+00:00","dateModified":"2020-08-21T15:32:42+00:00","description":"Assistance administrative aux entreprises. Travaux de secr\u00e9tariat pour une gestion rigoureuse des t\u00e2ches administratives.","breadcrumb":{"@id":"https:\/\/cfobelgium.be\/fr\/services\/assistance-administrative-externalisee\/#breadcrumb"},"inLanguage":"fr-FR","potentialAction":[{"@type":"ReadAction","target":["https:\/\/cfobelgium.be\/fr\/services\/assistance-administrative-externalisee\/"]}]},{"@type":"ImageObject","inLanguage":"fr-FR","@id":"https:\/\/cfobelgium.be\/fr\/services\/assistance-administrative-externalisee\/#primaryimage","url":"https:\/\/cfobelgium.be\/wp-content\/uploads\/2020\/03\/ADE_3235BD_DxO.jpg","contentUrl":"https:\/\/cfobelgium.be\/wp-content\/uploads\/2020\/03\/ADE_3235BD_DxO.jpg","width":1400,"height":933,"caption":"CFO Belgium, assistance administrative externalis\u00e9e pour les entreprises domicili\u00e9es ou non \u00e0 Bruxelles"},{"@type":"BreadcrumbList","@id":"https:\/\/cfobelgium.be\/fr\/services\/assistance-administrative-externalisee\/#breadcrumb","itemListElement":[{"@type":"ListItem","position":1,"name":"Accueil","item":"https:\/\/cfobelgium.be\/fr\/"},{"@type":"ListItem","position":2,"name":"Services","item":"https:\/\/cfobelgium.be\/fr\/services\/"},{"@type":"ListItem","position":3,"name":"Gestion administrative"}]},{"@type":"WebSite","@id":"https:\/\/cfobelgium.be\/fr\/#website","url":"https:\/\/cfobelgium.be\/fr\/","name":"cfo","description":"Comptabilit\u00e9 - fiscalit\u00e9","potentialAction":[{"@type":"SearchAction","target":{"@type":"EntryPoint","urlTemplate":"https:\/\/cfobelgium.be\/fr\/?s={search_term_string}"},"query-input":{"@type":"PropertyValueSpecification","valueRequired":true,"valueName":"search_term_string"}}],"inLanguage":"fr-FR"}]}},"coauthors":[],"author_meta":{"author_link":"https:\/\/cfobelgium.be\/fr\/author\/fab\/","display_name":"Fabien Fauchet"},"relative_dates":{"created":"Publi\u00e9 6 ans il y a","modified":"Mis \u00e0 jour 6 ans il y a"},"absolute_dates":{"created":"Publi\u00e9 le 07\/03\/2020","modified":"Mise \u00e0 jour le 21\/08\/2020"},"absolute_dates_time":{"created":"Publi\u00e9 le 07\/03\/2020 14:42","modified":"Mise \u00e0 jour le 21\/08\/2020 17:32"},"featured_img_caption":"","featured_img":"https:\/\/cfobelgium.be\/wp-content\/uploads\/2020\/03\/ADE_3235BD_DxO.jpg","series_order":"","jetpack_sharing_enabled":true,"_links":{"self":[{"href":"https:\/\/cfobelgium.be\/fr\/wp-json\/wp\/v2\/pages\/50"}],"collection":[{"href":"https:\/\/cfobelgium.be\/fr\/wp-json\/wp\/v2\/pages"}],"about":[{"href":"https:\/\/cfobelgium.be\/fr\/wp-json\/wp\/v2\/types\/page"}],"author":[{"embeddable":true,"href":"https:\/\/cfobelgium.be\/fr\/wp-json\/wp\/v2\/users\/3"}],"replies":[{"embeddable":true,"href":"https:\/\/cfobelgium.be\/fr\/wp-json\/wp\/v2\/comments?post=50"}],"version-history":[{"count":24,"href":"https:\/\/cfobelgium.be\/fr\/wp-json\/wp\/v2\/pages\/50\/revisions"}],"predecessor-version":[{"id":462,"href":"https:\/\/cfobelgium.be\/fr\/wp-json\/wp\/v2\/pages\/50\/revisions\/462"}],"up":[{"embeddable":true,"href":"https:\/\/cfobelgium.be\/fr\/wp-json\/wp\/v2\/pages\/44"}],"wp:featuredmedia":[{"embeddable":true,"href":"https:\/\/cfobelgium.be\/fr\/wp-json\/wp\/v2\/media\/107"}],"wp:attachment":[{"href":"https:\/\/cfobelgium.be\/fr\/wp-json\/wp\/v2\/media?parent=50"}],"wp:term":[{"taxonomy":"category","embeddable":true,"href":"https:\/\/cfobelgium.be\/fr\/wp-json\/wp\/v2\/categories?post=50"},{"taxonomy":"post_tag","embeddable":true,"href":"https:\/\/cfobelgium.be\/fr\/wp-json\/wp\/v2\/tags?post=50"}],"curies":[{"name":"wp","href":"https:\/\/api.w.org\/{rel}","templated":true}]}}