{"id":472,"date":"2020-08-26T17:47:21","date_gmt":"2020-08-26T15:47:21","guid":{"rendered":"https:\/\/cfobelgium.be\/?page_id=472"},"modified":"2020-08-26T17:48:57","modified_gmt":"2020-08-26T15:48:57","slug":"politique-en-matiere-de-cookies","status":"publish","type":"page","link":"https:\/\/cfobelgium.be\/fr\/politique-en-matiere-de-cookies\/","title":{"rendered":"Politique en mati\u00e8re de cookies"},"content":{"rendered":"\n<h2 class=\"wp-block-heading\">Informations g\u00e9n\u00e9rales\u00a0<\/h2>\n\n\n\n<p>Un \u00ab Cookie \u00bb permet l&rsquo;identification de l&rsquo;utilisateur d&rsquo;un site internet, la personnalisation de sa consultation du site et l&rsquo;acc\u00e9l\u00e9ration de l\u2019affichage du site gr\u00e2ce \u00e0 l&rsquo;enregistrement d&rsquo;un fichier de donn\u00e9es sur son ordinateur personnel.&nbsp;<\/p>\n\n\n\n<p>Les cookies sont couramment utilis\u00e9s pour simplifier la consultation des sites internet et mieux les adapter aux int\u00e9r\u00eats et aux besoins de l&rsquo;utilisateur.&nbsp;<\/p>\n\n\n\n<p>Lors de votre acc\u00e8s et de votre utilisation du site internet <a href=\"https:\/\/cfobelgium.be\" rel=\"nofollow\">www.cfobelgium.be<\/a> (le \u00ab <strong>Site <\/strong>\u00bb), certains Cookies peuvent \u00eatre utilis\u00e9s. Il s\u2019agit uniquement de Cookies de tiers. Aucun Cookie n\u2019est actuellement li\u00e9 au nom de domaine \u00ab CFO Belgium \u00bb.\u00a0<\/p>\n\n\n\n<p>CFO Belgium traite les Donn\u00e9es \u00e0 Caract\u00e8re Personnel des utilisateurs du Site (les \u00ab <strong>Utilisateurs <\/strong>\u00bb) collect\u00e9es gr\u00e2ce \u00e0 des Cookies avec le plus grand soin, conform\u00e9ment aux dispositions l\u00e9gales en vigueur, sp\u00e9cifiquement la loi du 13 juin 2005 relative aux communications \u00e9lectroniques, et conform\u00e9ment \u00e0 sa <a href=\"https:\/\/cfobelgium.be\/fr\/politique-en-matiere-de-protection-de-la-vie-privee\/\">Politique en Mati\u00e8re de Protection de la Vie Priv\u00e9e<\/a>.\u00a0<\/p>\n\n\n\n<h2 class=\"wp-block-heading\">Types de Cookies utilis\u00e9s et finalit\u00e9s\u00a0<\/h2>\n\n\n\n<p>Le Site n\u2019utilise aucun Cookie propre.\u00a0<\/p>\n\n\n\n<p><strong>Le Site utilise les Cookies de tiers suivants :<\/strong><\/p>\n\n\n\n<figure class=\"wp-block-table is-style-regular\"><table><tbody><tr><td><strong>Nom du cookie\u00a0<\/strong><\/td><td><strong>Type de cookie\u00a0<\/strong><\/td><td><strong>Finalit\u00e9 du cookie\u00a0<\/strong><\/td><td><strong>Domaine&nbsp;<\/strong><\/td><td><strong>Path&nbsp;<\/strong><\/td><td><strong>Dur\u00e9e de conservation&nbsp;<\/strong><\/td><\/tr><tr><td>1P_JAR&nbsp;<\/td><td>First Party Persistent Cookie&nbsp;<\/td><td>Targeting \/ Advertising&nbsp;<\/td><td>google.com&nbsp;<\/td><td>\/&nbsp;<\/td><td>7 jours&nbsp;<\/td><\/tr><tr><td>CGIC&nbsp;<\/td><td>First Party Persistent Cookie&nbsp;<\/td><td>Unknown&nbsp;<\/td><td>google.com&nbsp;<\/td><td>\/complete\/search&nbsp;<\/td><td>183 jours&nbsp;<\/td><\/tr><tr><td>CGIC&nbsp;<\/td><td>First Party Persistent Cookie&nbsp;<\/td><td>Unknown&nbsp;<\/td><td>google.com&nbsp;<\/td><td>\/search&nbsp;<\/td><td>2915096 jours&nbsp;<\/td><\/tr><tr><td>CONSENT&nbsp;<\/td><td>Third Party Persistent Cookie&nbsp;<\/td><td>Targeting \/ Advertising&nbsp;<\/td><td>google.com&nbsp;<\/td><td>\/&nbsp;<\/td><td>7711 jours&nbsp;<\/td><\/tr><tr><td>DV&nbsp;<\/td><td>First Party Persistent Cookie&nbsp;<\/td><td>Unknown&nbsp;<\/td><td>www.google.com&nbsp;<\/td><td>\/&nbsp;<\/td><td>0 jour&nbsp;<\/td><\/tr><tr><td>NID&nbsp;<\/td><td>Third Party Persistent Cookie&nbsp;<\/td><td>Targeting \/ Advertising&nbsp;<\/td><td>google.com&nbsp;<\/td><td>\/&nbsp;<\/td><td>85 jours&nbsp;<\/td><\/tr><tr><td>OTZ&nbsp;<\/td><td>First Party Persistent Cookie&nbsp;<\/td><td>Unknown&nbsp;<\/td><td>www.google.com&nbsp;<\/td><td>\/&nbsp;<\/td><td>7 jours&nbsp;<\/td><\/tr><tr><td>SNID&nbsp;<\/td><td>Third Party\u00a0<br>Persistent Cookie<\/td><td>Unknown&nbsp;<\/td><td>google.com&nbsp;<\/td><td>\/verify&nbsp;<\/td><td>183 jours&nbsp;<\/td><\/tr><\/tbody><\/table><\/figure>\n\n\n\n<p>L&rsquo;Utilisateur reconna\u00eet \u00eatre inform\u00e9 de cette pratique et autorise CFO Belgium, en tant qu\u2019\u00e9diteur du Site, \u00e0 y recourir. CFO Belgium s&rsquo;engage \u00e0 ne jamais communiquer le contenu de ces Cookies \u00e0 des tiers, sauf en cas de demande \u00e9manant d\u2019une Autorit\u00e9 en vertu d\u2019une loi applicable.&nbsp;<\/p>\n\n\n\n<p>L&rsquo;Utilisateur peut refuser l&rsquo;enregistrement de Cookies ou configurer son navigateur pour \u00eatre pr\u00e9venu pr\u00e9alablement \u00e0 l&rsquo;acception les Cookies. Pour ce faire, l&rsquo;Utilisateur proc\u00e9dera au param\u00e9trage de son navigateur. La m\u00e9thode de param\u00e9trage d\u00e9pend du navigateur que l\u2019Utilisateur utilise (Google Chrome, Safari, Internet Explorer, Microsoft Edge, Firefox, Opera, etc.). Pour savoir comment activer ou d\u00e9sactiver les Cookies, l\u2019Utilisateur peut consulter les fonctionnalit\u00e9s sp\u00e9cifiques accessibles dans le menu \u00ab Param\u00e8tres \u00bb de son navigateur.&nbsp;<\/p>\n\n\n\n<p>En bloquant les Cookies, il est toutefois possible que certaines fonctionnalit\u00e9s du Site ne soient plus correctement assur\u00e9es techniquement.&nbsp;<\/p>\n\n\n\n<p>La pr\u00e9sente politique en mati\u00e8re de cookies est susceptible d\u2019\u00eatre mise \u00e0 jour. L\u2019Utilisateur est invit\u00e9 \u00e0 v\u00e9rifier si celle-ci a \u00e9t\u00e9 mise \u00e0 jour depuis sa derni\u00e8re visite.&nbsp;<\/p>\n\n\n\n<p><strong>Derni\u00e8re mise \u00e0 jour : avril 2020.&nbsp;<\/strong><\/p>\n","protected":false},"excerpt":{"rendered":"<p>Informations g\u00e9n\u00e9rales\u00a0 Un \u00ab Cookie \u00bb permet l&rsquo;identification de l&rsquo;utilisateur d&rsquo;un site internet, la personnalisation de&#8230; <span class=\"moreLink\"><a href=\"https:\/\/cfobelgium.be\/fr\/politique-en-matiere-de-cookies\/\">+<\/a><\/span><\/p>\n","protected":false},"author":3,"featured_media":0,"parent":0,"menu_order":0,"comment_status":"closed","ping_status":"closed","template":"","meta":{"_acf_changed":false,"advgb_blocks_editor_width":"","advgb_blocks_columns_visual_guide":"","footnotes":""},"categories":[],"tags":[],"acf":[],"yoast_head":"<!-- This site is optimized with the Yoast SEO plugin v24.5 - https:\/\/yoast.com\/wordpress\/plugins\/seo\/ -->\n<title>Politique en mati\u00e8re de cookies - cfo<\/title>\n<meta name=\"robots\" content=\"index, follow, max-snippet:-1, max-image-preview:large, max-video-preview:-1\" \/>\n<link rel=\"canonical\" href=\"https:\/\/cfobelgium.be\/fr\/politique-en-matiere-de-cookies\/\" \/>\n<meta property=\"og:locale\" content=\"fr_FR\" \/>\n<meta property=\"og:type\" content=\"article\" \/>\n<meta property=\"og:title\" content=\"Politique en mati\u00e8re de cookies - cfo\" \/>\n<meta property=\"og:description\" content=\"Informations g\u00e9n\u00e9rales\u00a0 Un \u00ab Cookie \u00bb permet l&rsquo;identification de l&rsquo;utilisateur d&rsquo;un site internet, la personnalisation de... +\" \/>\n<meta property=\"og:url\" content=\"https:\/\/cfobelgium.be\/fr\/politique-en-matiere-de-cookies\/\" \/>\n<meta property=\"og:site_name\" content=\"cfo\" \/>\n<meta property=\"article:modified_time\" content=\"2020-08-26T15:48:57+00:00\" \/>\n<meta property=\"og:image\" content=\"https:\/\/cfobelgium.be\/wp-content\/uploads\/2020\/03\/cfo_fb-image.jpg\" \/>\n\t<meta property=\"og:image:width\" content=\"1200\" \/>\n\t<meta property=\"og:image:height\" content=\"630\" \/>\n\t<meta property=\"og:image:type\" content=\"image\/jpeg\" \/>\n<meta name=\"twitter:card\" content=\"summary_large_image\" \/>\n<meta name=\"twitter:label1\" content=\"Dur\u00e9e de lecture estim\u00e9e\" \/>\n\t<meta name=\"twitter:data1\" content=\"3 minutes\" \/>\n<script type=\"application\/ld+json\" class=\"yoast-schema-graph\">{\"@context\":\"https:\/\/schema.org\",\"@graph\":[{\"@type\":\"WebPage\",\"@id\":\"https:\/\/cfobelgium.be\/fr\/politique-en-matiere-de-cookies\/\",\"url\":\"https:\/\/cfobelgium.be\/fr\/politique-en-matiere-de-cookies\/\",\"name\":\"Politique en mati\u00e8re de cookies - cfo\",\"isPartOf\":{\"@id\":\"https:\/\/cfobelgium.be\/fr\/#website\"},\"datePublished\":\"2020-08-26T15:47:21+00:00\",\"dateModified\":\"2020-08-26T15:48:57+00:00\",\"breadcrumb\":{\"@id\":\"https:\/\/cfobelgium.be\/fr\/politique-en-matiere-de-cookies\/#breadcrumb\"},\"inLanguage\":\"fr-FR\",\"potentialAction\":[{\"@type\":\"ReadAction\",\"target\":[\"https:\/\/cfobelgium.be\/fr\/politique-en-matiere-de-cookies\/\"]}]},{\"@type\":\"BreadcrumbList\",\"@id\":\"https:\/\/cfobelgium.be\/fr\/politique-en-matiere-de-cookies\/#breadcrumb\",\"itemListElement\":[{\"@type\":\"ListItem\",\"position\":1,\"name\":\"Accueil\",\"item\":\"https:\/\/cfobelgium.be\/fr\/\"},{\"@type\":\"ListItem\",\"position\":2,\"name\":\"Politique en mati\u00e8re de cookies\"}]},{\"@type\":\"WebSite\",\"@id\":\"https:\/\/cfobelgium.be\/fr\/#website\",\"url\":\"https:\/\/cfobelgium.be\/fr\/\",\"name\":\"cfo\",\"description\":\"Comptabilit\u00e9 - fiscalit\u00e9\",\"potentialAction\":[{\"@type\":\"SearchAction\",\"target\":{\"@type\":\"EntryPoint\",\"urlTemplate\":\"https:\/\/cfobelgium.be\/fr\/?s={search_term_string}\"},\"query-input\":{\"@type\":\"PropertyValueSpecification\",\"valueRequired\":true,\"valueName\":\"search_term_string\"}}],\"inLanguage\":\"fr-FR\"}]}<\/script>\n<!-- \/ Yoast SEO plugin. -->","yoast_head_json":{"title":"Politique en mati\u00e8re de cookies - cfo","robots":{"index":"index","follow":"follow","max-snippet":"max-snippet:-1","max-image-preview":"max-image-preview:large","max-video-preview":"max-video-preview:-1"},"canonical":"https:\/\/cfobelgium.be\/fr\/politique-en-matiere-de-cookies\/","og_locale":"fr_FR","og_type":"article","og_title":"Politique en mati\u00e8re de cookies - cfo","og_description":"Informations g\u00e9n\u00e9rales\u00a0 Un \u00ab Cookie \u00bb permet l&rsquo;identification de l&rsquo;utilisateur d&rsquo;un site internet, la personnalisation de... +","og_url":"https:\/\/cfobelgium.be\/fr\/politique-en-matiere-de-cookies\/","og_site_name":"cfo","article_modified_time":"2020-08-26T15:48:57+00:00","og_image":[{"width":1200,"height":630,"url":"https:\/\/cfobelgium.be\/wp-content\/uploads\/2020\/03\/cfo_fb-image.jpg","type":"image\/jpeg"}],"twitter_card":"summary_large_image","twitter_misc":{"Dur\u00e9e de lecture estim\u00e9e":"3 minutes"},"schema":{"@context":"https:\/\/schema.org","@graph":[{"@type":"WebPage","@id":"https:\/\/cfobelgium.be\/fr\/politique-en-matiere-de-cookies\/","url":"https:\/\/cfobelgium.be\/fr\/politique-en-matiere-de-cookies\/","name":"Politique en mati\u00e8re de cookies - cfo","isPartOf":{"@id":"https:\/\/cfobelgium.be\/fr\/#website"},"datePublished":"2020-08-26T15:47:21+00:00","dateModified":"2020-08-26T15:48:57+00:00","breadcrumb":{"@id":"https:\/\/cfobelgium.be\/fr\/politique-en-matiere-de-cookies\/#breadcrumb"},"inLanguage":"fr-FR","potentialAction":[{"@type":"ReadAction","target":["https:\/\/cfobelgium.be\/fr\/politique-en-matiere-de-cookies\/"]}]},{"@type":"BreadcrumbList","@id":"https:\/\/cfobelgium.be\/fr\/politique-en-matiere-de-cookies\/#breadcrumb","itemListElement":[{"@type":"ListItem","position":1,"name":"Accueil","item":"https:\/\/cfobelgium.be\/fr\/"},{"@type":"ListItem","position":2,"name":"Politique en mati\u00e8re de cookies"}]},{"@type":"WebSite","@id":"https:\/\/cfobelgium.be\/fr\/#website","url":"https:\/\/cfobelgium.be\/fr\/","name":"cfo","description":"Comptabilit\u00e9 - fiscalit\u00e9","potentialAction":[{"@type":"SearchAction","target":{"@type":"EntryPoint","urlTemplate":"https:\/\/cfobelgium.be\/fr\/?s={search_term_string}"},"query-input":{"@type":"PropertyValueSpecification","valueRequired":true,"valueName":"search_term_string"}}],"inLanguage":"fr-FR"}]}},"coauthors":[],"author_meta":{"author_link":"https:\/\/cfobelgium.be\/fr\/author\/fab\/","display_name":"Fabien Fauchet"},"relative_dates":{"created":"Publi\u00e9 6 ans il y a","modified":"Mis \u00e0 jour 6 ans il y a"},"absolute_dates":{"created":"Publi\u00e9 le 26\/08\/2020","modified":"Mise \u00e0 jour le 26\/08\/2020"},"absolute_dates_time":{"created":"Publi\u00e9 le 26\/08\/2020 17:47","modified":"Mise \u00e0 jour le 26\/08\/2020 17:48"},"featured_img_caption":"","featured_img":false,"series_order":"","jetpack_sharing_enabled":true,"_links":{"self":[{"href":"https:\/\/cfobelgium.be\/fr\/wp-json\/wp\/v2\/pages\/472"}],"collection":[{"href":"https:\/\/cfobelgium.be\/fr\/wp-json\/wp\/v2\/pages"}],"about":[{"href":"https:\/\/cfobelgium.be\/fr\/wp-json\/wp\/v2\/types\/page"}],"author":[{"embeddable":true,"href":"https:\/\/cfobelgium.be\/fr\/wp-json\/wp\/v2\/users\/3"}],"replies":[{"embeddable":true,"href":"https:\/\/cfobelgium.be\/fr\/wp-json\/wp\/v2\/comments?post=472"}],"version-history":[{"count":3,"href":"https:\/\/cfobelgium.be\/fr\/wp-json\/wp\/v2\/pages\/472\/revisions"}],"predecessor-version":[{"id":475,"href":"https:\/\/cfobelgium.be\/fr\/wp-json\/wp\/v2\/pages\/472\/revisions\/475"}],"wp:attachment":[{"href":"https:\/\/cfobelgium.be\/fr\/wp-json\/wp\/v2\/media?parent=472"}],"wp:term":[{"taxonomy":"category","embeddable":true,"href":"https:\/\/cfobelgium.be\/fr\/wp-json\/wp\/v2\/categories?post=472"},{"taxonomy":"post_tag","embeddable":true,"href":"https:\/\/cfobelgium.be\/fr\/wp-json\/wp\/v2\/tags?post=472"}],"curies":[{"name":"wp","href":"https:\/\/api.w.org\/{rel}","templated":true}]}}