{"id":470,"date":"2020-08-26T17:40:58","date_gmt":"2020-08-26T15:40:58","guid":{"rendered":"https:\/\/cfobelgium.be\/?page_id=470"},"modified":"2020-09-07T09:51:56","modified_gmt":"2020-09-07T07:51:56","slug":"politique-en-matiere-de-protection-de-la-vie-privee","status":"publish","type":"page","link":"https:\/\/cfobelgium.be\/fr\/politique-en-matiere-de-protection-de-la-vie-privee\/","title":{"rendered":"Politique en mati\u00e8re de protection de la vie priv\u00e9e"},"content":{"rendered":"\n<h2 class=\"wp-block-heading\">&nbsp;1. Pourquoi cette charte ?&nbsp;<\/h2>\n\n\n\n<p>Lors de l\u2019acc\u00e8s et de l\u2019utilisation du site internet <a href=\"https:\/\/cfobelgium.be\">www.cfobelgium.be<\/a> (le \u00ab <strong>Site <\/strong>\u00bb) par un utilisateur (l\u2019 \u00ab <strong>Utilisateur <\/strong>\u00bb), CFO Belgium est susceptible de collecter certaines donn\u00e9es \u00e0 caract\u00e8re personnel concernant l\u2019Utilisateur, c\u2019est-\u00e0-dire des informations qui se rapportent \u00e0 ce dernier en tant que personne physique et qui permettent de l\u2019identifier, soit directement (par exemple, son nom ou son pr\u00e9nom), soit indirectement (par exemple, l\u2019adresse IP de son terminal de navigation) (ensemble, les \u00ab <strong>Donn\u00e9es \u00e0 Caract\u00e8re Personnel <\/strong>\u00bb). La pr\u00e9sente charte vise d\u00e8s lors \u00e0 informer l\u2019Utilisateur des conditions dans lesquelles ses Donn\u00e9es \u00e0 Caract\u00e8re Personnel sont trait\u00e9es sur le Site, tout en veillant \u00e0 leur protection.&nbsp;<\/p>\n\n\n\n<h2 class=\"wp-block-heading\">2. Qui est le responsable du traitement ?&nbsp;<\/h2>\n\n\n\n<p>Le responsable du traitement des Donn\u00e9es \u00e0 Caract\u00e8re Personnel collect\u00e9es sur le Site est :&nbsp;<\/p>\n\n\n\n<p>CFO Belgium SRL&nbsp;<br>Soci\u00e9t\u00e9 \u00e0 responsabilit\u00e9 limit\u00e9e de droit belge&nbsp;<br>Si\u00e8ge : Avenue Van Volxem, 302-304, bte 4, B-1190 Bruxelles (Forest), Belgique&nbsp;<br>Banque-Carrefour des Entreprises : 0550.696.219&nbsp;<br>Registre des Personnes Morales francophone de Bruxelles&nbsp;<br>TVA BE0550.696.219&nbsp;<\/p>\n\n\n\n<p>Contact : <a href=\"mailto:secretariat@cfobelgium.be\" rel=\"nofollow\">secretariat@cfobelgium.be<\/a>&nbsp;<\/p>\n\n\n\n<p>Si CFO Belgium devait faire appel \u00e0 des sous-traitants dans le cadre du traitement des Donn\u00e9es \u00e0 Caract\u00e8re Personnel, ceux-ci seront r\u00e9pertori\u00e9s dans le \u00ab Registre des activit\u00e9s de traitement \u00bb qui est conserv\u00e9 chez CFO Belgium. CFO Belgium veillera \u00e0 ce que ses \u00e9ventuels sous-traitants respectent le m\u00eame niveau de s\u00e9curit\u00e9 en mati\u00e8re de protection des Donn\u00e9es \u00e0 Caract\u00e8re Personnel (m\u00eame s\u2019ils sont situ\u00e9s en dehors de l\u2019Union Europ\u00e9enne).&nbsp;<\/p>\n\n\n\n<p>CFO Belgium d\u00e9cline toute responsabilit\u00e9 quant \u00e0 l\u2019utilisation de sites internet de tiers dont le lien se trouverait sur le Site. Afin de conna\u00eetre la politique en mati\u00e8re de protection de la vie priv\u00e9e applicable \u00e0 l\u2019utilisation de ces sites de tiers, l\u2019Utilisateur est invit\u00e9 \u00e0 consulter la politique applicable figurant sur les sites concern\u00e9s.&nbsp;<\/p>\n\n\n\n<h2 class=\"wp-block-heading\">3. Quelles Donn\u00e9es \u00e0 Caract\u00e8re Personnel sont-elles collect\u00e9es ?&nbsp;<\/h2>\n\n\n\n<p>CFO Belgium peut \u00eatre amen\u00e9e \u00e0 traiter des Donn\u00e9es \u00e0 Caract\u00e8re Personnel des Utilisateurs, telles que les noms et pr\u00e9noms, titres, adresses postales, adresses email, num\u00e9ros de t\u00e9l\u00e9phone, informations de paiement, donn\u00e9es de connexion (dates et heures de connexions, adresse IP) et de navigation.&nbsp;<\/p>\n\n\n\n<p>Le Site utilise \u00e9galement des \u00ab Cookies \u00bb de tiers (pas de Cookies propres). L\u2019Utilisateur qui le souhaite est invit\u00e9 \u00e0 prendre connaissance de la <a href=\"https:\/\/cfobelgium.be\/fr\/politique-en-matiere-de-cookies\/\">Politique en mati\u00e8re de Cookies<\/a> du Site, qui d\u00e9taille notamment les types de Cookies utilis\u00e9s sur le Site.&nbsp;<\/p>\n\n\n\n<h2 class=\"wp-block-heading\">4. A quelles fins certaines Donn\u00e9es \u00e0 Caract\u00e8re Personnel sont-elles collect\u00e9es ?&nbsp;<\/h2>\n\n\n\n<p>Les Donn\u00e9es \u00e0 Caract\u00e8re Personnel de l\u2019Utilisateur sont trait\u00e9es dans le respect de la l\u00e9gislation applicable en mati\u00e8re de protection des donn\u00e9es, \u00e0 savoir le R\u00e8glement (UE) 2016\/679 du Parlement europ\u00e9en et du Conseil du 27 avril 2016 relatif \u00e0 la protection des personnes physiques \u00e0 l&rsquo;\u00e9gard du traitement des donn\u00e9es \u00e0 caract\u00e8re personnel et \u00e0 la libre circulation de ces donn\u00e9es.&nbsp;<\/p>\n\n\n\n<p>CFO Belgium peut \u00eatre amen\u00e9e \u00e0 collecter des Donn\u00e9es \u00e0 Caract\u00e8re Personnel aux fins de :&nbsp;<\/p>\n\n\n\n<ul><li>r\u00e9aliser des op\u00e9rations de statistiques, d\u2019analyse, de s\u00e9lection et de segmentation des clients afin d\u2019am\u00e9liorer sa connaissance des clients ;&nbsp;<\/li><li>mesurer la fr\u00e9quentation du Site ;&nbsp;<\/li><li>g\u00e9rer ses relations d\u2019affaires (clients ou prospects) ; ou&nbsp;<\/li><li>d\u00e9velopper ses activit\u00e9s (am\u00e9lioration de la qualit\u00e9 des services).&nbsp;<\/li><\/ul>\n\n\n\n<h2 class=\"wp-block-heading\">5. Comment les Donn\u00e9es \u00e0 Caract\u00e8re Personnel sont-elles conserv\u00e9es ?&nbsp;<\/h2>\n\n\n\n<p>Toutes les mesures techniques, organisationnelles et humaines sont prises pour veiller \u00e0 la protection des donn\u00e9es. Conform\u00e9ment \u00e0 la loi applicable, le \u00ab Registre des activit\u00e9s de traitement \u00bb de CFO Belgium recense le mode de stockage ainsi que les mesures de s\u00e9curit\u00e9 prises pour prot\u00e9ger la confidentialit\u00e9 des Donn\u00e9es \u00e0 Caract\u00e8re Personnel collect\u00e9es.&nbsp;<\/p>\n\n\n\n<p>Les Donn\u00e9es \u00e0 Caract\u00e8re Personnel de l\u2019Utilisateur pourraient n\u00e9anmoins devoir \u00eatre divulgu\u00e9es en application d&rsquo;une loi (au sens le plus large) applicable ou en vertu d&rsquo;une d\u00e9cision d&rsquo;une autorit\u00e9 r\u00e9glementaire ou judiciaire comp\u00e9tente ou encore, si cela s&rsquo;av\u00e8re n\u00e9cessaire, aux fins, pour CFO Belgium, de pr\u00e9server ses droits ou int\u00e9r\u00eats.&nbsp;<\/p>\n\n\n\n<p>L\u2019Utilisateur est seul responsable de la s\u00e9curit\u00e9 et de la confidentialit\u00e9 de ses Donn\u00e9es \u00e0 Caract\u00e8re Personnel (donn\u00e9es de connexion, identifiant, mot de passe, etc.). En cas de vol ou d&rsquo;abus de ses Donn\u00e9es \u00e0 Caract\u00e8re Personnel, l\u2019Utilisateur est invit\u00e9 \u00e0 en informer CFO Belgium sans d\u00e9lai aux coordonn\u00e9es mentionn\u00e9es au point 2 ci-dessus.&nbsp;<\/p>\n\n\n\n<p>Si, malgr\u00e9 toutes les mesures de s\u00e9curit\u00e9 prises, une violation de la confidentialit\u00e9 des Donn\u00e9es \u00e0 Caract\u00e8re Personnel des Utilisateurs du Site devait se produire, CFO Belgium en avertira l\u2019Autorit\u00e9 de Protection des Donn\u00e9es dans les meilleurs d\u00e9lais et au plus tard dans le d\u00e9lai l\u00e9gal (actuellement, 72 heures \u00e0 compter de la prise de connaissance de la violation).&nbsp;<\/p>\n\n\n\n<h2 class=\"wp-block-heading\">6. Pendant combien de temps les Donn\u00e9es \u00e0 Caract\u00e8re Personnel sont-elles conserv\u00e9es ?&nbsp;<\/h2>\n\n\n\n<p>Les Donn\u00e9es \u00e0 Caract\u00e8re Personnel sont conserv\u00e9es pour la dur\u00e9e strictement n\u00e9cessaire \u00e0 la r\u00e9alisation des finalit\u00e9s vis\u00e9es au point 4 et sont supprim\u00e9es dans les trois ans de leur collecte ou, le cas \u00e9ch\u00e9ant, de l\u2019absence de r\u00e9action de l\u2019Utilisateur aux \u00e9ventuels messages de CFO Belgium. Au terme de leur p\u00e9riode de conservation, elles sont supprim\u00e9es.&nbsp;<\/p>\n\n\n\n<h2 class=\"wp-block-heading\">7. Quels sont les droits de l\u2019Utilisateur et comment les exercer ?&nbsp;<\/h2>\n\n\n\n<p>L\u2019Utilisateur peut \u00e0 tout moment introduire une demande aupr\u00e8s de CFO Belgium afin de savoir quelles informations le concernant sont d\u00e9tenues, de les r\u00e9cup\u00e9rer sous une forme facilement utilisable et portable, de s\u2019opposer \u00e0 leur traitement, de les faire modifier ou supprimer et ce, en contactant CFO Belgium \u00e0 l\u2019adresse <a href=\"mailto:secretariat@cfobelgium.be\" rel=\"nofollow\">secretariat@cfobelgium.be<\/a>. Ces demandes seront trait\u00e9es dans les meilleurs d\u00e9lais et au plus tard dans le mois de leur r\u00e9ception. L\u2019Utilisateur dispose \u00e9galement du droit d\u2019introduire une r\u00e9clamation aupr\u00e8s de l\u2019Autorit\u00e9 de Protection des Donn\u00e9es (<a href=\"http:\/\/www.autoriteprotectiondonnees.be\" target=\"_blank\" rel=\"noreferrer noopener\">www.autoriteprotectiondonnees.be<\/a>).&nbsp;<\/p>\n\n\n\n<p>La pr\u00e9sente politique en mati\u00e8re de protection de la vie priv\u00e9e est susceptible d\u2019\u00eatre mise \u00e0 jour. L\u2019Utilisateur est d\u00e8s lors invit\u00e9 \u00e0 v\u00e9rifier si celle-ci a \u00e9t\u00e9 mise \u00e0 jour depuis sa derni\u00e8re visite.&nbsp;<\/p>\n\n\n\n<p><strong>Derni\u00e8re mise \u00e0 jour : avril 2020.&nbsp;<\/strong><\/p>\n","protected":false},"excerpt":{"rendered":"<p>&nbsp;1. Pourquoi cette charte ?&nbsp; Lors de l\u2019acc\u00e8s et de l\u2019utilisation du site internet www.cfobelgium.be (le&#8230; <span class=\"moreLink\"><a href=\"https:\/\/cfobelgium.be\/fr\/politique-en-matiere-de-protection-de-la-vie-privee\/\">+<\/a><\/span><\/p>\n","protected":false},"author":3,"featured_media":0,"parent":0,"menu_order":0,"comment_status":"closed","ping_status":"closed","template":"","meta":{"_acf_changed":false,"advgb_blocks_editor_width":"","advgb_blocks_columns_visual_guide":"","footnotes":""},"categories":[],"tags":[],"acf":[],"yoast_head":"<!-- This site is optimized with the Yoast SEO plugin v24.5 - https:\/\/yoast.com\/wordpress\/plugins\/seo\/ -->\n<title>Politique en mati\u00e8re de protection de la vie priv\u00e9e - cfo<\/title>\n<meta name=\"robots\" content=\"index, follow, max-snippet:-1, max-image-preview:large, max-video-preview:-1\" \/>\n<link rel=\"canonical\" href=\"https:\/\/cfobelgium.be\/fr\/politique-en-matiere-de-protection-de-la-vie-privee\/\" \/>\n<meta property=\"og:locale\" content=\"fr_FR\" \/>\n<meta property=\"og:type\" content=\"article\" \/>\n<meta property=\"og:title\" content=\"Politique en mati\u00e8re de protection de la vie priv\u00e9e - cfo\" \/>\n<meta property=\"og:description\" content=\"&nbsp;1. Pourquoi cette charte ?&nbsp; Lors de l\u2019acc\u00e8s et de l\u2019utilisation du site internet www.cfobelgium.be (le... +\" \/>\n<meta property=\"og:url\" content=\"https:\/\/cfobelgium.be\/fr\/politique-en-matiere-de-protection-de-la-vie-privee\/\" \/>\n<meta property=\"og:site_name\" content=\"cfo\" \/>\n<meta property=\"article:modified_time\" content=\"2020-09-07T07:51:56+00:00\" \/>\n<meta property=\"og:image\" content=\"https:\/\/cfobelgium.be\/wp-content\/uploads\/2020\/03\/cfo_fb-image.jpg\" \/>\n\t<meta property=\"og:image:width\" content=\"1200\" \/>\n\t<meta property=\"og:image:height\" content=\"630\" \/>\n\t<meta property=\"og:image:type\" content=\"image\/jpeg\" \/>\n<meta name=\"twitter:card\" content=\"summary_large_image\" \/>\n<meta name=\"twitter:label1\" content=\"Dur\u00e9e de lecture estim\u00e9e\" \/>\n\t<meta name=\"twitter:data1\" content=\"6 minutes\" \/>\n<script type=\"application\/ld+json\" class=\"yoast-schema-graph\">{\"@context\":\"https:\/\/schema.org\",\"@graph\":[{\"@type\":\"WebPage\",\"@id\":\"https:\/\/cfobelgium.be\/fr\/politique-en-matiere-de-protection-de-la-vie-privee\/\",\"url\":\"https:\/\/cfobelgium.be\/fr\/politique-en-matiere-de-protection-de-la-vie-privee\/\",\"name\":\"Politique en mati\u00e8re de protection de la vie priv\u00e9e - cfo\",\"isPartOf\":{\"@id\":\"https:\/\/cfobelgium.be\/fr\/#website\"},\"datePublished\":\"2020-08-26T15:40:58+00:00\",\"dateModified\":\"2020-09-07T07:51:56+00:00\",\"breadcrumb\":{\"@id\":\"https:\/\/cfobelgium.be\/fr\/politique-en-matiere-de-protection-de-la-vie-privee\/#breadcrumb\"},\"inLanguage\":\"fr-FR\",\"potentialAction\":[{\"@type\":\"ReadAction\",\"target\":[\"https:\/\/cfobelgium.be\/fr\/politique-en-matiere-de-protection-de-la-vie-privee\/\"]}]},{\"@type\":\"BreadcrumbList\",\"@id\":\"https:\/\/cfobelgium.be\/fr\/politique-en-matiere-de-protection-de-la-vie-privee\/#breadcrumb\",\"itemListElement\":[{\"@type\":\"ListItem\",\"position\":1,\"name\":\"Accueil\",\"item\":\"https:\/\/cfobelgium.be\/fr\/\"},{\"@type\":\"ListItem\",\"position\":2,\"name\":\"Politique en mati\u00e8re de protection de la vie priv\u00e9e\"}]},{\"@type\":\"WebSite\",\"@id\":\"https:\/\/cfobelgium.be\/fr\/#website\",\"url\":\"https:\/\/cfobelgium.be\/fr\/\",\"name\":\"cfo\",\"description\":\"Comptabilit\u00e9 - fiscalit\u00e9\",\"potentialAction\":[{\"@type\":\"SearchAction\",\"target\":{\"@type\":\"EntryPoint\",\"urlTemplate\":\"https:\/\/cfobelgium.be\/fr\/?s={search_term_string}\"},\"query-input\":{\"@type\":\"PropertyValueSpecification\",\"valueRequired\":true,\"valueName\":\"search_term_string\"}}],\"inLanguage\":\"fr-FR\"}]}<\/script>\n<!-- \/ Yoast SEO plugin. -->","yoast_head_json":{"title":"Politique en mati\u00e8re de protection de la vie priv\u00e9e - cfo","robots":{"index":"index","follow":"follow","max-snippet":"max-snippet:-1","max-image-preview":"max-image-preview:large","max-video-preview":"max-video-preview:-1"},"canonical":"https:\/\/cfobelgium.be\/fr\/politique-en-matiere-de-protection-de-la-vie-privee\/","og_locale":"fr_FR","og_type":"article","og_title":"Politique en mati\u00e8re de protection de la vie priv\u00e9e - cfo","og_description":"&nbsp;1. Pourquoi cette charte ?&nbsp; Lors de l\u2019acc\u00e8s et de l\u2019utilisation du site internet www.cfobelgium.be (le... +","og_url":"https:\/\/cfobelgium.be\/fr\/politique-en-matiere-de-protection-de-la-vie-privee\/","og_site_name":"cfo","article_modified_time":"2020-09-07T07:51:56+00:00","og_image":[{"width":1200,"height":630,"url":"https:\/\/cfobelgium.be\/wp-content\/uploads\/2020\/03\/cfo_fb-image.jpg","type":"image\/jpeg"}],"twitter_card":"summary_large_image","twitter_misc":{"Dur\u00e9e de lecture estim\u00e9e":"6 minutes"},"schema":{"@context":"https:\/\/schema.org","@graph":[{"@type":"WebPage","@id":"https:\/\/cfobelgium.be\/fr\/politique-en-matiere-de-protection-de-la-vie-privee\/","url":"https:\/\/cfobelgium.be\/fr\/politique-en-matiere-de-protection-de-la-vie-privee\/","name":"Politique en mati\u00e8re de protection de la vie priv\u00e9e - cfo","isPartOf":{"@id":"https:\/\/cfobelgium.be\/fr\/#website"},"datePublished":"2020-08-26T15:40:58+00:00","dateModified":"2020-09-07T07:51:56+00:00","breadcrumb":{"@id":"https:\/\/cfobelgium.be\/fr\/politique-en-matiere-de-protection-de-la-vie-privee\/#breadcrumb"},"inLanguage":"fr-FR","potentialAction":[{"@type":"ReadAction","target":["https:\/\/cfobelgium.be\/fr\/politique-en-matiere-de-protection-de-la-vie-privee\/"]}]},{"@type":"BreadcrumbList","@id":"https:\/\/cfobelgium.be\/fr\/politique-en-matiere-de-protection-de-la-vie-privee\/#breadcrumb","itemListElement":[{"@type":"ListItem","position":1,"name":"Accueil","item":"https:\/\/cfobelgium.be\/fr\/"},{"@type":"ListItem","position":2,"name":"Politique en mati\u00e8re de protection de la vie priv\u00e9e"}]},{"@type":"WebSite","@id":"https:\/\/cfobelgium.be\/fr\/#website","url":"https:\/\/cfobelgium.be\/fr\/","name":"cfo","description":"Comptabilit\u00e9 - fiscalit\u00e9","potentialAction":[{"@type":"SearchAction","target":{"@type":"EntryPoint","urlTemplate":"https:\/\/cfobelgium.be\/fr\/?s={search_term_string}"},"query-input":{"@type":"PropertyValueSpecification","valueRequired":true,"valueName":"search_term_string"}}],"inLanguage":"fr-FR"}]}},"coauthors":[],"author_meta":{"author_link":"https:\/\/cfobelgium.be\/fr\/author\/fab\/","display_name":"Fabien Fauchet"},"relative_dates":{"created":"Publi\u00e9 6 ans il y a","modified":"Mis \u00e0 jour 6 ans il y a"},"absolute_dates":{"created":"Publi\u00e9 le 26\/08\/2020","modified":"Mise \u00e0 jour le 07\/09\/2020"},"absolute_dates_time":{"created":"Publi\u00e9 le 26\/08\/2020 17:40","modified":"Mise \u00e0 jour le 07\/09\/2020 09:51"},"featured_img_caption":"","featured_img":false,"series_order":"","jetpack_sharing_enabled":true,"_links":{"self":[{"href":"https:\/\/cfobelgium.be\/fr\/wp-json\/wp\/v2\/pages\/470"}],"collection":[{"href":"https:\/\/cfobelgium.be\/fr\/wp-json\/wp\/v2\/pages"}],"about":[{"href":"https:\/\/cfobelgium.be\/fr\/wp-json\/wp\/v2\/types\/page"}],"author":[{"embeddable":true,"href":"https:\/\/cfobelgium.be\/fr\/wp-json\/wp\/v2\/users\/3"}],"replies":[{"embeddable":true,"href":"https:\/\/cfobelgium.be\/fr\/wp-json\/wp\/v2\/comments?post=470"}],"version-history":[{"count":4,"href":"https:\/\/cfobelgium.be\/fr\/wp-json\/wp\/v2\/pages\/470\/revisions"}],"predecessor-version":[{"id":505,"href":"https:\/\/cfobelgium.be\/fr\/wp-json\/wp\/v2\/pages\/470\/revisions\/505"}],"wp:attachment":[{"href":"https:\/\/cfobelgium.be\/fr\/wp-json\/wp\/v2\/media?parent=470"}],"wp:term":[{"taxonomy":"category","embeddable":true,"href":"https:\/\/cfobelgium.be\/fr\/wp-json\/wp\/v2\/categories?post=470"},{"taxonomy":"post_tag","embeddable":true,"href":"https:\/\/cfobelgium.be\/fr\/wp-json\/wp\/v2\/tags?post=470"}],"curies":[{"name":"wp","href":"https:\/\/api.w.org\/{rel}","templated":true}]}}