{"id":47,"date":"2020-03-07T14:41:11","date_gmt":"2020-03-07T13:41:11","guid":{"rendered":"https:\/\/cfobelgium.be\/?page_id=47"},"modified":"2020-09-11T14:21:50","modified_gmt":"2020-09-11T12:21:50","slug":"comptabilite-et-fiscalite-des-entreprises","status":"publish","type":"page","link":"https:\/\/cfobelgium.be\/fr\/services\/comptabilite-et-fiscalite-des-entreprises\/","title":{"rendered":"Comptabilit\u00e9 et fiscalit\u00e9"},"content":{"rendered":"\n<p><strong><em>Des solutions comptables et fiscales pour optimiser vos r\u00e9sultats.&nbsp;<\/em><\/strong> <\/p>\n\n\n\n<h2 class=\"wp-block-heading\">Comptabilit\u00e9 et gestion comptable<\/h2>\n\n\n\n<p>La tenue et l\u2019organisation de votre comptabilit\u00e9 sont essentielles pour votre activit\u00e9. CFO Belgium est votre partenaire de confiance pour la prise en charge des t\u00e2ches li\u00e9es \u00e0 votre comptabilit\u00e9 et \u00e0 la maximisation de votre gestion comptable.&nbsp; <\/p>\n\n\n\n<p>Les prestations comptables et fiscales qui requi\u00e8rent un acc\u00e8s \u00e0 la profession sont r\u00e9alis\u00e9es au sein du groupe CFO Belgium par des professionnels d\u00fbment agr\u00e9\u00e9s en Belgique pour la prestation de tels services (Administration T&amp;A SRL, agr\u00e9ment IPCF n\u00b070441905).<\/p>\n\n\n\n<h3 class=\"wp-block-heading\">Formalit\u00e9s l\u00e9gales comptables<\/h3>\n\n\n\n<ul><li>Traitement et analyse des pi\u00e8ces comptables<\/li><li>\u00c9tablissement (ou v\u00e9rification) et d\u00e9p\u00f4t des comptes annuels et de leurs annexes au format BNB<\/li><li>Pr\u00e9paration des rapports financiers&nbsp;(rapport annuel, rapport de l\u2019organe d\u2019administration sur les apports en nature, sur le projet de fusion, scission, etc.)<\/li><li>\u00c9tablissement des \u00e9tats comptables interm\u00e9diaires<\/li><\/ul>\n\n\n\n<h3 class=\"wp-block-heading\">La comptabilit\u00e9 comme outil de gestion<\/h3>\n\n\n\n<ul><li>Strat\u00e9gie d\u2019am\u00e9lioration de la situation et de la gestion comptables<\/li><li>Etablissement de rapports et tableaux de bord<\/li><li>Pr\u00e9paration de business plan<\/li><li>Traitement comptable des activit\u00e9s op\u00e9rationnelles et des op\u00e9rations atypiques<\/li><\/ul>\n\n\n\n<h2 class=\"wp-block-heading\">Fiscalit\u00e9 et optimisation fiscale<\/h2>\n\n\n\n<p>Le succ\u00e8s de votre activit\u00e9 est en partie li\u00e9e \u00e0 une gestion rigoureuse et aux conseils personnalis\u00e9s dont vous pouvez b\u00e9n\u00e9ficier sur le plan fiscal. CFO Belgium est votre partenaire privil\u00e9gi\u00e9 pour des conseils avis\u00e9s et des solutions concr\u00e8tes. Appuyez-vous sur l\u2019expertise de nos fiscalistes pour am\u00e9liorer durablement votre situation fiscale.&nbsp; <\/p>\n\n\n\n<h3 class=\"wp-block-heading\"> Formalit\u00e9s fiscales&nbsp;<\/h3>\n\n\n\n<ul><li>Formalit\u00e9s relatives aux imp\u00f4ts : d\u00e9clarations fiscales, pr\u00e9compte mobilier, versements anticip\u00e9, fiches fiscales\u2026<\/li><li>Formalit\u00e9s relatives \u00e0 la TVA : immatriculation, d\u00e9clarations p\u00e9riodiques, listings clients, relev\u00e9s intracommunautaires, d\u00e9claration de cessation d\u2019activit\u00e9\u2026<\/li><li>Repr\u00e9sentation et d\u00e9fense de l\u2019entreprise en cas de contr\u00f4le fiscal.<\/li><\/ul>\n\n\n\n<h3 class=\"wp-block-heading\">Optimisation fiscale et conseils fiscaux<\/h3>\n\n\n\n<ul><li>Conseils fiscaux tout au long du cycle de vie des entreprises : cr\u00e9ation, fusion, scission, ouverture de filiale, cession de fonds ou transmission d\u2019activit\u00e9.<\/li><li>Planification fiscale : d\u00e9ductibilit\u00e9, r\u00e9mun\u00e9rations, avantages imposables et non imposables.<\/li><li>Structuration de patrimoine : strat\u00e9gie patrimoniale et financi\u00e8re.<\/li><\/ul>\n\n\n\n<h2 class=\"wp-block-heading\">Une structure \u00e0 taille humaine, un interlocuteur unique<\/h2>\n\n\n\n<p>L\u2019\u00e9quipe de CFO Belgium g\u00e8re un portefeuille de clients qui op\u00e8rent tant \u00e0 l\u2019\u00e9chelle nationale qu\u2019internationale. Pour vous offrir des conseils personnalis\u00e9s, nous optons d\u00e9lib\u00e9r\u00e9ment pour une structure familiale. En d\u2019autres termes, une structure o\u00f9 vous avez la garantie d\u2019\u00eatre en contact avec un interlocuteur unique qui conna\u00eet parfaitement votre situation comptable et fiscale. Un interlocuteur de confiance qui interagit pour renforcer la p\u00e9rennit\u00e9 et la rentabilit\u00e9 de vos activit\u00e9s.&nbsp; <\/p>\n\n\n\n<figure class=\"wp-block-gallery columns-2 is-cropped wp-block-gallery-1\"><ul class=\"blocks-gallery-grid\"><li class=\"blocks-gallery-item\"><figure><a href=\"https:\/\/cfobelgium.be\/wp-content\/uploads\/2020\/03\/ADE_3229BD_DxO-1024x682.jpg\"><img loading=\"lazy\" decoding=\"async\" width=\"1024\" height=\"682\" src=\"https:\/\/cfobelgium.be\/wp-content\/uploads\/2020\/03\/ADE_3229BD_DxO-1024x682.jpg\" alt=\"\" data-id=\"190\" data-link=\"https:\/\/cfobelgium.be\/services\/comptabilite-et-fiscalite-des-entreprises\/ade_3229bd_dxo\/\" class=\"wp-image-190\" srcset=\"https:\/\/cfobelgium.be\/wp-content\/uploads\/2020\/03\/ADE_3229BD_DxO-1024x682.jpg 1024w, https:\/\/cfobelgium.be\/wp-content\/uploads\/2020\/03\/ADE_3229BD_DxO-300x200.jpg 300w, https:\/\/cfobelgium.be\/wp-content\/uploads\/2020\/03\/ADE_3229BD_DxO-768x512.jpg 768w, https:\/\/cfobelgium.be\/wp-content\/uploads\/2020\/03\/ADE_3229BD_DxO-400x267.jpg 400w, https:\/\/cfobelgium.be\/wp-content\/uploads\/2020\/03\/ADE_3229BD_DxO-500x333.jpg 500w, https:\/\/cfobelgium.be\/wp-content\/uploads\/2020\/03\/ADE_3229BD_DxO.jpg 1400w\" sizes=\"(max-width: 1024px) 100vw, 1024px\" \/><\/a><\/figure><\/li><li class=\"blocks-gallery-item\"><figure><a href=\"https:\/\/cfobelgium.be\/wp-content\/uploads\/2020\/03\/ADE_3247BD_DxO.jpg\"><img loading=\"lazy\" decoding=\"async\" width=\"1024\" height=\"682\" src=\"https:\/\/cfobelgium.be\/wp-content\/uploads\/2020\/03\/ADE_3247BD_DxO-1024x682.jpg\" alt=\"\" data-id=\"193\" data-full-url=\"https:\/\/cfobelgium.be\/wp-content\/uploads\/2020\/03\/ADE_3247BD_DxO.jpg\" data-link=\"https:\/\/cfobelgium.be\/services\/comptabilite-et-fiscalite-des-entreprises\/ade_3247bd_dxo\/\" class=\"wp-image-193 is-layout-flex wp-block-gallery-is-layout-flex\" srcset=\"https:\/\/cfobelgium.be\/wp-content\/uploads\/2020\/03\/ADE_3247BD_DxO-1024x682.jpg 1024w, https:\/\/cfobelgium.be\/wp-content\/uploads\/2020\/03\/ADE_3247BD_DxO-300x200.jpg 300w, https:\/\/cfobelgium.be\/wp-content\/uploads\/2020\/03\/ADE_3247BD_DxO-768x512.jpg 768w, https:\/\/cfobelgium.be\/wp-content\/uploads\/2020\/03\/ADE_3247BD_DxO-400x267.jpg 400w, https:\/\/cfobelgium.be\/wp-content\/uploads\/2020\/03\/ADE_3247BD_DxO-500x333.jpg 500w, https:\/\/cfobelgium.be\/wp-content\/uploads\/2020\/03\/ADE_3247BD_DxO.jpg 1400w\" sizes=\"(max-width: 1024px) 100vw, 1024px\" \/><\/a><\/figure><\/li><\/ul><\/figure>\n","protected":false},"excerpt":{"rendered":"<p>D\u00e9marches comptables et fiscales, conseils pour l\u2019optimisation fiscale de vos activit\u00e9s. Services et conseils par des experts comptables et fiscalistes disposant des agr\u00e9ments requis.<\/p>\n","protected":false},"author":3,"featured_media":135,"parent":44,"menu_order":0,"comment_status":"closed","ping_status":"closed","template":"page-category.php","meta":{"_acf_changed":false,"advgb_blocks_editor_width":"","advgb_blocks_columns_visual_guide":"","footnotes":""},"categories":[3],"tags":[],"acf":[],"yoast_head":"<!-- This site is optimized with the Yoast SEO plugin v24.5 - https:\/\/yoast.com\/wordpress\/plugins\/seo\/ -->\n<title>Comptabilit\u00e9 et fiscalit\u00e9 - cfo<\/title>\n<meta name=\"description\" content=\"CFO Belgium, bureau de comptabilit\u00e9 et fiscalit\u00e9 \u00e0 Bruxelles. Des comptables et fiscalistes agr\u00e9\u00e9s pour votre entreprise.\" \/>\n<meta name=\"robots\" content=\"index, follow, max-snippet:-1, max-image-preview:large, max-video-preview:-1\" \/>\n<link rel=\"canonical\" href=\"https:\/\/cfobelgium.be\/fr\/services\/comptabilite-et-fiscalite-des-entreprises\/\" \/>\n<meta property=\"og:locale\" content=\"fr_FR\" \/>\n<meta property=\"og:type\" content=\"article\" \/>\n<meta property=\"og:title\" content=\"Comptabilit\u00e9 et fiscalit\u00e9 - cfo\" \/>\n<meta property=\"og:description\" content=\"CFO Belgium, bureau de comptabilit\u00e9 et fiscalit\u00e9 \u00e0 Bruxelles. Des comptables et fiscalistes agr\u00e9\u00e9s pour votre entreprise.\" \/>\n<meta property=\"og:url\" content=\"https:\/\/cfobelgium.be\/fr\/services\/comptabilite-et-fiscalite-des-entreprises\/\" \/>\n<meta property=\"og:site_name\" content=\"cfo\" \/>\n<meta property=\"article:modified_time\" content=\"2020-09-11T12:21:50+00:00\" \/>\n<meta property=\"og:image\" content=\"https:\/\/cfobelgium.be\/wp-content\/uploads\/2020\/03\/ADE_3186BD_DxO.jpg\" \/>\n\t<meta property=\"og:image:width\" content=\"1400\" \/>\n\t<meta property=\"og:image:height\" content=\"933\" \/>\n\t<meta property=\"og:image:type\" content=\"image\/jpeg\" \/>\n<meta name=\"twitter:card\" content=\"summary_large_image\" \/>\n<meta name=\"twitter:label1\" content=\"Dur\u00e9e de lecture estim\u00e9e\" \/>\n\t<meta name=\"twitter:data1\" content=\"2 minutes\" \/>\n<script type=\"application\/ld+json\" class=\"yoast-schema-graph\">{\"@context\":\"https:\/\/schema.org\",\"@graph\":[{\"@type\":\"WebPage\",\"@id\":\"https:\/\/cfobelgium.be\/fr\/services\/comptabilite-et-fiscalite-des-entreprises\/\",\"url\":\"https:\/\/cfobelgium.be\/fr\/services\/comptabilite-et-fiscalite-des-entreprises\/\",\"name\":\"Comptabilit\u00e9 et fiscalit\u00e9 - cfo\",\"isPartOf\":{\"@id\":\"https:\/\/cfobelgium.be\/fr\/#website\"},\"primaryImageOfPage\":{\"@id\":\"https:\/\/cfobelgium.be\/fr\/services\/comptabilite-et-fiscalite-des-entreprises\/#primaryimage\"},\"image\":{\"@id\":\"https:\/\/cfobelgium.be\/fr\/services\/comptabilite-et-fiscalite-des-entreprises\/#primaryimage\"},\"thumbnailUrl\":\"https:\/\/cfobelgium.be\/wp-content\/uploads\/2020\/03\/ADE_3186BD_DxO.jpg\",\"datePublished\":\"2020-03-07T13:41:11+00:00\",\"dateModified\":\"2020-09-11T12:21:50+00:00\",\"description\":\"CFO Belgium, bureau de comptabilit\u00e9 et fiscalit\u00e9 \u00e0 Bruxelles. Des comptables et fiscalistes agr\u00e9\u00e9s pour votre entreprise.\",\"breadcrumb\":{\"@id\":\"https:\/\/cfobelgium.be\/fr\/services\/comptabilite-et-fiscalite-des-entreprises\/#breadcrumb\"},\"inLanguage\":\"fr-FR\",\"potentialAction\":[{\"@type\":\"ReadAction\",\"target\":[\"https:\/\/cfobelgium.be\/fr\/services\/comptabilite-et-fiscalite-des-entreprises\/\"]}]},{\"@type\":\"ImageObject\",\"inLanguage\":\"fr-FR\",\"@id\":\"https:\/\/cfobelgium.be\/fr\/services\/comptabilite-et-fiscalite-des-entreprises\/#primaryimage\",\"url\":\"https:\/\/cfobelgium.be\/wp-content\/uploads\/2020\/03\/ADE_3186BD_DxO.jpg\",\"contentUrl\":\"https:\/\/cfobelgium.be\/wp-content\/uploads\/2020\/03\/ADE_3186BD_DxO.jpg\",\"width\":1400,\"height\":933,\"caption\":\"CFO Belgium, bureau de comptabilit\u00e9 et fiscalit\u00e9 \u00e0 Bruxelles. Formalit\u00e9s comptables et fiscale. Optimisation et conseils fiscaux.\"},{\"@type\":\"BreadcrumbList\",\"@id\":\"https:\/\/cfobelgium.be\/fr\/services\/comptabilite-et-fiscalite-des-entreprises\/#breadcrumb\",\"itemListElement\":[{\"@type\":\"ListItem\",\"position\":1,\"name\":\"Accueil\",\"item\":\"https:\/\/cfobelgium.be\/fr\/\"},{\"@type\":\"ListItem\",\"position\":2,\"name\":\"Services\",\"item\":\"https:\/\/cfobelgium.be\/fr\/services\/\"},{\"@type\":\"ListItem\",\"position\":3,\"name\":\"Comptabilit\u00e9 et fiscalit\u00e9\"}]},{\"@type\":\"WebSite\",\"@id\":\"https:\/\/cfobelgium.be\/fr\/#website\",\"url\":\"https:\/\/cfobelgium.be\/fr\/\",\"name\":\"cfo\",\"description\":\"Comptabilit\u00e9 - fiscalit\u00e9\",\"potentialAction\":[{\"@type\":\"SearchAction\",\"target\":{\"@type\":\"EntryPoint\",\"urlTemplate\":\"https:\/\/cfobelgium.be\/fr\/?s={search_term_string}\"},\"query-input\":{\"@type\":\"PropertyValueSpecification\",\"valueRequired\":true,\"valueName\":\"search_term_string\"}}],\"inLanguage\":\"fr-FR\"}]}<\/script>\n<!-- \/ Yoast SEO plugin. -->","yoast_head_json":{"title":"Comptabilit\u00e9 et fiscalit\u00e9 - cfo","description":"CFO Belgium, bureau de comptabilit\u00e9 et fiscalit\u00e9 \u00e0 Bruxelles. Des comptables et fiscalistes agr\u00e9\u00e9s pour votre entreprise.","robots":{"index":"index","follow":"follow","max-snippet":"max-snippet:-1","max-image-preview":"max-image-preview:large","max-video-preview":"max-video-preview:-1"},"canonical":"https:\/\/cfobelgium.be\/fr\/services\/comptabilite-et-fiscalite-des-entreprises\/","og_locale":"fr_FR","og_type":"article","og_title":"Comptabilit\u00e9 et fiscalit\u00e9 - cfo","og_description":"CFO Belgium, bureau de comptabilit\u00e9 et fiscalit\u00e9 \u00e0 Bruxelles. Des comptables et fiscalistes agr\u00e9\u00e9s pour votre entreprise.","og_url":"https:\/\/cfobelgium.be\/fr\/services\/comptabilite-et-fiscalite-des-entreprises\/","og_site_name":"cfo","article_modified_time":"2020-09-11T12:21:50+00:00","og_image":[{"width":1400,"height":933,"url":"https:\/\/cfobelgium.be\/wp-content\/uploads\/2020\/03\/ADE_3186BD_DxO.jpg","type":"image\/jpeg"}],"twitter_card":"summary_large_image","twitter_misc":{"Dur\u00e9e de lecture estim\u00e9e":"2 minutes"},"schema":{"@context":"https:\/\/schema.org","@graph":[{"@type":"WebPage","@id":"https:\/\/cfobelgium.be\/fr\/services\/comptabilite-et-fiscalite-des-entreprises\/","url":"https:\/\/cfobelgium.be\/fr\/services\/comptabilite-et-fiscalite-des-entreprises\/","name":"Comptabilit\u00e9 et fiscalit\u00e9 - cfo","isPartOf":{"@id":"https:\/\/cfobelgium.be\/fr\/#website"},"primaryImageOfPage":{"@id":"https:\/\/cfobelgium.be\/fr\/services\/comptabilite-et-fiscalite-des-entreprises\/#primaryimage"},"image":{"@id":"https:\/\/cfobelgium.be\/fr\/services\/comptabilite-et-fiscalite-des-entreprises\/#primaryimage"},"thumbnailUrl":"https:\/\/cfobelgium.be\/wp-content\/uploads\/2020\/03\/ADE_3186BD_DxO.jpg","datePublished":"2020-03-07T13:41:11+00:00","dateModified":"2020-09-11T12:21:50+00:00","description":"CFO Belgium, bureau de comptabilit\u00e9 et fiscalit\u00e9 \u00e0 Bruxelles. Des comptables et fiscalistes agr\u00e9\u00e9s pour votre entreprise.","breadcrumb":{"@id":"https:\/\/cfobelgium.be\/fr\/services\/comptabilite-et-fiscalite-des-entreprises\/#breadcrumb"},"inLanguage":"fr-FR","potentialAction":[{"@type":"ReadAction","target":["https:\/\/cfobelgium.be\/fr\/services\/comptabilite-et-fiscalite-des-entreprises\/"]}]},{"@type":"ImageObject","inLanguage":"fr-FR","@id":"https:\/\/cfobelgium.be\/fr\/services\/comptabilite-et-fiscalite-des-entreprises\/#primaryimage","url":"https:\/\/cfobelgium.be\/wp-content\/uploads\/2020\/03\/ADE_3186BD_DxO.jpg","contentUrl":"https:\/\/cfobelgium.be\/wp-content\/uploads\/2020\/03\/ADE_3186BD_DxO.jpg","width":1400,"height":933,"caption":"CFO Belgium, bureau de comptabilit\u00e9 et fiscalit\u00e9 \u00e0 Bruxelles. Formalit\u00e9s comptables et fiscale. Optimisation et conseils fiscaux."},{"@type":"BreadcrumbList","@id":"https:\/\/cfobelgium.be\/fr\/services\/comptabilite-et-fiscalite-des-entreprises\/#breadcrumb","itemListElement":[{"@type":"ListItem","position":1,"name":"Accueil","item":"https:\/\/cfobelgium.be\/fr\/"},{"@type":"ListItem","position":2,"name":"Services","item":"https:\/\/cfobelgium.be\/fr\/services\/"},{"@type":"ListItem","position":3,"name":"Comptabilit\u00e9 et fiscalit\u00e9"}]},{"@type":"WebSite","@id":"https:\/\/cfobelgium.be\/fr\/#website","url":"https:\/\/cfobelgium.be\/fr\/","name":"cfo","description":"Comptabilit\u00e9 - fiscalit\u00e9","potentialAction":[{"@type":"SearchAction","target":{"@type":"EntryPoint","urlTemplate":"https:\/\/cfobelgium.be\/fr\/?s={search_term_string}"},"query-input":{"@type":"PropertyValueSpecification","valueRequired":true,"valueName":"search_term_string"}}],"inLanguage":"fr-FR"}]}},"coauthors":[],"author_meta":{"author_link":"https:\/\/cfobelgium.be\/fr\/author\/fab\/","display_name":"Fabien Fauchet"},"relative_dates":{"created":"Publi\u00e9 6 ans il y a","modified":"Mis \u00e0 jour 6 ans il y a"},"absolute_dates":{"created":"Publi\u00e9 le 07\/03\/2020","modified":"Mise \u00e0 jour le 11\/09\/2020"},"absolute_dates_time":{"created":"Publi\u00e9 le 07\/03\/2020 14:41","modified":"Mise \u00e0 jour le 11\/09\/2020 14:21"},"featured_img_caption":"","featured_img":"https:\/\/cfobelgium.be\/wp-content\/uploads\/2020\/03\/ADE_3186BD_DxO.jpg","series_order":"","jetpack_sharing_enabled":true,"_links":{"self":[{"href":"https:\/\/cfobelgium.be\/fr\/wp-json\/wp\/v2\/pages\/47"}],"collection":[{"href":"https:\/\/cfobelgium.be\/fr\/wp-json\/wp\/v2\/pages"}],"about":[{"href":"https:\/\/cfobelgium.be\/fr\/wp-json\/wp\/v2\/types\/page"}],"author":[{"embeddable":true,"href":"https:\/\/cfobelgium.be\/fr\/wp-json\/wp\/v2\/users\/3"}],"replies":[{"embeddable":true,"href":"https:\/\/cfobelgium.be\/fr\/wp-json\/wp\/v2\/comments?post=47"}],"version-history":[{"count":27,"href":"https:\/\/cfobelgium.be\/fr\/wp-json\/wp\/v2\/pages\/47\/revisions"}],"predecessor-version":[{"id":540,"href":"https:\/\/cfobelgium.be\/fr\/wp-json\/wp\/v2\/pages\/47\/revisions\/540"}],"up":[{"embeddable":true,"href":"https:\/\/cfobelgium.be\/fr\/wp-json\/wp\/v2\/pages\/44"}],"wp:featuredmedia":[{"embeddable":true,"href":"https:\/\/cfobelgium.be\/fr\/wp-json\/wp\/v2\/media\/135"}],"wp:attachment":[{"href":"https:\/\/cfobelgium.be\/fr\/wp-json\/wp\/v2\/media?parent=47"}],"wp:term":[{"taxonomy":"category","embeddable":true,"href":"https:\/\/cfobelgium.be\/fr\/wp-json\/wp\/v2\/categories?post=47"},{"taxonomy":"post_tag","embeddable":true,"href":"https:\/\/cfobelgium.be\/fr\/wp-json\/wp\/v2\/tags?post=47"}],"curies":[{"name":"wp","href":"https:\/\/api.w.org\/{rel}","templated":true}]}}