{"id":41,"date":"2020-03-07T14:33:51","date_gmt":"2020-03-07T13:33:51","guid":{"rendered":"https:\/\/cfobelgium.be\/?page_id=41"},"modified":"2020-08-21T14:52:14","modified_gmt":"2020-08-21T12:52:14","slug":"cfo-belgium-partenaire-de-votre-gestion-comptable-fiscale-et-administrative","status":"publish","type":"page","link":"https:\/\/cfobelgium.be\/fr\/","title":{"rendered":"CFO Belgium, Partenaire de votre gestion comptable, fiscale et administrative"},"content":{"rendered":"\n<p><strong>CFO Belgium, Corporate Family Office, une structure \u00e0 taille humaine pour d\u00e9velopper le potentiel de vos activit\u00e9s.&nbsp; <\/strong><\/p>\n\n\n\n<h2 class=\"wp-block-heading\">Des solutions pour les entreprises qui comptent&nbsp; <\/h2>\n\n\n\n<p><strong>La gestion comptable, fiscale et administrative contribue \u00e0 votre succ\u00e8s.&nbsp;<\/strong> <strong>CFO Belgium vous accompagne dans le d\u00e9veloppement de vos activit\u00e9s.&nbsp;<\/strong> <\/p>\n\n\n\n<ul><li><a href=\"https:\/\/cfobelgium.be\/services-financiers-et-administratifs\/comptabilite-et-fiscalite\/\">Comptabilit\u00e9 et fiscalit\u00e9 des entreprises<\/a><\/li><li><a href=\"https:\/\/cfobelgium.be\/fr\/services\/assistance-administrative-externalisee\/\">Assistance administrative externalis\u00e9e<\/a><\/li><li><a href=\"https:\/\/cfobelgium.be\/fr\/services\/domiciliation\/\">Domiciliation des entreprises<\/a><\/li><\/ul>\n\n\n\n<h2 class=\"wp-block-heading\">Une structure \u00e0 taille humaine<\/h2>\n\n\n\n<p>La gestion comptable, fiscale et administrative des entreprises n\u00e9cessite expertise et rigueur. Elle demande aussi une fine connaissance des activit\u00e9s de ces entreprises et de leur potentiel de d\u00e9veloppement. Pour acqu\u00e9rir cette connaissance, il est essentiel de rester en relation \u00e9troite avec les patrons et directeurs avec lesquels nous collaborons. Une structure \u00e0 taille humaine autorise une telle relation.<\/p>\n\n\n\n<h2 class=\"wp-block-heading\">Un interlocuteur unique<\/h2>\n\n\n\n<p>Lorsque vous faites appel \u00e0 CFO Belgium pour votre gestion comptable, fiscale et administrative, les \u00e9changes se d\u00e9roulent avec un seul interlocuteur. Cet interlocuteur conna\u00eet votre dossier. Vous obtenez rapidement une r\u00e9ponse \u00e0 vos questions et demandes. Vous ne perdez pas de temps. Vous pouvez \u00e9tablir une relation de confiance.&nbsp; <\/p>\n\n\n\n<h2 class=\"wp-block-heading\">Un service global pour le d\u00e9veloppement de vos activit\u00e9s<\/h2>\n\n\n\n<p>De la constitution de soci\u00e9t\u00e9s \u00e0 l\u2019organisation de r\u00e9unions du conseil de g\u00e9rance en passant par diff\u00e9rentes formalit\u00e9s comptables et fiscales, CFO Belgium couvre tous les aspects de votre gestion comptable, fiscale et administrative. Ces diff\u00e9rents services vous apportent des solutions qui facilitent le d\u00e9veloppement de vos activit\u00e9s. Ils vous permettent d\u2019avoir recours \u00e0 un prestataire unique pour une plus grande coh\u00e9rence dans vos choix strat\u00e9giques.&nbsp; Garantir le d\u00e9veloppement de vos activit\u00e9s, c\u2019est aussi pouvoir compter sur un partenaire solide. <\/p>\n\n\n\n<p>En faisant appel \u00e0 CFO Belgium, vous b\u00e9n\u00e9ficiez de la disponibilit\u00e9 et de l\u2019exp\u00e9rience de toute une \u00e9quipe.<\/p>\n\n\n\n<div class=\"wp-block-advgb-button aligncenter\"><a class=\"wp-block-advgb-button_link advgbbtn-781c81e3-fc2c-4ba6-b381-f13c38ac0d79\" href=\"https:\/\/cfobelgium.be\/contact\/\" target=\"_self\" rel=\"noopener noreferrer\">Prendre un rendez-vous avec votre expert CFO Belgium\u00a0 <\/a><\/div>\n<style class=\"advgb-styles-renderer\">.advgbbtn-781c81e3-fc2c-4ba6-b381-f13c38ac0d79{font-size:18px;color:#eeeeee !important;background-color:#274856 !important;margin:40px 0px 40px 0px !important;padding:10px 30px 10px 30px;border-width:1px !important;border-style:none;border-radius:50px !important;}.advgbbtn-781c81e3-fc2c-4ba6-b381-f13c38ac0d79:hover{color:#eeeeee !important;background-color:#cf2e2e !important;box-shadow:1px 1px 12px 0px #ccc;opacity:1;transition:all 0.2s ease;}.advgbbtn-781c81e3-fc2c-4ba6-b381-f13c38ac0d79 > i {display: none !important;}<\/style>","protected":false},"excerpt":{"rendered":"<p>CFO Belgium, Corporate Family Office, une structure \u00e0 taille humaine pour d\u00e9velopper le potentiel de vos&#8230; <span class=\"moreLink\"><a href=\"https:\/\/cfobelgium.be\/fr\/\">+<\/a><\/span><\/p>\n","protected":false},"author":3,"featured_media":68,"parent":0,"menu_order":0,"comment_status":"closed","ping_status":"closed","template":"page-home.php","meta":{"_acf_changed":false,"advgb_blocks_editor_width":"","advgb_blocks_columns_visual_guide":"","footnotes":""},"categories":[],"tags":[],"acf":[],"yoast_head":"<!-- This site is optimized with the Yoast SEO plugin v24.5 - https:\/\/yoast.com\/wordpress\/plugins\/seo\/ -->\n<title>CFO Belgium, Partenaire de votre gestion comptable, fiscale et administrative - cfo<\/title>\n<meta name=\"description\" content=\"Une gestion comptable, fiscale et administrative pour d\u00e9velopper le potentiel des activit\u00e9s des entreprises.\" \/>\n<meta name=\"robots\" content=\"index, follow, max-snippet:-1, max-image-preview:large, max-video-preview:-1\" \/>\n<link rel=\"canonical\" href=\"https:\/\/cfobelgium.be\/fr\/\" \/>\n<meta property=\"og:locale\" content=\"fr_FR\" \/>\n<meta property=\"og:type\" content=\"article\" \/>\n<meta property=\"og:title\" content=\"CFO Belgium, Partenaire de votre gestion comptable, fiscale et administrative - cfo\" \/>\n<meta property=\"og:description\" content=\"Une gestion comptable, fiscale et administrative pour d\u00e9velopper le potentiel des activit\u00e9s des entreprises.\" \/>\n<meta property=\"og:url\" content=\"https:\/\/cfobelgium.be\/fr\/\" \/>\n<meta property=\"og:site_name\" content=\"cfo\" \/>\n<meta property=\"article:modified_time\" content=\"2020-08-21T12:52:14+00:00\" \/>\n<meta property=\"og:image\" content=\"https:\/\/cfobelgium.be\/wp-content\/uploads\/2020\/03\/ADE_3296BD_DxO.jpg\" \/>\n\t<meta property=\"og:image:width\" content=\"1400\" \/>\n\t<meta property=\"og:image:height\" content=\"933\" \/>\n\t<meta property=\"og:image:type\" content=\"image\/jpeg\" \/>\n<meta name=\"twitter:card\" content=\"summary_large_image\" \/>\n<meta name=\"twitter:label1\" content=\"Dur\u00e9e de lecture estim\u00e9e\" \/>\n\t<meta name=\"twitter:data1\" content=\"2 minutes\" \/>\n<script type=\"application\/ld+json\" class=\"yoast-schema-graph\">{\"@context\":\"https:\/\/schema.org\",\"@graph\":[{\"@type\":\"WebPage\",\"@id\":\"https:\/\/cfobelgium.be\/fr\/\",\"url\":\"https:\/\/cfobelgium.be\/fr\/\",\"name\":\"CFO Belgium, Partenaire de votre gestion comptable, fiscale et administrative - cfo\",\"isPartOf\":{\"@id\":\"https:\/\/cfobelgium.be\/fr\/#website\"},\"primaryImageOfPage\":{\"@id\":\"https:\/\/cfobelgium.be\/fr\/#primaryimage\"},\"image\":{\"@id\":\"https:\/\/cfobelgium.be\/fr\/#primaryimage\"},\"thumbnailUrl\":\"https:\/\/cfobelgium.be\/wp-content\/uploads\/2020\/03\/ADE_3296BD_DxO.jpg\",\"datePublished\":\"2020-03-07T13:33:51+00:00\",\"dateModified\":\"2020-08-21T12:52:14+00:00\",\"description\":\"Une gestion comptable, fiscale et administrative pour d\u00e9velopper le potentiel des activit\u00e9s des entreprises.\",\"breadcrumb\":{\"@id\":\"https:\/\/cfobelgium.be\/fr\/#breadcrumb\"},\"inLanguage\":\"fr-FR\",\"potentialAction\":[{\"@type\":\"ReadAction\",\"target\":[\"https:\/\/cfobelgium.be\/fr\/\"]}]},{\"@type\":\"ImageObject\",\"inLanguage\":\"fr-FR\",\"@id\":\"https:\/\/cfobelgium.be\/fr\/#primaryimage\",\"url\":\"https:\/\/cfobelgium.be\/wp-content\/uploads\/2020\/03\/ADE_3296BD_DxO.jpg\",\"contentUrl\":\"https:\/\/cfobelgium.be\/wp-content\/uploads\/2020\/03\/ADE_3296BD_DxO.jpg\",\"width\":1400,\"height\":933,\"caption\":\"Bureau de CFO Belgium, entreprise situ\u00e9e \u00e0 Bruxelle. Services de gestion comptable, fiscale et administrative aux entreprises\"},{\"@type\":\"BreadcrumbList\",\"@id\":\"https:\/\/cfobelgium.be\/fr\/#breadcrumb\",\"itemListElement\":[{\"@type\":\"ListItem\",\"position\":1,\"name\":\"Accueil\",\"item\":\"https:\/\/cfobelgium.be\/fr\/\"},{\"@type\":\"ListItem\",\"position\":2,\"name\":\"CFO Belgium, Partenaire de votre gestion comptable, fiscale et administrative\"}]},{\"@type\":\"WebSite\",\"@id\":\"https:\/\/cfobelgium.be\/fr\/#website\",\"url\":\"https:\/\/cfobelgium.be\/fr\/\",\"name\":\"cfo\",\"description\":\"Comptabilit\u00e9 - fiscalit\u00e9\",\"potentialAction\":[{\"@type\":\"SearchAction\",\"target\":{\"@type\":\"EntryPoint\",\"urlTemplate\":\"https:\/\/cfobelgium.be\/fr\/?s={search_term_string}\"},\"query-input\":{\"@type\":\"PropertyValueSpecification\",\"valueRequired\":true,\"valueName\":\"search_term_string\"}}],\"inLanguage\":\"fr-FR\"}]}<\/script>\n<!-- \/ Yoast SEO plugin. -->","yoast_head_json":{"title":"CFO Belgium, Partenaire de votre gestion comptable, fiscale et administrative - cfo","description":"Une gestion comptable, fiscale et administrative pour d\u00e9velopper le potentiel des activit\u00e9s des entreprises.","robots":{"index":"index","follow":"follow","max-snippet":"max-snippet:-1","max-image-preview":"max-image-preview:large","max-video-preview":"max-video-preview:-1"},"canonical":"https:\/\/cfobelgium.be\/fr\/","og_locale":"fr_FR","og_type":"article","og_title":"CFO Belgium, Partenaire de votre gestion comptable, fiscale et administrative - cfo","og_description":"Une gestion comptable, fiscale et administrative pour d\u00e9velopper le potentiel des activit\u00e9s des entreprises.","og_url":"https:\/\/cfobelgium.be\/fr\/","og_site_name":"cfo","article_modified_time":"2020-08-21T12:52:14+00:00","og_image":[{"width":1400,"height":933,"url":"https:\/\/cfobelgium.be\/wp-content\/uploads\/2020\/03\/ADE_3296BD_DxO.jpg","type":"image\/jpeg"}],"twitter_card":"summary_large_image","twitter_misc":{"Dur\u00e9e de lecture estim\u00e9e":"2 minutes"},"schema":{"@context":"https:\/\/schema.org","@graph":[{"@type":"WebPage","@id":"https:\/\/cfobelgium.be\/fr\/","url":"https:\/\/cfobelgium.be\/fr\/","name":"CFO Belgium, Partenaire de votre gestion comptable, fiscale et administrative - cfo","isPartOf":{"@id":"https:\/\/cfobelgium.be\/fr\/#website"},"primaryImageOfPage":{"@id":"https:\/\/cfobelgium.be\/fr\/#primaryimage"},"image":{"@id":"https:\/\/cfobelgium.be\/fr\/#primaryimage"},"thumbnailUrl":"https:\/\/cfobelgium.be\/wp-content\/uploads\/2020\/03\/ADE_3296BD_DxO.jpg","datePublished":"2020-03-07T13:33:51+00:00","dateModified":"2020-08-21T12:52:14+00:00","description":"Une gestion comptable, fiscale et administrative pour d\u00e9velopper le potentiel des activit\u00e9s des entreprises.","breadcrumb":{"@id":"https:\/\/cfobelgium.be\/fr\/#breadcrumb"},"inLanguage":"fr-FR","potentialAction":[{"@type":"ReadAction","target":["https:\/\/cfobelgium.be\/fr\/"]}]},{"@type":"ImageObject","inLanguage":"fr-FR","@id":"https:\/\/cfobelgium.be\/fr\/#primaryimage","url":"https:\/\/cfobelgium.be\/wp-content\/uploads\/2020\/03\/ADE_3296BD_DxO.jpg","contentUrl":"https:\/\/cfobelgium.be\/wp-content\/uploads\/2020\/03\/ADE_3296BD_DxO.jpg","width":1400,"height":933,"caption":"Bureau de CFO Belgium, entreprise situ\u00e9e \u00e0 Bruxelle. Services de gestion comptable, fiscale et administrative aux entreprises"},{"@type":"BreadcrumbList","@id":"https:\/\/cfobelgium.be\/fr\/#breadcrumb","itemListElement":[{"@type":"ListItem","position":1,"name":"Accueil","item":"https:\/\/cfobelgium.be\/fr\/"},{"@type":"ListItem","position":2,"name":"CFO Belgium, Partenaire de votre gestion comptable, fiscale et administrative"}]},{"@type":"WebSite","@id":"https:\/\/cfobelgium.be\/fr\/#website","url":"https:\/\/cfobelgium.be\/fr\/","name":"cfo","description":"Comptabilit\u00e9 - fiscalit\u00e9","potentialAction":[{"@type":"SearchAction","target":{"@type":"EntryPoint","urlTemplate":"https:\/\/cfobelgium.be\/fr\/?s={search_term_string}"},"query-input":{"@type":"PropertyValueSpecification","valueRequired":true,"valueName":"search_term_string"}}],"inLanguage":"fr-FR"}]}},"coauthors":[],"author_meta":{"author_link":"https:\/\/cfobelgium.be\/fr\/author\/fab\/","display_name":"Fabien Fauchet"},"relative_dates":{"created":"Publi\u00e9 6 ans il y a","modified":"Mis \u00e0 jour 6 ans il y a"},"absolute_dates":{"created":"Publi\u00e9 le 07\/03\/2020","modified":"Mise \u00e0 jour le 21\/08\/2020"},"absolute_dates_time":{"created":"Publi\u00e9 le 07\/03\/2020 14:33","modified":"Mise \u00e0 jour le 21\/08\/2020 14:52"},"featured_img_caption":"","featured_img":"https:\/\/cfobelgium.be\/wp-content\/uploads\/2020\/03\/ADE_3296BD_DxO.jpg","series_order":"","jetpack_sharing_enabled":true,"_links":{"self":[{"href":"https:\/\/cfobelgium.be\/fr\/wp-json\/wp\/v2\/pages\/41"}],"collection":[{"href":"https:\/\/cfobelgium.be\/fr\/wp-json\/wp\/v2\/pages"}],"about":[{"href":"https:\/\/cfobelgium.be\/fr\/wp-json\/wp\/v2\/types\/page"}],"author":[{"embeddable":true,"href":"https:\/\/cfobelgium.be\/fr\/wp-json\/wp\/v2\/users\/3"}],"replies":[{"embeddable":true,"href":"https:\/\/cfobelgium.be\/fr\/wp-json\/wp\/v2\/comments?post=41"}],"version-history":[{"count":18,"href":"https:\/\/cfobelgium.be\/fr\/wp-json\/wp\/v2\/pages\/41\/revisions"}],"predecessor-version":[{"id":444,"href":"https:\/\/cfobelgium.be\/fr\/wp-json\/wp\/v2\/pages\/41\/revisions\/444"}],"wp:featuredmedia":[{"embeddable":true,"href":"https:\/\/cfobelgium.be\/fr\/wp-json\/wp\/v2\/media\/68"}],"wp:attachment":[{"href":"https:\/\/cfobelgium.be\/fr\/wp-json\/wp\/v2\/media?parent=41"}],"wp:term":[{"taxonomy":"category","embeddable":true,"href":"https:\/\/cfobelgium.be\/fr\/wp-json\/wp\/v2\/categories?post=41"},{"taxonomy":"post_tag","embeddable":true,"href":"https:\/\/cfobelgium.be\/fr\/wp-json\/wp\/v2\/tags?post=41"}],"curies":[{"name":"wp","href":"https:\/\/api.w.org\/{rel}","templated":true}]}}