{"id":493,"date":"2020-08-26T17:35:09","date_gmt":"2020-08-26T15:35:09","guid":{"rendered":"https:\/\/cfobelgium.be\/mentions-legales\/"},"modified":"2020-09-07T10:08:56","modified_gmt":"2020-09-07T08:08:56","slug":"legal-notices","status":"publish","type":"page","link":"https:\/\/cfobelgium.be\/en\/legal-notices\/","title":{"rendered":"Legal Notices"},"content":{"rendered":"\n<p>Legal notices relating to the website\u00a0 <a href=\"https:\/\/cfobelgium.be\">www.cfobelgium.be<\/a> (the \u00ab <strong>Website <\/strong>\u00bb).\u00a0<\/p>\n\n\n\n<p><strong><strong>Website\u2019s administrator\u00a0<\/strong><\/strong><\/p>\n\n\n\n<p>CFO Belgium SRL\u00a0<br>Limited liability company (<em>soci\u00e9t\u00e9 \u00e0 responsabilit\u00e9 limit\u00e9e de droit belge<\/em>)\u00a0\u00a0<br>Registered office\u00a0 : Avenue Van Volxem, 302-304, bte 4, B-1190 Brussels (Forest), Belgium\u00a0<br>Company registration number:\u00a0 : 0550.696.219\u00a0<br>Company register held with the French-speaking Commercial Court of Brussels\u00a0<br>VAT BE0550.696.219\u00a0<\/p>\n\n\n\n<p>Contact : 0032 (0)2 899 79 95 <a href=\"mailto:secretariat@cfobelgium.be\" rel=\"nofollow\">secretariat@cfobelgium.be<\/a>&nbsp;<\/p>\n\n\n\n<p><strong><strong>Personal data protection<\/strong><\/strong><\/p>\n\n\n\n<p>To read our <a href=\"https:\/\/cfobelgium.be\/en\/privacy-policy\/\">privacy policy<\/a> and our <a href=\"https:\/\/cfobelgium.be\/en\/cookie-policy\/\">cookie policy<\/a>, please click on the corresponding web-link.\u00a0<\/p>\n\n\n\n<p><strong><strong>Intellectual property rights<\/strong><\/strong><\/p>\n\n\n\n<p>CFO Belgium SRL is the exclusive owner of the domain name\u00a0<a href=\"https:\/\/cfobelgium.be\">www.cfobelgium.be<\/a>.\u00a0<\/p>\n\n\n\n<p>The Website is property of CFO Belgium SRL exclusively, as well considered in its entirety as regarding each of its single part or component (including \u2013 without limitation \u2013 images, texts, representations, logos, photos, symbols, frames and tree structures).\u00a0<\/p>\n\n\n\n<p>Is therefore strictly forbidden the use in the broadest sense (including \u2013 without limitation \u2013 the transfer, upload or reproduction) of the Website as a whole or partially, if not in the framework of a personal use with a private and non-commercial purpose.\u00a0<\/p>\n\n\n\n<p>The brands, drawings and designs published on the Website are the exclusive property of CFO Belgium SRL.\u00a0<\/p>\n\n\n\n<p><strong><strong>No warranty \u2013 Limitation of liability\u00a0<\/strong>\u00a0<\/strong><\/p>\n\n\n\n<p>CFO Belgium SRL does not provide any warranty, whether explicit or otherwise, as to the functioning of the Bebsite (including \u2013 without limitation \u2013 its accessibility, its maintenance or the circumstance of any other computer or network problem) nor as to its content, considered as a whole or any part of it (including \u2013 without limitation \u2013 as to the accuracy of the information contained therein.\u00a0<\/p>\n\n\n\n<p>CFO Belgium SRL may therefore not, in any way, be held liable for any damage (in the broadest sense: direct or in direct, whatever its cause, root or nature) stemming from the visiting or use of the Website.\u00a0<\/p>\n\n\n\n<p><strong><strong>Thank you for visiting our Website.\u00a0<\/strong><\/strong><\/p>\n","protected":false},"excerpt":{"rendered":"<p>Legal notices relating to the website\u00a0 www.cfobelgium.be (the \u00ab Website \u00bb).\u00a0 Website\u2019s administrator\u00a0 CFO Belgium SRL\u00a0Limited&#8230; <span class=\"moreLink\"><a href=\"https:\/\/cfobelgium.be\/en\/legal-notices\/\">+<\/a><\/span><\/p>\n","protected":false},"author":3,"featured_media":0,"parent":0,"menu_order":0,"comment_status":"closed","ping_status":"closed","template":"","meta":{"_acf_changed":false,"advgb_blocks_editor_width":"","advgb_blocks_columns_visual_guide":"","footnotes":""},"categories":[],"tags":[],"acf":[],"yoast_head":"<!-- This site is optimized with the Yoast SEO plugin v24.5 - https:\/\/yoast.com\/wordpress\/plugins\/seo\/ -->\n<title>Legal Notices - cfo<\/title>\n<meta name=\"robots\" content=\"index, follow, max-snippet:-1, max-image-preview:large, max-video-preview:-1\" \/>\n<link rel=\"canonical\" href=\"https:\/\/cfobelgium.be\/en\/legal-notices\/\" \/>\n<meta property=\"og:locale\" content=\"en_US\" \/>\n<meta property=\"og:type\" content=\"article\" \/>\n<meta property=\"og:title\" content=\"Legal Notices - cfo\" \/>\n<meta property=\"og:description\" content=\"Legal notices relating to the website\u00a0 www.cfobelgium.be (the \u00ab Website \u00bb).\u00a0 Website\u2019s administrator\u00a0 CFO Belgium SRL\u00a0Limited... +\" \/>\n<meta property=\"og:url\" content=\"https:\/\/cfobelgium.be\/en\/legal-notices\/\" \/>\n<meta property=\"og:site_name\" content=\"cfo\" \/>\n<meta property=\"article:modified_time\" content=\"2020-09-07T08:08:56+00:00\" \/>\n<meta property=\"og:image\" content=\"https:\/\/cfobelgium.be\/wp-content\/uploads\/2020\/03\/cfo_fb-image.jpg\" \/>\n\t<meta property=\"og:image:width\" content=\"1200\" \/>\n\t<meta property=\"og:image:height\" content=\"630\" \/>\n\t<meta property=\"og:image:type\" content=\"image\/jpeg\" \/>\n<meta name=\"twitter:card\" content=\"summary_large_image\" \/>\n<meta name=\"twitter:label1\" content=\"Est. reading time\" \/>\n\t<meta name=\"twitter:data1\" content=\"2 minutes\" \/>\n<script type=\"application\/ld+json\" class=\"yoast-schema-graph\">{\"@context\":\"https:\/\/schema.org\",\"@graph\":[{\"@type\":\"WebPage\",\"@id\":\"https:\/\/cfobelgium.be\/en\/legal-notices\/\",\"url\":\"https:\/\/cfobelgium.be\/en\/legal-notices\/\",\"name\":\"Legal Notices - cfo\",\"isPartOf\":{\"@id\":\"https:\/\/cfobelgium.be\/en\/#website\"},\"datePublished\":\"2020-08-26T15:35:09+00:00\",\"dateModified\":\"2020-09-07T08:08:56+00:00\",\"breadcrumb\":{\"@id\":\"https:\/\/cfobelgium.be\/en\/legal-notices\/#breadcrumb\"},\"inLanguage\":\"en-US\",\"potentialAction\":[{\"@type\":\"ReadAction\",\"target\":[\"https:\/\/cfobelgium.be\/en\/legal-notices\/\"]}]},{\"@type\":\"BreadcrumbList\",\"@id\":\"https:\/\/cfobelgium.be\/en\/legal-notices\/#breadcrumb\",\"itemListElement\":[{\"@type\":\"ListItem\",\"position\":1,\"name\":\"Accueil\",\"item\":\"https:\/\/cfobelgium.be\/en\/\"},{\"@type\":\"ListItem\",\"position\":2,\"name\":\"Legal Notices\"}]},{\"@type\":\"WebSite\",\"@id\":\"https:\/\/cfobelgium.be\/en\/#website\",\"url\":\"https:\/\/cfobelgium.be\/en\/\",\"name\":\"cfo\",\"description\":\"Comptabilit\u00e9 - fiscalit\u00e9\",\"potentialAction\":[{\"@type\":\"SearchAction\",\"target\":{\"@type\":\"EntryPoint\",\"urlTemplate\":\"https:\/\/cfobelgium.be\/en\/?s={search_term_string}\"},\"query-input\":{\"@type\":\"PropertyValueSpecification\",\"valueRequired\":true,\"valueName\":\"search_term_string\"}}],\"inLanguage\":\"en-US\"}]}<\/script>\n<!-- \/ Yoast SEO plugin. -->","yoast_head_json":{"title":"Legal Notices - cfo","robots":{"index":"index","follow":"follow","max-snippet":"max-snippet:-1","max-image-preview":"max-image-preview:large","max-video-preview":"max-video-preview:-1"},"canonical":"https:\/\/cfobelgium.be\/en\/legal-notices\/","og_locale":"en_US","og_type":"article","og_title":"Legal Notices - cfo","og_description":"Legal notices relating to the website\u00a0 www.cfobelgium.be (the \u00ab Website \u00bb).\u00a0 Website\u2019s administrator\u00a0 CFO Belgium SRL\u00a0Limited... +","og_url":"https:\/\/cfobelgium.be\/en\/legal-notices\/","og_site_name":"cfo","article_modified_time":"2020-09-07T08:08:56+00:00","og_image":[{"width":1200,"height":630,"url":"https:\/\/cfobelgium.be\/wp-content\/uploads\/2020\/03\/cfo_fb-image.jpg","type":"image\/jpeg"}],"twitter_card":"summary_large_image","twitter_misc":{"Est. reading time":"2 minutes"},"schema":{"@context":"https:\/\/schema.org","@graph":[{"@type":"WebPage","@id":"https:\/\/cfobelgium.be\/en\/legal-notices\/","url":"https:\/\/cfobelgium.be\/en\/legal-notices\/","name":"Legal Notices - cfo","isPartOf":{"@id":"https:\/\/cfobelgium.be\/en\/#website"},"datePublished":"2020-08-26T15:35:09+00:00","dateModified":"2020-09-07T08:08:56+00:00","breadcrumb":{"@id":"https:\/\/cfobelgium.be\/en\/legal-notices\/#breadcrumb"},"inLanguage":"en-US","potentialAction":[{"@type":"ReadAction","target":["https:\/\/cfobelgium.be\/en\/legal-notices\/"]}]},{"@type":"BreadcrumbList","@id":"https:\/\/cfobelgium.be\/en\/legal-notices\/#breadcrumb","itemListElement":[{"@type":"ListItem","position":1,"name":"Accueil","item":"https:\/\/cfobelgium.be\/en\/"},{"@type":"ListItem","position":2,"name":"Legal Notices"}]},{"@type":"WebSite","@id":"https:\/\/cfobelgium.be\/en\/#website","url":"https:\/\/cfobelgium.be\/en\/","name":"cfo","description":"Comptabilit\u00e9 - fiscalit\u00e9","potentialAction":[{"@type":"SearchAction","target":{"@type":"EntryPoint","urlTemplate":"https:\/\/cfobelgium.be\/en\/?s={search_term_string}"},"query-input":{"@type":"PropertyValueSpecification","valueRequired":true,"valueName":"search_term_string"}}],"inLanguage":"en-US"}]}},"coauthors":[],"author_meta":{"author_link":"https:\/\/cfobelgium.be\/en\/author\/fab\/","display_name":"Fabien Fauchet"},"relative_dates":{"created":"Posted 6 years ago","modified":"Updated 6 years ago"},"absolute_dates":{"created":"Posted on 26\/08\/2020","modified":"Updated on 07\/09\/2020"},"absolute_dates_time":{"created":"Posted on 26\/08\/2020 17:35","modified":"Updated on 07\/09\/2020 10:08"},"featured_img_caption":"","featured_img":false,"series_order":"","jetpack_sharing_enabled":true,"_links":{"self":[{"href":"https:\/\/cfobelgium.be\/en\/wp-json\/wp\/v2\/pages\/493"}],"collection":[{"href":"https:\/\/cfobelgium.be\/en\/wp-json\/wp\/v2\/pages"}],"about":[{"href":"https:\/\/cfobelgium.be\/en\/wp-json\/wp\/v2\/types\/page"}],"author":[{"embeddable":true,"href":"https:\/\/cfobelgium.be\/en\/wp-json\/wp\/v2\/users\/3"}],"replies":[{"embeddable":true,"href":"https:\/\/cfobelgium.be\/en\/wp-json\/wp\/v2\/comments?post=493"}],"version-history":[{"count":2,"href":"https:\/\/cfobelgium.be\/en\/wp-json\/wp\/v2\/pages\/493\/revisions"}],"predecessor-version":[{"id":508,"href":"https:\/\/cfobelgium.be\/en\/wp-json\/wp\/v2\/pages\/493\/revisions\/508"}],"wp:attachment":[{"href":"https:\/\/cfobelgium.be\/en\/wp-json\/wp\/v2\/media?parent=493"}],"wp:term":[{"taxonomy":"category","embeddable":true,"href":"https:\/\/cfobelgium.be\/en\/wp-json\/wp\/v2\/categories?post=493"},{"taxonomy":"post_tag","embeddable":true,"href":"https:\/\/cfobelgium.be\/en\/wp-json\/wp\/v2\/tags?post=493"}],"curies":[{"name":"wp","href":"https:\/\/api.w.org\/{rel}","templated":true}]}}