{"id":280,"date":"2020-03-07T14:42:13","date_gmt":"2020-03-07T13:42:13","guid":{"rendered":"https:\/\/cfobelgium.be\/services\/assistance-administrative-externalisee\/"},"modified":"2020-03-25T11:28:56","modified_gmt":"2020-03-25T10:28:56","slug":"outsourced-administrative-support","status":"publish","type":"page","link":"https:\/\/cfobelgium.be\/en\/services\/outsourced-administrative-support\/","title":{"rendered":"Administrative support"},"content":{"rendered":"\n<p>Outsourced administrative support to handle occasional or recurring tasks.&nbsp; <strong><em>Simplifying your admin.<\/em><\/strong><\/p>\n\n\n\n<h2 class=\"wp-block-heading\">A wide range of admin services<\/h2>\n\n\n\n<p>Your company&#8217;s admin needs to be efficient, tightly controlled, and well organised. CFO Belgium assigns you somebody you can count on at all times. Whether or not your business is domiciled with us, your dedicated administrative support contact relieves you of the occasional or recurring tasks that are essential to the smooth running of your business.&nbsp; &nbsp; <\/p>\n\n\n\n<h3 class=\"wp-block-heading\">Admin tasks<\/h3>\n\n\n\n<ul><li>Writing, sending and following up on correspondence&nbsp; <\/li><li>Managing KYC (Know Your Customer) dossiers<\/li><li>Organising meetings, taking minutes and keeping schedules<\/li><li>Completing legal formalities, such as updating UBO registers&nbsp; <\/li><li>Coordinating and supporting third-party services<\/li><\/ul>\n\n\n\n<p>Handling the legal formalities involved in administrative support does not include the accounting data entry. This activity is the monopoly of a regulated profession and has to be undertaken by a certified accountant. CFO Belgium has accountants who can take care of all of your accounting.\u00a0 <\/p>\n\n\n\n<div class=\"wp-block-advgb-button aligncenter\"><a class=\"wp-block-advgb-button_link advgbbtn-59b3cdce-7d9a-4756-8c4d-a46b4cdecc10\" href=\"https:\/\/cfobelgium.be\/en\/services\/company-accounts-and-taxation\/\" target=\"_blank\" rel=\"noopener noreferrer\">Take a look at our company accounting and tax services<\/a><\/div>\n\n\n\n<h2 class=\"wp-block-heading\">The advantages of outsourcing<\/h2>\n\n\n\n<p>As well as easing your administrative burden, outsourcing some of your secretarial work has numerous advantages.<\/p>\n\n\n\n<ul><li>The work you entrust to CFO Belgium can be more or less important in terms of volume. You choose what is necessary for your business. This flexibility allows you to face off-peak periods or more administratively busy periods with peace of mind.<\/li><\/ul>\n\n\n\n<ul><li>Administrative tasks are essential for the smooth running of your business and can quickly become time-consuming. By outsourcing these tasks, you can be sure that everything is in order without having to worry about it. This freedom of mind is all the more important as you are guaranteed that the work will be carried out with the utmost discretion. <br><\/li><\/ul>\n\n\n\n<figure class=\"wp-block-gallery columns-2 is-cropped wp-block-gallery-1\"><ul class=\"blocks-gallery-grid\"><li class=\"blocks-gallery-item\"><figure><a href=\"https:\/\/cfobelgium.be\/wp-content\/uploads\/2020\/03\/ADE_3275BD_DxO-1024x682.jpg\"><img loading=\"lazy\" decoding=\"async\" width=\"1024\" height=\"682\" src=\"https:\/\/cfobelgium.be\/wp-content\/uploads\/2020\/03\/ADE_3275BD_DxO-1024x682.jpg\" alt=\"\" data-id=\"197\" data-link=\"https:\/\/cfobelgium.be\/services\/assistance-administrative-externalisee\/ade_3275bd_dxo\/\" class=\"wp-image-197\" srcset=\"https:\/\/cfobelgium.be\/wp-content\/uploads\/2020\/03\/ADE_3275BD_DxO-1024x682.jpg 1024w, https:\/\/cfobelgium.be\/wp-content\/uploads\/2020\/03\/ADE_3275BD_DxO-300x200.jpg 300w, https:\/\/cfobelgium.be\/wp-content\/uploads\/2020\/03\/ADE_3275BD_DxO-768x512.jpg 768w, https:\/\/cfobelgium.be\/wp-content\/uploads\/2020\/03\/ADE_3275BD_DxO-400x267.jpg 400w, https:\/\/cfobelgium.be\/wp-content\/uploads\/2020\/03\/ADE_3275BD_DxO-500x333.jpg 500w, https:\/\/cfobelgium.be\/wp-content\/uploads\/2020\/03\/ADE_3275BD_DxO.jpg 1400w\" sizes=\"(max-width: 1024px) 100vw, 1024px\" \/><\/a><\/figure><\/li><li class=\"blocks-gallery-item\"><figure><a href=\"https:\/\/cfobelgium.be\/wp-content\/uploads\/2020\/03\/ADE_3169BD_DxO.jpg\"><img loading=\"lazy\" decoding=\"async\" width=\"1024\" height=\"682\" src=\"https:\/\/cfobelgium.be\/wp-content\/uploads\/2020\/03\/ADE_3169BD_DxO-1024x682.jpg\" alt=\"\" data-id=\"201\" data-full-url=\"https:\/\/cfobelgium.be\/wp-content\/uploads\/2020\/03\/ADE_3169BD_DxO.jpg\" data-link=\"https:\/\/cfobelgium.be\/services\/assistance-administrative-externalisee\/ade_3169bd_dxo\/\" class=\"wp-image-201 is-layout-flex wp-block-gallery-is-layout-flex\" srcset=\"https:\/\/cfobelgium.be\/wp-content\/uploads\/2020\/03\/ADE_3169BD_DxO-1024x682.jpg 1024w, https:\/\/cfobelgium.be\/wp-content\/uploads\/2020\/03\/ADE_3169BD_DxO-300x200.jpg 300w, https:\/\/cfobelgium.be\/wp-content\/uploads\/2020\/03\/ADE_3169BD_DxO-768x512.jpg 768w, https:\/\/cfobelgium.be\/wp-content\/uploads\/2020\/03\/ADE_3169BD_DxO-400x267.jpg 400w, https:\/\/cfobelgium.be\/wp-content\/uploads\/2020\/03\/ADE_3169BD_DxO-500x333.jpg 500w, https:\/\/cfobelgium.be\/wp-content\/uploads\/2020\/03\/ADE_3169BD_DxO.jpg 1400w\" sizes=\"(max-width: 1024px) 100vw, 1024px\" \/><\/a><\/figure><\/li><\/ul><\/figure>\n\n\n\n<div class=\"wp-block-advgb-button aligncenter\"><a class=\"wp-block-advgb-button_link advgbbtn-b3e850c8-b960-46a6-af48-31b5c3f1e892\" href=\"https:\/\/cfobelgium.be\/en\/contact\/\" target=\"_self\" rel=\"noopener noreferrer\">Arrange a meeting with CFO Belgium<\/a><\/div>\n<style class=\"advgb-styles-renderer\">.advgbbtn-59b3cdce-7d9a-4756-8c4d-a46b4cdecc10{font-size:18px;color:#fff !important;background-color:#274856 !important;margin:20px 0px 20px 0px !important;padding:10px 30px 10px 30px;border-width:1px !important;border-style:none;border-radius:50px !important;}.advgbbtn-59b3cdce-7d9a-4756-8c4d-a46b4cdecc10:hover{background-color:#cf2e2e !important;box-shadow:1px 1px 12px 0px #ccc;opacity:1;transition:all 0.2s ease;}.advgbbtn-59b3cdce-7d9a-4756-8c4d-a46b4cdecc10 > i {display: none !important;}.advgbbtn-b3e850c8-b960-46a6-af48-31b5c3f1e892{font-size:18px;color:#fff !important;background-color:#274856 !important;margin:20px 0px 20px 0px !important;padding:10px 30px 10px 30px;border-width:1px !important;border-style:none;border-radius:50px !important;}.advgbbtn-b3e850c8-b960-46a6-af48-31b5c3f1e892:hover{color:#eeeeee !important;background-color:#cf2e2e !important;box-shadow:1px 1px 12px 0px #ccc;opacity:1;transition:all 0.2s ease;}.advgbbtn-b3e850c8-b960-46a6-af48-31b5c3f1e892 > i {display: none !important;}<\/style>","protected":false},"excerpt":{"rendered":"<p>Administrative formalities, practical organisation and meeting follow-up, processing of official documents. Rigorous implementation and follow-up. Confidentiality maintained at all times.<\/p>\n","protected":false},"author":3,"featured_media":151,"parent":268,"menu_order":0,"comment_status":"closed","ping_status":"closed","template":"page-category.php","meta":{"_acf_changed":false,"advgb_blocks_editor_width":"","advgb_blocks_columns_visual_guide":"","footnotes":""},"categories":[10],"tags":[],"acf":[],"yoast_head":"<!-- This site is optimized with the Yoast SEO plugin v24.5 - https:\/\/yoast.com\/wordpress\/plugins\/seo\/ -->\n<title>Administrative support - cfo<\/title>\n<meta name=\"robots\" content=\"index, follow, max-snippet:-1, max-image-preview:large, max-video-preview:-1\" \/>\n<link rel=\"canonical\" href=\"https:\/\/cfobelgium.be\/en\/services\/outsourced-administrative-support\/\" \/>\n<meta property=\"og:locale\" content=\"en_US\" \/>\n<meta property=\"og:type\" content=\"article\" \/>\n<meta property=\"og:title\" content=\"Administrative support - cfo\" \/>\n<meta property=\"og:description\" content=\"Administrative formalities, practical organisation and meeting follow-up, processing of official documents. Rigorous implementation and follow-up. Confidentiality maintained at all times.\" \/>\n<meta property=\"og:url\" content=\"https:\/\/cfobelgium.be\/en\/services\/outsourced-administrative-support\/\" \/>\n<meta property=\"og:site_name\" content=\"cfo\" \/>\n<meta property=\"article:modified_time\" content=\"2020-03-25T10:28:56+00:00\" \/>\n<meta property=\"og:image\" content=\"https:\/\/cfobelgium.be\/wp-content\/uploads\/2020\/03\/ADE_3235BD_DxO.jpg\" \/>\n\t<meta property=\"og:image:width\" content=\"1400\" \/>\n\t<meta property=\"og:image:height\" content=\"933\" \/>\n\t<meta property=\"og:image:type\" content=\"image\/jpeg\" \/>\n<meta name=\"twitter:card\" content=\"summary_large_image\" \/>\n<meta name=\"twitter:label1\" content=\"Est. reading time\" \/>\n\t<meta name=\"twitter:data1\" content=\"1 minute\" \/>\n<script type=\"application\/ld+json\" class=\"yoast-schema-graph\">{\"@context\":\"https:\/\/schema.org\",\"@graph\":[{\"@type\":\"WebPage\",\"@id\":\"https:\/\/cfobelgium.be\/en\/services\/outsourced-administrative-support\/\",\"url\":\"https:\/\/cfobelgium.be\/en\/services\/outsourced-administrative-support\/\",\"name\":\"Administrative support - cfo\",\"isPartOf\":{\"@id\":\"https:\/\/cfobelgium.be\/en\/#website\"},\"primaryImageOfPage\":{\"@id\":\"https:\/\/cfobelgium.be\/en\/services\/outsourced-administrative-support\/#primaryimage\"},\"image\":{\"@id\":\"https:\/\/cfobelgium.be\/en\/services\/outsourced-administrative-support\/#primaryimage\"},\"thumbnailUrl\":\"https:\/\/cfobelgium.be\/wp-content\/uploads\/2020\/03\/ADE_3235BD_DxO.jpg\",\"datePublished\":\"2020-03-07T13:42:13+00:00\",\"dateModified\":\"2020-03-25T10:28:56+00:00\",\"breadcrumb\":{\"@id\":\"https:\/\/cfobelgium.be\/en\/services\/outsourced-administrative-support\/#breadcrumb\"},\"inLanguage\":\"en-US\",\"potentialAction\":[{\"@type\":\"ReadAction\",\"target\":[\"https:\/\/cfobelgium.be\/en\/services\/outsourced-administrative-support\/\"]}]},{\"@type\":\"ImageObject\",\"inLanguage\":\"en-US\",\"@id\":\"https:\/\/cfobelgium.be\/en\/services\/outsourced-administrative-support\/#primaryimage\",\"url\":\"https:\/\/cfobelgium.be\/wp-content\/uploads\/2020\/03\/ADE_3235BD_DxO.jpg\",\"contentUrl\":\"https:\/\/cfobelgium.be\/wp-content\/uploads\/2020\/03\/ADE_3235BD_DxO.jpg\",\"width\":1400,\"height\":933,\"caption\":\"CFO Belgium, assistance administrative externalis\u00e9e pour les entreprises domicili\u00e9es ou non \u00e0 Bruxelles\"},{\"@type\":\"BreadcrumbList\",\"@id\":\"https:\/\/cfobelgium.be\/en\/services\/outsourced-administrative-support\/#breadcrumb\",\"itemListElement\":[{\"@type\":\"ListItem\",\"position\":1,\"name\":\"Accueil\",\"item\":\"https:\/\/cfobelgium.be\/en\/\"},{\"@type\":\"ListItem\",\"position\":2,\"name\":\"Services\",\"item\":\"https:\/\/cfobelgium.be\/en\/services\/\"},{\"@type\":\"ListItem\",\"position\":3,\"name\":\"Administrative support\"}]},{\"@type\":\"WebSite\",\"@id\":\"https:\/\/cfobelgium.be\/en\/#website\",\"url\":\"https:\/\/cfobelgium.be\/en\/\",\"name\":\"cfo\",\"description\":\"Comptabilit\u00e9 - fiscalit\u00e9\",\"potentialAction\":[{\"@type\":\"SearchAction\",\"target\":{\"@type\":\"EntryPoint\",\"urlTemplate\":\"https:\/\/cfobelgium.be\/en\/?s={search_term_string}\"},\"query-input\":{\"@type\":\"PropertyValueSpecification\",\"valueRequired\":true,\"valueName\":\"search_term_string\"}}],\"inLanguage\":\"en-US\"}]}<\/script>\n<!-- \/ Yoast SEO plugin. -->","yoast_head_json":{"title":"Administrative support - cfo","robots":{"index":"index","follow":"follow","max-snippet":"max-snippet:-1","max-image-preview":"max-image-preview:large","max-video-preview":"max-video-preview:-1"},"canonical":"https:\/\/cfobelgium.be\/en\/services\/outsourced-administrative-support\/","og_locale":"en_US","og_type":"article","og_title":"Administrative support - cfo","og_description":"Administrative formalities, practical organisation and meeting follow-up, processing of official documents. Rigorous implementation and follow-up. Confidentiality maintained at all times.","og_url":"https:\/\/cfobelgium.be\/en\/services\/outsourced-administrative-support\/","og_site_name":"cfo","article_modified_time":"2020-03-25T10:28:56+00:00","og_image":[{"width":1400,"height":933,"url":"https:\/\/cfobelgium.be\/wp-content\/uploads\/2020\/03\/ADE_3235BD_DxO.jpg","type":"image\/jpeg"}],"twitter_card":"summary_large_image","twitter_misc":{"Est. reading time":"1 minute"},"schema":{"@context":"https:\/\/schema.org","@graph":[{"@type":"WebPage","@id":"https:\/\/cfobelgium.be\/en\/services\/outsourced-administrative-support\/","url":"https:\/\/cfobelgium.be\/en\/services\/outsourced-administrative-support\/","name":"Administrative support - cfo","isPartOf":{"@id":"https:\/\/cfobelgium.be\/en\/#website"},"primaryImageOfPage":{"@id":"https:\/\/cfobelgium.be\/en\/services\/outsourced-administrative-support\/#primaryimage"},"image":{"@id":"https:\/\/cfobelgium.be\/en\/services\/outsourced-administrative-support\/#primaryimage"},"thumbnailUrl":"https:\/\/cfobelgium.be\/wp-content\/uploads\/2020\/03\/ADE_3235BD_DxO.jpg","datePublished":"2020-03-07T13:42:13+00:00","dateModified":"2020-03-25T10:28:56+00:00","breadcrumb":{"@id":"https:\/\/cfobelgium.be\/en\/services\/outsourced-administrative-support\/#breadcrumb"},"inLanguage":"en-US","potentialAction":[{"@type":"ReadAction","target":["https:\/\/cfobelgium.be\/en\/services\/outsourced-administrative-support\/"]}]},{"@type":"ImageObject","inLanguage":"en-US","@id":"https:\/\/cfobelgium.be\/en\/services\/outsourced-administrative-support\/#primaryimage","url":"https:\/\/cfobelgium.be\/wp-content\/uploads\/2020\/03\/ADE_3235BD_DxO.jpg","contentUrl":"https:\/\/cfobelgium.be\/wp-content\/uploads\/2020\/03\/ADE_3235BD_DxO.jpg","width":1400,"height":933,"caption":"CFO Belgium, assistance administrative externalis\u00e9e pour les entreprises domicili\u00e9es ou non \u00e0 Bruxelles"},{"@type":"BreadcrumbList","@id":"https:\/\/cfobelgium.be\/en\/services\/outsourced-administrative-support\/#breadcrumb","itemListElement":[{"@type":"ListItem","position":1,"name":"Accueil","item":"https:\/\/cfobelgium.be\/en\/"},{"@type":"ListItem","position":2,"name":"Services","item":"https:\/\/cfobelgium.be\/en\/services\/"},{"@type":"ListItem","position":3,"name":"Administrative support"}]},{"@type":"WebSite","@id":"https:\/\/cfobelgium.be\/en\/#website","url":"https:\/\/cfobelgium.be\/en\/","name":"cfo","description":"Comptabilit\u00e9 - fiscalit\u00e9","potentialAction":[{"@type":"SearchAction","target":{"@type":"EntryPoint","urlTemplate":"https:\/\/cfobelgium.be\/en\/?s={search_term_string}"},"query-input":{"@type":"PropertyValueSpecification","valueRequired":true,"valueName":"search_term_string"}}],"inLanguage":"en-US"}]}},"coauthors":[],"author_meta":{"author_link":"https:\/\/cfobelgium.be\/en\/author\/fab\/","display_name":"Fabien Fauchet"},"relative_dates":{"created":"Posted 6 years ago","modified":"Updated 6 years ago"},"absolute_dates":{"created":"Posted on 07\/03\/2020","modified":"Updated on 25\/03\/2020"},"absolute_dates_time":{"created":"Posted on 07\/03\/2020 14:42","modified":"Updated on 25\/03\/2020 11:28"},"featured_img_caption":"","featured_img":"https:\/\/cfobelgium.be\/wp-content\/uploads\/2020\/03\/ADE_3235BD_DxO.jpg","series_order":"","jetpack_sharing_enabled":true,"_links":{"self":[{"href":"https:\/\/cfobelgium.be\/en\/wp-json\/wp\/v2\/pages\/280"}],"collection":[{"href":"https:\/\/cfobelgium.be\/en\/wp-json\/wp\/v2\/pages"}],"about":[{"href":"https:\/\/cfobelgium.be\/en\/wp-json\/wp\/v2\/types\/page"}],"author":[{"embeddable":true,"href":"https:\/\/cfobelgium.be\/en\/wp-json\/wp\/v2\/users\/3"}],"replies":[{"embeddable":true,"href":"https:\/\/cfobelgium.be\/en\/wp-json\/wp\/v2\/comments?post=280"}],"version-history":[{"count":11,"href":"https:\/\/cfobelgium.be\/en\/wp-json\/wp\/v2\/pages\/280\/revisions"}],"predecessor-version":[{"id":333,"href":"https:\/\/cfobelgium.be\/en\/wp-json\/wp\/v2\/pages\/280\/revisions\/333"}],"up":[{"embeddable":true,"href":"https:\/\/cfobelgium.be\/en\/wp-json\/wp\/v2\/pages\/268"}],"wp:featuredmedia":[{"embeddable":true,"href":"https:\/\/cfobelgium.be\/en\/wp-json\/wp\/v2\/media\/151"}],"wp:attachment":[{"href":"https:\/\/cfobelgium.be\/en\/wp-json\/wp\/v2\/media?parent=280"}],"wp:term":[{"taxonomy":"category","embeddable":true,"href":"https:\/\/cfobelgium.be\/en\/wp-json\/wp\/v2\/categories?post=280"},{"taxonomy":"post_tag","embeddable":true,"href":"https:\/\/cfobelgium.be\/en\/wp-json\/wp\/v2\/tags?post=280"}],"curies":[{"name":"wp","href":"https:\/\/api.w.org\/{rel}","templated":true}]}}