{"id":275,"date":"2020-03-07T14:41:11","date_gmt":"2020-03-07T13:41:11","guid":{"rendered":"https:\/\/cfobelgium.be\/services\/comptabilite-et-fiscalite-des-entreprises\/"},"modified":"2020-09-11T14:44:01","modified_gmt":"2020-09-11T12:44:01","slug":"company-accounts-and-taxation","status":"publish","type":"page","link":"https:\/\/cfobelgium.be\/en\/services\/company-accounts-and-taxation\/","title":{"rendered":"Experts in company accounts and taxation"},"content":{"rendered":"\n<p> <strong><em>Accounting and tax solutions to optimise your results\u00a0<\/em><\/strong><\/p>\n\n\n\n<h2 class=\"wp-block-heading\">Accounting and account management&nbsp; <\/h2>\n\n\n\n<p>How your accounts are kept and organised plays a critical role in your business. CFO Belgium is your trusted partner for handling your accounting tasks and maximising your account management.<\/p>\n\n\n\n<p>Accounting and tax services that require a professional accreditation are performed among the CFO Belgium Group by professionals duly chartered in Belgium for the provision of such services (i.e. Administration T&amp;A SRL, professional accreditation IPCF n\u00b070441905)<\/p>\n\n\n\n<h3 class=\"wp-block-heading\">Legal accounting formalities&nbsp; <\/h3>\n\n\n\n<ul><li>Processing and analysis of accounting supporting documents<\/li><li>Preparing (or revising) and filing annual accounts and other mandatory information under the NBB format <\/li><li>Preparing financial reports (annual report, management report on contributions in kind, on merger proposals, demerger proposals, etc.)<\/li><li>Preparing interim financial statements<\/li><\/ul>\n\n\n\n<h3 class=\"wp-block-heading\">Accounting as management tool<\/h3>\n\n\n\n<ul><li>Improvement strategies for accounting situation and accounting management<\/li><li>Preparing reports and performance scorecards<\/li><li>Drafting business plans<\/li><li>Accounting translation of business activities and of non-standard transactions (restructuring, etc.)<\/li><\/ul>\n\n\n\n<h2 class=\"wp-block-heading\">Taxation and tax optimisation<\/h2>\n\n\n\n<p>The success of your business depends partly on rigorous management and bespoke advice on taxation. CFO Belgium is your preferred partner, giving you sound advice and concrete solutions. You can rely on the expertise of our tax specialists to permanently improve your tax situation.<\/p>\n\n\n\n<h3 class=\"wp-block-heading\">Tax formalities&nbsp;<\/h3>\n\n\n\n<ul><li>Various taxation formalities: tax returns, withholding tax, early payments, tax statements etc.<\/li><li>VAT formalities: registration, periodic returns, customer listings, intra-Community statements, cessation of activity declarations etc.<\/li><li>Representing and defending companies\u2019 interests in the event of a tax inspection.<\/li><\/ul>\n\n\n\n<h3 class=\"wp-block-heading\">Tax optimisation and tax advice<\/h3>\n\n\n\n<ul><li>Tax advice throughout a company&#8217;s lifecycle: creation, merger, split, opening a subsidiary, funds transfer or transfer of operations.<\/li><li>Tax planning: deductibility, pay, taxable and non-taxable benefits.<\/li><li>Asset structuring: asset and financial strategy.<\/li><\/ul>\n\n\n\n<h2 class=\"wp-block-heading\">Personal, dedicated support, a single point of contact<\/h2>\n\n\n\n<p>The team at CFO Belgium manages a portfolio of clients who operate nationally and internationally. To enable us to give you bespoke advice, we have deliberately chosen a family-type structure. In other words, a structure that assures you of a single contact who understands all the ins and outs of your accounting and tax situation. A trusted contact person whose interaction with you benefits the continuity and profitability of your operations.<br><\/p>\n\n\n\n<figure class=\"wp-block-gallery columns-2 is-cropped wp-block-gallery-1\"><ul class=\"blocks-gallery-grid\"><li class=\"blocks-gallery-item\"><figure><a href=\"https:\/\/cfobelgium.be\/wp-content\/uploads\/2020\/03\/ADE_3229BD_DxO-1024x682.jpg\"><img loading=\"lazy\" decoding=\"async\" width=\"1024\" height=\"682\" src=\"https:\/\/cfobelgium.be\/wp-content\/uploads\/2020\/03\/ADE_3229BD_DxO-1024x682.jpg\" alt=\"\" data-id=\"190\" data-link=\"https:\/\/cfobelgium.be\/services\/comptabilite-et-fiscalite-des-entreprises\/ade_3229bd_dxo\/\" class=\"wp-image-190\" srcset=\"https:\/\/cfobelgium.be\/wp-content\/uploads\/2020\/03\/ADE_3229BD_DxO-1024x682.jpg 1024w, https:\/\/cfobelgium.be\/wp-content\/uploads\/2020\/03\/ADE_3229BD_DxO-300x200.jpg 300w, https:\/\/cfobelgium.be\/wp-content\/uploads\/2020\/03\/ADE_3229BD_DxO-768x512.jpg 768w, https:\/\/cfobelgium.be\/wp-content\/uploads\/2020\/03\/ADE_3229BD_DxO-400x267.jpg 400w, https:\/\/cfobelgium.be\/wp-content\/uploads\/2020\/03\/ADE_3229BD_DxO-500x333.jpg 500w, https:\/\/cfobelgium.be\/wp-content\/uploads\/2020\/03\/ADE_3229BD_DxO.jpg 1400w\" sizes=\"(max-width: 1024px) 100vw, 1024px\" \/><\/a><\/figure><\/li><li class=\"blocks-gallery-item\"><figure><a href=\"https:\/\/cfobelgium.be\/wp-content\/uploads\/2020\/03\/ADE_3247BD_DxO.jpg\"><img loading=\"lazy\" decoding=\"async\" width=\"1024\" height=\"682\" src=\"https:\/\/cfobelgium.be\/wp-content\/uploads\/2020\/03\/ADE_3247BD_DxO-1024x682.jpg\" alt=\"\" data-id=\"193\" data-full-url=\"https:\/\/cfobelgium.be\/wp-content\/uploads\/2020\/03\/ADE_3247BD_DxO.jpg\" data-link=\"https:\/\/cfobelgium.be\/services\/comptabilite-et-fiscalite-des-entreprises\/ade_3247bd_dxo\/\" class=\"wp-image-193 is-layout-flex wp-block-gallery-is-layout-flex\" srcset=\"https:\/\/cfobelgium.be\/wp-content\/uploads\/2020\/03\/ADE_3247BD_DxO-1024x682.jpg 1024w, https:\/\/cfobelgium.be\/wp-content\/uploads\/2020\/03\/ADE_3247BD_DxO-300x200.jpg 300w, https:\/\/cfobelgium.be\/wp-content\/uploads\/2020\/03\/ADE_3247BD_DxO-768x512.jpg 768w, https:\/\/cfobelgium.be\/wp-content\/uploads\/2020\/03\/ADE_3247BD_DxO-400x267.jpg 400w, https:\/\/cfobelgium.be\/wp-content\/uploads\/2020\/03\/ADE_3247BD_DxO-500x333.jpg 500w, https:\/\/cfobelgium.be\/wp-content\/uploads\/2020\/03\/ADE_3247BD_DxO.jpg 1400w\" sizes=\"(max-width: 1024px) 100vw, 1024px\" \/><\/a><\/figure><\/li><\/ul><\/figure>\n","protected":false},"excerpt":{"rendered":"<p>Handling your accounts and taxes and advising you on how to optimise your tax situation. Services and advice from certified accountants and tax experts. Find out more<\/p>\n","protected":false},"author":3,"featured_media":159,"parent":268,"menu_order":0,"comment_status":"closed","ping_status":"closed","template":"page-category.php","meta":{"_acf_changed":false,"advgb_blocks_editor_width":"","advgb_blocks_columns_visual_guide":"","footnotes":""},"categories":[10],"tags":[],"acf":[],"yoast_head":"<!-- This site is optimized with the Yoast SEO plugin v24.5 - https:\/\/yoast.com\/wordpress\/plugins\/seo\/ -->\n<title>Experts in company accounts and taxation - cfo<\/title>\n<meta name=\"robots\" content=\"index, follow, max-snippet:-1, max-image-preview:large, max-video-preview:-1\" \/>\n<link rel=\"canonical\" href=\"https:\/\/cfobelgium.be\/en\/services\/company-accounts-and-taxation\/\" \/>\n<meta property=\"og:locale\" content=\"en_US\" \/>\n<meta property=\"og:type\" content=\"article\" \/>\n<meta property=\"og:title\" content=\"Experts in company accounts and taxation - cfo\" \/>\n<meta property=\"og:description\" content=\"Handling your accounts and taxes and advising you on how to optimise your tax situation. Services and advice from certified accountants and tax experts. Find out more\" \/>\n<meta property=\"og:url\" content=\"https:\/\/cfobelgium.be\/en\/services\/company-accounts-and-taxation\/\" \/>\n<meta property=\"og:site_name\" content=\"cfo\" \/>\n<meta property=\"article:modified_time\" content=\"2020-09-11T12:44:01+00:00\" \/>\n<meta property=\"og:image\" content=\"https:\/\/cfobelgium.be\/wp-content\/uploads\/2020\/03\/ADE_3186BD_DxO.jpg\" \/>\n\t<meta property=\"og:image:width\" content=\"1400\" \/>\n\t<meta property=\"og:image:height\" content=\"933\" \/>\n\t<meta property=\"og:image:type\" content=\"image\/jpeg\" \/>\n<meta name=\"twitter:card\" content=\"summary_large_image\" \/>\n<meta name=\"twitter:label1\" content=\"Est. reading time\" \/>\n\t<meta name=\"twitter:data1\" content=\"2 minutes\" \/>\n<script type=\"application\/ld+json\" class=\"yoast-schema-graph\">{\"@context\":\"https:\/\/schema.org\",\"@graph\":[{\"@type\":\"WebPage\",\"@id\":\"https:\/\/cfobelgium.be\/en\/services\/company-accounts-and-taxation\/\",\"url\":\"https:\/\/cfobelgium.be\/en\/services\/company-accounts-and-taxation\/\",\"name\":\"Experts in company accounts and taxation - cfo\",\"isPartOf\":{\"@id\":\"https:\/\/cfobelgium.be\/en\/#website\"},\"primaryImageOfPage\":{\"@id\":\"https:\/\/cfobelgium.be\/en\/services\/company-accounts-and-taxation\/#primaryimage\"},\"image\":{\"@id\":\"https:\/\/cfobelgium.be\/en\/services\/company-accounts-and-taxation\/#primaryimage\"},\"thumbnailUrl\":\"https:\/\/cfobelgium.be\/wp-content\/uploads\/2020\/03\/ADE_3186BD_DxO.jpg\",\"datePublished\":\"2020-03-07T13:41:11+00:00\",\"dateModified\":\"2020-09-11T12:44:01+00:00\",\"breadcrumb\":{\"@id\":\"https:\/\/cfobelgium.be\/en\/services\/company-accounts-and-taxation\/#breadcrumb\"},\"inLanguage\":\"en-US\",\"potentialAction\":[{\"@type\":\"ReadAction\",\"target\":[\"https:\/\/cfobelgium.be\/en\/services\/company-accounts-and-taxation\/\"]}]},{\"@type\":\"ImageObject\",\"inLanguage\":\"en-US\",\"@id\":\"https:\/\/cfobelgium.be\/en\/services\/company-accounts-and-taxation\/#primaryimage\",\"url\":\"https:\/\/cfobelgium.be\/wp-content\/uploads\/2020\/03\/ADE_3186BD_DxO.jpg\",\"contentUrl\":\"https:\/\/cfobelgium.be\/wp-content\/uploads\/2020\/03\/ADE_3186BD_DxO.jpg\",\"width\":1400,\"height\":933,\"caption\":\"CFO Belgium, bureau de comptabilit\u00e9 et fiscalit\u00e9 \u00e0 Bruxelles. Formalit\u00e9s comptables et fiscale. Optimisation et conseils fiscaux.\"},{\"@type\":\"BreadcrumbList\",\"@id\":\"https:\/\/cfobelgium.be\/en\/services\/company-accounts-and-taxation\/#breadcrumb\",\"itemListElement\":[{\"@type\":\"ListItem\",\"position\":1,\"name\":\"Accueil\",\"item\":\"https:\/\/cfobelgium.be\/en\/\"},{\"@type\":\"ListItem\",\"position\":2,\"name\":\"Services\",\"item\":\"https:\/\/cfobelgium.be\/en\/services\/\"},{\"@type\":\"ListItem\",\"position\":3,\"name\":\"Experts in company accounts and taxation\"}]},{\"@type\":\"WebSite\",\"@id\":\"https:\/\/cfobelgium.be\/en\/#website\",\"url\":\"https:\/\/cfobelgium.be\/en\/\",\"name\":\"cfo\",\"description\":\"Comptabilit\u00e9 - fiscalit\u00e9\",\"potentialAction\":[{\"@type\":\"SearchAction\",\"target\":{\"@type\":\"EntryPoint\",\"urlTemplate\":\"https:\/\/cfobelgium.be\/en\/?s={search_term_string}\"},\"query-input\":{\"@type\":\"PropertyValueSpecification\",\"valueRequired\":true,\"valueName\":\"search_term_string\"}}],\"inLanguage\":\"en-US\"}]}<\/script>\n<!-- \/ Yoast SEO plugin. -->","yoast_head_json":{"title":"Experts in company accounts and taxation - cfo","robots":{"index":"index","follow":"follow","max-snippet":"max-snippet:-1","max-image-preview":"max-image-preview:large","max-video-preview":"max-video-preview:-1"},"canonical":"https:\/\/cfobelgium.be\/en\/services\/company-accounts-and-taxation\/","og_locale":"en_US","og_type":"article","og_title":"Experts in company accounts and taxation - cfo","og_description":"Handling your accounts and taxes and advising you on how to optimise your tax situation. Services and advice from certified accountants and tax experts. Find out more","og_url":"https:\/\/cfobelgium.be\/en\/services\/company-accounts-and-taxation\/","og_site_name":"cfo","article_modified_time":"2020-09-11T12:44:01+00:00","og_image":[{"width":1400,"height":933,"url":"https:\/\/cfobelgium.be\/wp-content\/uploads\/2020\/03\/ADE_3186BD_DxO.jpg","type":"image\/jpeg"}],"twitter_card":"summary_large_image","twitter_misc":{"Est. reading time":"2 minutes"},"schema":{"@context":"https:\/\/schema.org","@graph":[{"@type":"WebPage","@id":"https:\/\/cfobelgium.be\/en\/services\/company-accounts-and-taxation\/","url":"https:\/\/cfobelgium.be\/en\/services\/company-accounts-and-taxation\/","name":"Experts in company accounts and taxation - cfo","isPartOf":{"@id":"https:\/\/cfobelgium.be\/en\/#website"},"primaryImageOfPage":{"@id":"https:\/\/cfobelgium.be\/en\/services\/company-accounts-and-taxation\/#primaryimage"},"image":{"@id":"https:\/\/cfobelgium.be\/en\/services\/company-accounts-and-taxation\/#primaryimage"},"thumbnailUrl":"https:\/\/cfobelgium.be\/wp-content\/uploads\/2020\/03\/ADE_3186BD_DxO.jpg","datePublished":"2020-03-07T13:41:11+00:00","dateModified":"2020-09-11T12:44:01+00:00","breadcrumb":{"@id":"https:\/\/cfobelgium.be\/en\/services\/company-accounts-and-taxation\/#breadcrumb"},"inLanguage":"en-US","potentialAction":[{"@type":"ReadAction","target":["https:\/\/cfobelgium.be\/en\/services\/company-accounts-and-taxation\/"]}]},{"@type":"ImageObject","inLanguage":"en-US","@id":"https:\/\/cfobelgium.be\/en\/services\/company-accounts-and-taxation\/#primaryimage","url":"https:\/\/cfobelgium.be\/wp-content\/uploads\/2020\/03\/ADE_3186BD_DxO.jpg","contentUrl":"https:\/\/cfobelgium.be\/wp-content\/uploads\/2020\/03\/ADE_3186BD_DxO.jpg","width":1400,"height":933,"caption":"CFO Belgium, bureau de comptabilit\u00e9 et fiscalit\u00e9 \u00e0 Bruxelles. Formalit\u00e9s comptables et fiscale. Optimisation et conseils fiscaux."},{"@type":"BreadcrumbList","@id":"https:\/\/cfobelgium.be\/en\/services\/company-accounts-and-taxation\/#breadcrumb","itemListElement":[{"@type":"ListItem","position":1,"name":"Accueil","item":"https:\/\/cfobelgium.be\/en\/"},{"@type":"ListItem","position":2,"name":"Services","item":"https:\/\/cfobelgium.be\/en\/services\/"},{"@type":"ListItem","position":3,"name":"Experts in company accounts and taxation"}]},{"@type":"WebSite","@id":"https:\/\/cfobelgium.be\/en\/#website","url":"https:\/\/cfobelgium.be\/en\/","name":"cfo","description":"Comptabilit\u00e9 - fiscalit\u00e9","potentialAction":[{"@type":"SearchAction","target":{"@type":"EntryPoint","urlTemplate":"https:\/\/cfobelgium.be\/en\/?s={search_term_string}"},"query-input":{"@type":"PropertyValueSpecification","valueRequired":true,"valueName":"search_term_string"}}],"inLanguage":"en-US"}]}},"coauthors":[],"author_meta":{"author_link":"https:\/\/cfobelgium.be\/en\/author\/fab\/","display_name":"Fabien Fauchet"},"relative_dates":{"created":"Posted 6 years ago","modified":"Updated 6 years ago"},"absolute_dates":{"created":"Posted on 07\/03\/2020","modified":"Updated on 11\/09\/2020"},"absolute_dates_time":{"created":"Posted on 07\/03\/2020 14:41","modified":"Updated on 11\/09\/2020 14:44"},"featured_img_caption":"","featured_img":"https:\/\/cfobelgium.be\/wp-content\/uploads\/2020\/03\/ADE_3186BD_DxO.jpg","series_order":"","jetpack_sharing_enabled":true,"_links":{"self":[{"href":"https:\/\/cfobelgium.be\/en\/wp-json\/wp\/v2\/pages\/275"}],"collection":[{"href":"https:\/\/cfobelgium.be\/en\/wp-json\/wp\/v2\/pages"}],"about":[{"href":"https:\/\/cfobelgium.be\/en\/wp-json\/wp\/v2\/types\/page"}],"author":[{"embeddable":true,"href":"https:\/\/cfobelgium.be\/en\/wp-json\/wp\/v2\/users\/3"}],"replies":[{"embeddable":true,"href":"https:\/\/cfobelgium.be\/en\/wp-json\/wp\/v2\/comments?post=275"}],"version-history":[{"count":6,"href":"https:\/\/cfobelgium.be\/en\/wp-json\/wp\/v2\/pages\/275\/revisions"}],"predecessor-version":[{"id":542,"href":"https:\/\/cfobelgium.be\/en\/wp-json\/wp\/v2\/pages\/275\/revisions\/542"}],"up":[{"embeddable":true,"href":"https:\/\/cfobelgium.be\/en\/wp-json\/wp\/v2\/pages\/268"}],"wp:featuredmedia":[{"embeddable":true,"href":"https:\/\/cfobelgium.be\/en\/wp-json\/wp\/v2\/media\/159"}],"wp:attachment":[{"href":"https:\/\/cfobelgium.be\/en\/wp-json\/wp\/v2\/media?parent=275"}],"wp:term":[{"taxonomy":"category","embeddable":true,"href":"https:\/\/cfobelgium.be\/en\/wp-json\/wp\/v2\/categories?post=275"},{"taxonomy":"post_tag","embeddable":true,"href":"https:\/\/cfobelgium.be\/en\/wp-json\/wp\/v2\/tags?post=275"}],"curies":[{"name":"wp","href":"https:\/\/api.w.org\/{rel}","templated":true}]}}